{"id":7680,"date":"2026-01-22T09:46:26","date_gmt":"2026-01-22T09:46:26","guid":{"rendered":"https:\/\/casualplay.com\/?post_type=product&#038;p=7680"},"modified":"2026-04-27T07:59:19","modified_gmt":"2026-04-27T07:59:19","slug":"munich-mun63-i-size-copia","status":"publish","type":"product","link":"https:\/\/casualplay.com\/es\/producto\/munich-mun63-i-size-copia\/","title":{"rendered":"Munich Mun63 i-size"},"content":{"rendered":"","protected":false},"excerpt":{"rendered":"<p class=\"p1\">Para los m\u00e1s mayores, la opcion m\u00e1s pr\u00e1ctica de Munich: confort con triple acolchado, frescura con tejidos 3D y seguridad Isofix con la garant\u00eda ECE-R 129. Viajar con ni\u00f1os nunca fu\u00e9 tan f\u00e1cil.<\/p>\n","protected":false},"featured_media":7661,"comment_status":"closed","ping_status":"closed","template":"","meta":{"_acf_changed":false},"product_brand":[319],"product_cat":[337,38,53],"product_tag":[323,338,364,365],"class_list":{"0":"post-7680","1":"product","2":"type-product","3":"status-publish","4":"has-post-thumbnail","6":"product_brand-munich","7":"product_cat-munich","8":"product_cat-sillas-de-coche","9":"product_cat-ninos","10":"product_tag-isofix","11":"product_tag-munich","12":"product_tag-silla-coche","13":"product_tag-silla-munich","15":"first","16":"instock","17":"purchasable","18":"product-type-simple"},"acf":[],"yoast_head":"<!-- This site is optimized with the Yoast SEO plugin v27.5 - https:\/\/yoast.com\/product\/yoast-seo-wordpress\/ -->\n<title>Coj\u00edn elevador Munich Mun63 - Casualplay<\/title>\n<meta name=\"description\" content=\"Para los m\u00e1s mayores, la opcion m\u00e1s pr\u00e1ctica de Munich: confort con triple acolchado, frescura con tejidos 3D y seguridad Isofix con la garant\u00eda ECE-R 129. Viajar con ni\u00f1os nunca fu\u00e9 tan f\u00e1cil.\" \/>\n<meta name=\"robots\" content=\"index, follow, max-snippet:-1, max-image-preview:large, max-video-preview:-1\" \/>\n<link rel=\"canonical\" href=\"https:\/\/casualplay.com\/es\/producto\/munich-mun63-i-size-copia\/\" \/>\n<meta property=\"og:locale\" content=\"es_ES\" \/>\n<meta property=\"og:type\" content=\"article\" \/>\n<meta property=\"og:title\" content=\"Silla de coche Mun60 i-size de Munich\" \/>\n<meta property=\"og:description\" content=\"Silla giratoria de 40 a a150 cm, a contramarcha hasta los 4 a\u00f1os. Acompa\u00f1ar\u00e1 a tu hijo desde el nacimiento hasta los 12 a\u00f1os\" \/>\n<meta property=\"og:url\" content=\"https:\/\/casualplay.com\/es\/producto\/munich-mun63-i-size-copia\/\" \/>\n<meta property=\"og:site_name\" content=\"Casualplay\" \/>\n<meta property=\"article:modified_time\" content=\"2026-04-27T07:59:19+00:00\" \/>\n<meta property=\"og:image\" content=\"https:\/\/casualplay.com\/wp-content\/uploads\/MUN-63.webp\" \/>\n\t<meta property=\"og:image:width\" content=\"1000\" \/>\n\t<meta property=\"og:image:height\" content=\"1144\" \/>\n\t<meta property=\"og:image:type\" content=\"image\/webp\" \/>\n<meta name=\"twitter:card\" content=\"summary_large_image\" \/>\n<meta name=\"twitter:label1\" content=\"Tiempo de lectura\" \/>\n\t<meta name=\"twitter:data1\" content=\"1 minuto\" \/>\n<script type=\"application\/ld+json\" class=\"yoast-schema-graph\">{\"@context\":\"https:\\\/\\\/schema.org\",\"@graph\":[{\"@type\":\"WebPage\",\"@id\":\"https:\\\/\\\/casualplay.com\\\/es\\\/producto\\\/munich-mun63-i-size-copia\\\/\",\"url\":\"https:\\\/\\\/casualplay.com\\\/es\\\/producto\\\/munich-mun63-i-size-copia\\\/\",\"name\":\"Coj\u00edn elevador Munich Mun63 - Casualplay\",\"isPartOf\":{\"@id\":\"https:\\\/\\\/casualplay.com\\\/es\\\/#website\"},\"primaryImageOfPage\":{\"@id\":\"https:\\\/\\\/casualplay.com\\\/es\\\/producto\\\/munich-mun63-i-size-copia\\\/#primaryimage\"},\"image\":{\"@id\":\"https:\\\/\\\/casualplay.com\\\/es\\\/producto\\\/munich-mun63-i-size-copia\\\/#primaryimage\"},\"thumbnailUrl\":\"https:\\\/\\\/casualplay.com\\\/wp-content\\\/uploads\\\/MUN-63.webp\",\"datePublished\":\"2026-01-22T09:46:26+00:00\",\"dateModified\":\"2026-04-27T07:59:19+00:00\",\"description\":\"Para los m\u00e1s mayores, la opcion m\u00e1s pr\u00e1ctica de Munich: confort con triple acolchado, frescura con tejidos 3D y seguridad Isofix con la garant\u00eda ECE-R 129. Viajar con ni\u00f1os nunca fu\u00e9 tan f\u00e1cil.\",\"breadcrumb\":{\"@id\":\"https:\\\/\\\/casualplay.com\\\/es\\\/producto\\\/munich-mun63-i-size-copia\\\/#breadcrumb\"},\"inLanguage\":\"es\",\"potentialAction\":[{\"@type\":\"ReadAction\",\"target\":[\"https:\\\/\\\/casualplay.com\\\/es\\\/producto\\\/munich-mun63-i-size-copia\\\/\"]}]},{\"@type\":\"ImageObject\",\"inLanguage\":\"es\",\"@id\":\"https:\\\/\\\/casualplay.com\\\/es\\\/producto\\\/munich-mun63-i-size-copia\\\/#primaryimage\",\"url\":\"https:\\\/\\\/casualplay.com\\\/wp-content\\\/uploads\\\/MUN-63.webp\",\"contentUrl\":\"https:\\\/\\\/casualplay.com\\\/wp-content\\\/uploads\\\/MUN-63.webp\",\"width\":1000,\"height\":1144},{\"@type\":\"BreadcrumbList\",\"@id\":\"https:\\\/\\\/casualplay.com\\\/es\\\/producto\\\/munich-mun63-i-size-copia\\\/#breadcrumb\",\"itemListElement\":[{\"@type\":\"ListItem\",\"position\":1,\"name\":\"Portada\",\"item\":\"https:\\\/\\\/casualplay.com\\\/es\\\/\"},{\"@type\":\"ListItem\",\"position\":2,\"name\":\"Tienda\",\"item\":\"https:\\\/\\\/casualplay.com\\\/es\\\/tienda\\\/\"},{\"@type\":\"ListItem\",\"position\":3,\"name\":\"Munich Mun63 i-size\"}]},{\"@type\":\"WebSite\",\"@id\":\"https:\\\/\\\/casualplay.com\\\/es\\\/#website\",\"url\":\"https:\\\/\\\/casualplay.com\\\/es\\\/\",\"name\":\"Casualplay\",\"description\":\"Making Life Fun\",\"publisher\":{\"@id\":\"https:\\\/\\\/casualplay.com\\\/es\\\/#organization\"},\"potentialAction\":[{\"@type\":\"SearchAction\",\"target\":{\"@type\":\"EntryPoint\",\"urlTemplate\":\"https:\\\/\\\/casualplay.com\\\/es\\\/?s={search_term_string}\"},\"query-input\":{\"@type\":\"PropertyValueSpecification\",\"valueRequired\":true,\"valueName\":\"search_term_string\"}}],\"inLanguage\":\"es\"},{\"@type\":\"Organization\",\"@id\":\"https:\\\/\\\/casualplay.com\\\/es\\\/#organization\",\"name\":\"Casualplay\",\"url\":\"https:\\\/\\\/casualplay.com\\\/es\\\/\",\"logo\":{\"@type\":\"ImageObject\",\"inLanguage\":\"es\",\"@id\":\"https:\\\/\\\/casualplay.com\\\/es\\\/#\\\/schema\\\/logo\\\/image\\\/\",\"url\":\"https:\\\/\\\/casualplay.com\\\/wp-content\\\/uploads\\\/logo-casualplay.png\",\"contentUrl\":\"https:\\\/\\\/casualplay.com\\\/wp-content\\\/uploads\\\/logo-casualplay.png\",\"width\":410,\"height\":82,\"caption\":\"Casualplay\"},\"image\":{\"@id\":\"https:\\\/\\\/casualplay.com\\\/es\\\/#\\\/schema\\\/logo\\\/image\\\/\"}}]}<\/script>\n<!-- \/ Yoast SEO plugin. -->","yoast_head_json":{"title":"Coj\u00edn elevador Munich Mun63 - Casualplay","description":"Para los m\u00e1s mayores, la opcion m\u00e1s pr\u00e1ctica de Munich: confort con triple acolchado, frescura con tejidos 3D y seguridad Isofix con la garant\u00eda ECE-R 129. Viajar con ni\u00f1os nunca fu\u00e9 tan f\u00e1cil.","robots":{"index":"index","follow":"follow","max-snippet":"max-snippet:-1","max-image-preview":"max-image-preview:large","max-video-preview":"max-video-preview:-1"},"canonical":"https:\/\/casualplay.com\/es\/producto\/munich-mun63-i-size-copia\/","og_locale":"es_ES","og_type":"article","og_title":"Silla de coche Mun60 i-size de Munich","og_description":"Silla giratoria de 40 a a150 cm, a contramarcha hasta los 4 a\u00f1os. Acompa\u00f1ar\u00e1 a tu hijo desde el nacimiento hasta los 12 a\u00f1os","og_url":"https:\/\/casualplay.com\/es\/producto\/munich-mun63-i-size-copia\/","og_site_name":"Casualplay","article_modified_time":"2026-04-27T07:59:19+00:00","og_image":[{"width":1000,"height":1144,"url":"https:\/\/casualplay.com\/wp-content\/uploads\/MUN-63.webp","type":"image\/webp"}],"twitter_card":"summary_large_image","twitter_misc":{"Tiempo de lectura":"1 minuto"},"schema":{"@context":"https:\/\/schema.org","@graph":[{"@type":"WebPage","@id":"https:\/\/casualplay.com\/es\/producto\/munich-mun63-i-size-copia\/","url":"https:\/\/casualplay.com\/es\/producto\/munich-mun63-i-size-copia\/","name":"Coj\u00edn elevador Munich Mun63 - Casualplay","isPartOf":{"@id":"https:\/\/casualplay.com\/es\/#website"},"primaryImageOfPage":{"@id":"https:\/\/casualplay.com\/es\/producto\/munich-mun63-i-size-copia\/#primaryimage"},"image":{"@id":"https:\/\/casualplay.com\/es\/producto\/munich-mun63-i-size-copia\/#primaryimage"},"thumbnailUrl":"https:\/\/casualplay.com\/wp-content\/uploads\/MUN-63.webp","datePublished":"2026-01-22T09:46:26+00:00","dateModified":"2026-04-27T07:59:19+00:00","description":"Para los m\u00e1s mayores, la opcion m\u00e1s pr\u00e1ctica de Munich: confort con triple acolchado, frescura con tejidos 3D y seguridad Isofix con la garant\u00eda ECE-R 129. Viajar con ni\u00f1os nunca fu\u00e9 tan f\u00e1cil.","breadcrumb":{"@id":"https:\/\/casualplay.com\/es\/producto\/munich-mun63-i-size-copia\/#breadcrumb"},"inLanguage":"es","potentialAction":[{"@type":"ReadAction","target":["https:\/\/casualplay.com\/es\/producto\/munich-mun63-i-size-copia\/"]}]},{"@type":"ImageObject","inLanguage":"es","@id":"https:\/\/casualplay.com\/es\/producto\/munich-mun63-i-size-copia\/#primaryimage","url":"https:\/\/casualplay.com\/wp-content\/uploads\/MUN-63.webp","contentUrl":"https:\/\/casualplay.com\/wp-content\/uploads\/MUN-63.webp","width":1000,"height":1144},{"@type":"BreadcrumbList","@id":"https:\/\/casualplay.com\/es\/producto\/munich-mun63-i-size-copia\/#breadcrumb","itemListElement":[{"@type":"ListItem","position":1,"name":"Portada","item":"https:\/\/casualplay.com\/es\/"},{"@type":"ListItem","position":2,"name":"Tienda","item":"https:\/\/casualplay.com\/es\/tienda\/"},{"@type":"ListItem","position":3,"name":"Munich Mun63 i-size"}]},{"@type":"WebSite","@id":"https:\/\/casualplay.com\/es\/#website","url":"https:\/\/casualplay.com\/es\/","name":"Casualplay","description":"Making Life Fun","publisher":{"@id":"https:\/\/casualplay.com\/es\/#organization"},"potentialAction":[{"@type":"SearchAction","target":{"@type":"EntryPoint","urlTemplate":"https:\/\/casualplay.com\/es\/?s={search_term_string}"},"query-input":{"@type":"PropertyValueSpecification","valueRequired":true,"valueName":"search_term_string"}}],"inLanguage":"es"},{"@type":"Organization","@id":"https:\/\/casualplay.com\/es\/#organization","name":"Casualplay","url":"https:\/\/casualplay.com\/es\/","logo":{"@type":"ImageObject","inLanguage":"es","@id":"https:\/\/casualplay.com\/es\/#\/schema\/logo\/image\/","url":"https:\/\/casualplay.com\/wp-content\/uploads\/logo-casualplay.png","contentUrl":"https:\/\/casualplay.com\/wp-content\/uploads\/logo-casualplay.png","width":410,"height":82,"caption":"Casualplay"},"image":{"@id":"https:\/\/casualplay.com\/es\/#\/schema\/logo\/image\/"}}]}},"_links":{"self":[{"href":"https:\/\/casualplay.com\/es\/wp-json\/wp\/v2\/product\/7680","targetHints":{"allow":["GET"]}}],"collection":[{"href":"https:\/\/casualplay.com\/es\/wp-json\/wp\/v2\/product"}],"about":[{"href":"https:\/\/casualplay.com\/es\/wp-json\/wp\/v2\/types\/product"}],"replies":[{"embeddable":true,"href":"https:\/\/casualplay.com\/es\/wp-json\/wp\/v2\/comments?post=7680"}],"wp:featuredmedia":[{"embeddable":true,"href":"https:\/\/casualplay.com\/es\/wp-json\/wp\/v2\/media\/7661"}],"wp:attachment":[{"href":"https:\/\/casualplay.com\/es\/wp-json\/wp\/v2\/media?parent=7680"}],"wp:term":[{"taxonomy":"product_brand","embeddable":true,"href":"https:\/\/casualplay.com\/es\/wp-json\/wp\/v2\/product_brand?post=7680"},{"taxonomy":"product_cat","embeddable":true,"href":"https:\/\/casualplay.com\/es\/wp-json\/wp\/v2\/product_cat?post=7680"},{"taxonomy":"product_tag","embeddable":true,"href":"https:\/\/casualplay.com\/es\/wp-json\/wp\/v2\/product_tag?post=7680"}],"curies":[{"name":"wp","href":"https:\/\/api.w.org\/{rel}","templated":true}]}}