{"id":7576,"date":"2025-12-01T14:32:00","date_gmt":"2025-12-01T14:32:00","guid":{"rendered":"https:\/\/casualplay.com\/?post_type=product&#038;p=7576"},"modified":"2026-03-20T07:04:23","modified_gmt":"2026-03-20T07:04:23","slug":"munich-mun61-i-size","status":"publish","type":"product","link":"https:\/\/casualplay.com\/es\/producto\/munich-mun61-i-size\/","title":{"rendered":"Munich Mun61 i-size"},"content":{"rendered":"","protected":false},"excerpt":{"rendered":"<p class=\"p1\"><span class=\"s1\">Llueva o brille el sol, nada os detendr\u00e1, Mun61 protege a tu hijo <strong>desde los 15 meses hasta los 12 a\u00f1os<\/strong>. Funda solar incorporada y comodidad superior pensada para cada viaje, grande o peque\u00f1o.<\/span><\/p>\n","protected":false},"featured_media":7584,"comment_status":"closed","ping_status":"closed","template":"","meta":{"_acf_changed":false},"product_brand":[319],"product_cat":[337,30,38],"product_tag":[323,336,338,364,365],"class_list":{"0":"post-7576","1":"product","2":"type-product","3":"status-publish","4":"has-post-thumbnail","6":"product_brand-munich","7":"product_cat-munich","8":"product_cat-universal","9":"product_cat-sillas-de-coche","10":"product_tag-isofix","11":"product_tag-reclinable","12":"product_tag-munich","13":"product_tag-silla-coche","14":"product_tag-silla-munich","16":"first","17":"instock","18":"purchasable","19":"product-type-simple"},"acf":[],"yoast_head":"<!-- This site is optimized with the Yoast SEO plugin v27.3 - https:\/\/yoast.com\/product\/yoast-seo-wordpress\/ -->\n<title>SIlla de coche Munich Mun61 - Casualplay<\/title>\n<meta name=\"description\" content=\"Silla evolutiva para viajar desde el nacimiento hasta los 12 a\u00f1os con los m\u00e1ximos niveles de seguridad y confort. Incorpora una funda solar antit\u00e9rmica.\" \/>\n<meta name=\"robots\" content=\"index, follow, max-snippet:-1, max-image-preview:large, max-video-preview:-1\" \/>\n<link rel=\"canonical\" href=\"https:\/\/casualplay.com\/es\/producto\/munich-mun61-i-size\/\" \/>\n<meta property=\"og:locale\" content=\"es_ES\" \/>\n<meta property=\"og:type\" content=\"article\" \/>\n<meta property=\"og:title\" content=\"Silla de coche Mun60 i-size de Munich\" \/>\n<meta property=\"og:description\" content=\"Silla giratoria de 40 a a150 cm, a contramarcha hasta los 4 a\u00f1os. Acompa\u00f1ar\u00e1 a tu hijo desde el nacimiento hasta los 12 a\u00f1os\" \/>\n<meta property=\"og:url\" content=\"https:\/\/casualplay.com\/es\/producto\/munich-mun61-i-size\/\" \/>\n<meta property=\"og:site_name\" content=\"Casualplay\" \/>\n<meta property=\"article:modified_time\" content=\"2026-03-20T07:04:23+00:00\" \/>\n<meta property=\"og:image\" content=\"https:\/\/casualplay.com\/wp-content\/uploads\/MUN-61-para-WEB-CASUAL-3-4.webp\" \/>\n\t<meta property=\"og:image:width\" content=\"1000\" \/>\n\t<meta property=\"og:image:height\" content=\"1144\" \/>\n\t<meta property=\"og:image:type\" content=\"image\/webp\" \/>\n<meta name=\"twitter:card\" content=\"summary_large_image\" \/>\n<meta name=\"twitter:label1\" content=\"Tiempo de lectura\" \/>\n\t<meta name=\"twitter:data1\" content=\"1 minuto\" \/>\n<script type=\"application\/ld+json\" class=\"yoast-schema-graph\">{\"@context\":\"https:\\\/\\\/schema.org\",\"@graph\":[{\"@type\":\"WebPage\",\"@id\":\"https:\\\/\\\/casualplay.com\\\/es\\\/producto\\\/munich-mun61-i-size\\\/\",\"url\":\"https:\\\/\\\/casualplay.com\\\/es\\\/producto\\\/munich-mun61-i-size\\\/\",\"name\":\"SIlla de coche Munich Mun61 - Casualplay\",\"isPartOf\":{\"@id\":\"https:\\\/\\\/casualplay.com\\\/es\\\/#website\"},\"primaryImageOfPage\":{\"@id\":\"https:\\\/\\\/casualplay.com\\\/es\\\/producto\\\/munich-mun61-i-size\\\/#primaryimage\"},\"image\":{\"@id\":\"https:\\\/\\\/casualplay.com\\\/es\\\/producto\\\/munich-mun61-i-size\\\/#primaryimage\"},\"thumbnailUrl\":\"https:\\\/\\\/casualplay.com\\\/wp-content\\\/uploads\\\/MUN-61-para-WEB-CASUAL-3-4.webp\",\"datePublished\":\"2025-12-01T14:32:00+00:00\",\"dateModified\":\"2026-03-20T07:04:23+00:00\",\"description\":\"Silla evolutiva para viajar desde el nacimiento hasta los 12 a\u00f1os con los m\u00e1ximos niveles de seguridad y confort. Incorpora una funda solar antit\u00e9rmica.\",\"breadcrumb\":{\"@id\":\"https:\\\/\\\/casualplay.com\\\/es\\\/producto\\\/munich-mun61-i-size\\\/#breadcrumb\"},\"inLanguage\":\"es\",\"potentialAction\":[{\"@type\":\"ReadAction\",\"target\":[\"https:\\\/\\\/casualplay.com\\\/es\\\/producto\\\/munich-mun61-i-size\\\/\"]}]},{\"@type\":\"ImageObject\",\"inLanguage\":\"es\",\"@id\":\"https:\\\/\\\/casualplay.com\\\/es\\\/producto\\\/munich-mun61-i-size\\\/#primaryimage\",\"url\":\"https:\\\/\\\/casualplay.com\\\/wp-content\\\/uploads\\\/MUN-61-para-WEB-CASUAL-3-4.webp\",\"contentUrl\":\"https:\\\/\\\/casualplay.com\\\/wp-content\\\/uploads\\\/MUN-61-para-WEB-CASUAL-3-4.webp\",\"width\":1000,\"height\":1144},{\"@type\":\"BreadcrumbList\",\"@id\":\"https:\\\/\\\/casualplay.com\\\/es\\\/producto\\\/munich-mun61-i-size\\\/#breadcrumb\",\"itemListElement\":[{\"@type\":\"ListItem\",\"position\":1,\"name\":\"Portada\",\"item\":\"https:\\\/\\\/casualplay.com\\\/es\\\/\"},{\"@type\":\"ListItem\",\"position\":2,\"name\":\"Tienda\",\"item\":\"https:\\\/\\\/casualplay.com\\\/es\\\/tienda\\\/\"},{\"@type\":\"ListItem\",\"position\":3,\"name\":\"Munich Mun61 i-size\"}]},{\"@type\":\"WebSite\",\"@id\":\"https:\\\/\\\/casualplay.com\\\/es\\\/#website\",\"url\":\"https:\\\/\\\/casualplay.com\\\/es\\\/\",\"name\":\"Casualplay\",\"description\":\"Making Life Fun\",\"publisher\":{\"@id\":\"https:\\\/\\\/casualplay.com\\\/es\\\/#organization\"},\"potentialAction\":[{\"@type\":\"SearchAction\",\"target\":{\"@type\":\"EntryPoint\",\"urlTemplate\":\"https:\\\/\\\/casualplay.com\\\/es\\\/?s={search_term_string}\"},\"query-input\":{\"@type\":\"PropertyValueSpecification\",\"valueRequired\":true,\"valueName\":\"search_term_string\"}}],\"inLanguage\":\"es\"},{\"@type\":\"Organization\",\"@id\":\"https:\\\/\\\/casualplay.com\\\/es\\\/#organization\",\"name\":\"Casualplay\",\"url\":\"https:\\\/\\\/casualplay.com\\\/es\\\/\",\"logo\":{\"@type\":\"ImageObject\",\"inLanguage\":\"es\",\"@id\":\"https:\\\/\\\/casualplay.com\\\/es\\\/#\\\/schema\\\/logo\\\/image\\\/\",\"url\":\"https:\\\/\\\/casualplay.com\\\/wp-content\\\/uploads\\\/logo-casualplay.png\",\"contentUrl\":\"https:\\\/\\\/casualplay.com\\\/wp-content\\\/uploads\\\/logo-casualplay.png\",\"width\":410,\"height\":82,\"caption\":\"Casualplay\"},\"image\":{\"@id\":\"https:\\\/\\\/casualplay.com\\\/es\\\/#\\\/schema\\\/logo\\\/image\\\/\"}}]}<\/script>\n<!-- \/ Yoast SEO plugin. -->","yoast_head_json":{"title":"SIlla de coche Munich Mun61 - Casualplay","description":"Silla evolutiva para viajar desde el nacimiento hasta los 12 a\u00f1os con los m\u00e1ximos niveles de seguridad y confort. Incorpora una funda solar antit\u00e9rmica.","robots":{"index":"index","follow":"follow","max-snippet":"max-snippet:-1","max-image-preview":"max-image-preview:large","max-video-preview":"max-video-preview:-1"},"canonical":"https:\/\/casualplay.com\/es\/producto\/munich-mun61-i-size\/","og_locale":"es_ES","og_type":"article","og_title":"Silla de coche Mun60 i-size de Munich","og_description":"Silla giratoria de 40 a a150 cm, a contramarcha hasta los 4 a\u00f1os. Acompa\u00f1ar\u00e1 a tu hijo desde el nacimiento hasta los 12 a\u00f1os","og_url":"https:\/\/casualplay.com\/es\/producto\/munich-mun61-i-size\/","og_site_name":"Casualplay","article_modified_time":"2026-03-20T07:04:23+00:00","og_image":[{"width":1000,"height":1144,"url":"https:\/\/casualplay.com\/wp-content\/uploads\/MUN-61-para-WEB-CASUAL-3-4.webp","type":"image\/webp"}],"twitter_card":"summary_large_image","twitter_misc":{"Tiempo de lectura":"1 minuto"},"schema":{"@context":"https:\/\/schema.org","@graph":[{"@type":"WebPage","@id":"https:\/\/casualplay.com\/es\/producto\/munich-mun61-i-size\/","url":"https:\/\/casualplay.com\/es\/producto\/munich-mun61-i-size\/","name":"SIlla de coche Munich Mun61 - Casualplay","isPartOf":{"@id":"https:\/\/casualplay.com\/es\/#website"},"primaryImageOfPage":{"@id":"https:\/\/casualplay.com\/es\/producto\/munich-mun61-i-size\/#primaryimage"},"image":{"@id":"https:\/\/casualplay.com\/es\/producto\/munich-mun61-i-size\/#primaryimage"},"thumbnailUrl":"https:\/\/casualplay.com\/wp-content\/uploads\/MUN-61-para-WEB-CASUAL-3-4.webp","datePublished":"2025-12-01T14:32:00+00:00","dateModified":"2026-03-20T07:04:23+00:00","description":"Silla evolutiva para viajar desde el nacimiento hasta los 12 a\u00f1os con los m\u00e1ximos niveles de seguridad y confort. Incorpora una funda solar antit\u00e9rmica.","breadcrumb":{"@id":"https:\/\/casualplay.com\/es\/producto\/munich-mun61-i-size\/#breadcrumb"},"inLanguage":"es","potentialAction":[{"@type":"ReadAction","target":["https:\/\/casualplay.com\/es\/producto\/munich-mun61-i-size\/"]}]},{"@type":"ImageObject","inLanguage":"es","@id":"https:\/\/casualplay.com\/es\/producto\/munich-mun61-i-size\/#primaryimage","url":"https:\/\/casualplay.com\/wp-content\/uploads\/MUN-61-para-WEB-CASUAL-3-4.webp","contentUrl":"https:\/\/casualplay.com\/wp-content\/uploads\/MUN-61-para-WEB-CASUAL-3-4.webp","width":1000,"height":1144},{"@type":"BreadcrumbList","@id":"https:\/\/casualplay.com\/es\/producto\/munich-mun61-i-size\/#breadcrumb","itemListElement":[{"@type":"ListItem","position":1,"name":"Portada","item":"https:\/\/casualplay.com\/es\/"},{"@type":"ListItem","position":2,"name":"Tienda","item":"https:\/\/casualplay.com\/es\/tienda\/"},{"@type":"ListItem","position":3,"name":"Munich Mun61 i-size"}]},{"@type":"WebSite","@id":"https:\/\/casualplay.com\/es\/#website","url":"https:\/\/casualplay.com\/es\/","name":"Casualplay","description":"Making Life Fun","publisher":{"@id":"https:\/\/casualplay.com\/es\/#organization"},"potentialAction":[{"@type":"SearchAction","target":{"@type":"EntryPoint","urlTemplate":"https:\/\/casualplay.com\/es\/?s={search_term_string}"},"query-input":{"@type":"PropertyValueSpecification","valueRequired":true,"valueName":"search_term_string"}}],"inLanguage":"es"},{"@type":"Organization","@id":"https:\/\/casualplay.com\/es\/#organization","name":"Casualplay","url":"https:\/\/casualplay.com\/es\/","logo":{"@type":"ImageObject","inLanguage":"es","@id":"https:\/\/casualplay.com\/es\/#\/schema\/logo\/image\/","url":"https:\/\/casualplay.com\/wp-content\/uploads\/logo-casualplay.png","contentUrl":"https:\/\/casualplay.com\/wp-content\/uploads\/logo-casualplay.png","width":410,"height":82,"caption":"Casualplay"},"image":{"@id":"https:\/\/casualplay.com\/es\/#\/schema\/logo\/image\/"}}]}},"_links":{"self":[{"href":"https:\/\/casualplay.com\/es\/wp-json\/wp\/v2\/product\/7576","targetHints":{"allow":["GET"]}}],"collection":[{"href":"https:\/\/casualplay.com\/es\/wp-json\/wp\/v2\/product"}],"about":[{"href":"https:\/\/casualplay.com\/es\/wp-json\/wp\/v2\/types\/product"}],"replies":[{"embeddable":true,"href":"https:\/\/casualplay.com\/es\/wp-json\/wp\/v2\/comments?post=7576"}],"wp:featuredmedia":[{"embeddable":true,"href":"https:\/\/casualplay.com\/es\/wp-json\/wp\/v2\/media\/7584"}],"wp:attachment":[{"href":"https:\/\/casualplay.com\/es\/wp-json\/wp\/v2\/media?parent=7576"}],"wp:term":[{"taxonomy":"product_brand","embeddable":true,"href":"https:\/\/casualplay.com\/es\/wp-json\/wp\/v2\/product_brand?post=7576"},{"taxonomy":"product_cat","embeddable":true,"href":"https:\/\/casualplay.com\/es\/wp-json\/wp\/v2\/product_cat?post=7576"},{"taxonomy":"product_tag","embeddable":true,"href":"https:\/\/casualplay.com\/es\/wp-json\/wp\/v2\/product_tag?post=7576"}],"curies":[{"name":"wp","href":"https:\/\/api.w.org\/{rel}","templated":true}]}}