{"id":7299,"date":"2025-09-24T12:10:01","date_gmt":"2025-09-24T12:10:01","guid":{"rendered":"https:\/\/casualplay.com\/?post_type=product&#038;p=7299"},"modified":"2026-04-14T11:40:06","modified_gmt":"2026-04-14T11:40:06","slug":"silla-de-coche-beat-i-size-de-0-a-12-anos-casualplay","status":"publish","type":"product","link":"https:\/\/casualplay.com\/es\/producto\/silla-de-coche-beat-i-size-de-0-a-12-anos-casualplay\/","title":{"rendered":"Beat i-size"},"content":{"rendered":"<ul>\n<li class=\"p1\"><span class=\"s2\">Seguridad sin concesiones: <\/span>Anclaje <span class=\"s4\">ISOFIX<\/span><span class=\"s2\"> y <\/span><span class=\"s4\">support leg<\/span><span class=\"s2\"> para una instalaci\u00f3n firme y estable.<\/span><\/li>\n<li class=\"p1\"><span class=\"s2\">M\u00e1ximo confort desde el primer d\u00eda: <\/span>su <span class=\"s4\">dise\u00f1o giratorio<\/span><span class=\"s2\"> facilita la colocaci\u00f3n del beb\u00e9, y su amplia reclinaci\u00f3n garantiza viajes c\u00f3modos en cada etapa.<\/span><\/li>\n<li class=\"p1\">Un compa\u00f1ero de viaje para toda la infancia: Desde el nacimiento hasta los 12 a\u00f1os, adapt\u00e1ndose a cada crecimiento.<\/li>\n<\/ul>\n<p><b>Beat i-size<\/b><span class=\"s2\"> vuelve para seguir protegiendo a las familias, con la misma esencia de siempre y la innovaci\u00f3n de hoy.<\/span><\/p>\n<p>&nbsp;<\/p>\n","protected":false},"excerpt":{"rendered":"<h3>La evoluci\u00f3n de un cl\u00e1sico<\/h3>\n<p>Beat, marc\u00f3 un antes y un despu\u00e9s en la seguridad infantil. Ahora, la Beat i-size regresa con la \u00faltima tecnolog\u00eda en sistemas de retenci\u00f3n infantil, evolucionando para proteger a una nueva generaci\u00f3n de ni\u00f1os desde los 40 cm hasta los 150 cm.<\/p>\n","protected":false},"featured_media":7344,"comment_status":"closed","ping_status":"closed","template":"","meta":{"_acf_changed":false},"product_brand":[],"product_cat":[30,38],"product_tag":[],"class_list":{"0":"post-7299","1":"product","2":"type-product","3":"status-publish","4":"has-post-thumbnail","6":"product_cat-universal","7":"product_cat-sillas-de-coche","9":"first","10":"instock","11":"featured","12":"purchasable","13":"product-type-simple"},"acf":[],"yoast_head":"<!-- This site is optimized with the Yoast SEO plugin v27.3 - https:\/\/yoast.com\/product\/yoast-seo-wordpress\/ -->\n<title>Beat i-size - Casualplay<\/title>\n<meta name=\"description\" content=\"Silla de coche Beat i-size: Giratoria, reclinable, i-Size. Seguridad y confort desde el nacimiento hasta los 12 a\u00f1os. Uso a contramarcha hasta los 4 a\u00f1os.\" \/>\n<meta name=\"robots\" content=\"index, follow, max-snippet:-1, max-image-preview:large, max-video-preview:-1\" \/>\n<link rel=\"canonical\" href=\"https:\/\/casualplay.com\/es\/producto\/silla-de-coche-beat-i-size-de-0-a-12-anos-casualplay\/\" \/>\n<meta property=\"og:locale\" content=\"es_ES\" \/>\n<meta property=\"og:type\" content=\"article\" \/>\n<meta property=\"og:title\" content=\"Silla de coche Beat i-Size de Casualplay\" \/>\n<meta property=\"og:description\" content=\"Silla de coche giratoria para ni\u00f1os de 0 a 12 a\u00f1os, con homologaci\u00f3n i-size para uso a contramarcha hasta los 4 a\u00f1os. Silla de coche reclinable.\" \/>\n<meta property=\"og:url\" content=\"https:\/\/casualplay.com\/es\/producto\/silla-de-coche-beat-i-size-de-0-a-12-anos-casualplay\/\" \/>\n<meta property=\"og:site_name\" content=\"Casualplay\" \/>\n<meta property=\"article:modified_time\" content=\"2026-04-14T11:40:06+00:00\" \/>\n<meta property=\"og:image\" content=\"https:\/\/casualplay.com\/wp-content\/uploads\/BEATi-SizeIMGNPrin-1.png\" \/>\n\t<meta property=\"og:image:width\" content=\"1000\" \/>\n\t<meta property=\"og:image:height\" content=\"1144\" \/>\n\t<meta property=\"og:image:type\" content=\"image\/png\" \/>\n<meta name=\"twitter:card\" content=\"summary_large_image\" \/>\n<meta name=\"twitter:label1\" content=\"Tiempo de lectura\" \/>\n\t<meta name=\"twitter:data1\" content=\"1 minuto\" \/>\n<script type=\"application\/ld+json\" class=\"yoast-schema-graph\">{\"@context\":\"https:\\\/\\\/schema.org\",\"@graph\":[{\"@type\":\"WebPage\",\"@id\":\"https:\\\/\\\/casualplay.com\\\/es\\\/producto\\\/silla-de-coche-beat-i-size-de-0-a-12-anos-casualplay\\\/\",\"url\":\"https:\\\/\\\/casualplay.com\\\/es\\\/producto\\\/silla-de-coche-beat-i-size-de-0-a-12-anos-casualplay\\\/\",\"name\":\"Beat i-size - Casualplay\",\"isPartOf\":{\"@id\":\"https:\\\/\\\/casualplay.com\\\/es\\\/#website\"},\"primaryImageOfPage\":{\"@id\":\"https:\\\/\\\/casualplay.com\\\/es\\\/producto\\\/silla-de-coche-beat-i-size-de-0-a-12-anos-casualplay\\\/#primaryimage\"},\"image\":{\"@id\":\"https:\\\/\\\/casualplay.com\\\/es\\\/producto\\\/silla-de-coche-beat-i-size-de-0-a-12-anos-casualplay\\\/#primaryimage\"},\"thumbnailUrl\":\"https:\\\/\\\/casualplay.com\\\/wp-content\\\/uploads\\\/BEATi-SizeIMGNPrin-1.png\",\"datePublished\":\"2025-09-24T12:10:01+00:00\",\"dateModified\":\"2026-04-14T11:40:06+00:00\",\"description\":\"Silla de coche Beat i-size: Giratoria, reclinable, i-Size. Seguridad y confort desde el nacimiento hasta los 12 a\u00f1os. Uso a contramarcha hasta los 4 a\u00f1os.\",\"breadcrumb\":{\"@id\":\"https:\\\/\\\/casualplay.com\\\/es\\\/producto\\\/silla-de-coche-beat-i-size-de-0-a-12-anos-casualplay\\\/#breadcrumb\"},\"inLanguage\":\"es\",\"potentialAction\":[{\"@type\":\"ReadAction\",\"target\":[\"https:\\\/\\\/casualplay.com\\\/es\\\/producto\\\/silla-de-coche-beat-i-size-de-0-a-12-anos-casualplay\\\/\"]}]},{\"@type\":\"ImageObject\",\"inLanguage\":\"es\",\"@id\":\"https:\\\/\\\/casualplay.com\\\/es\\\/producto\\\/silla-de-coche-beat-i-size-de-0-a-12-anos-casualplay\\\/#primaryimage\",\"url\":\"https:\\\/\\\/casualplay.com\\\/wp-content\\\/uploads\\\/BEATi-SizeIMGNPrin-1.png\",\"contentUrl\":\"https:\\\/\\\/casualplay.com\\\/wp-content\\\/uploads\\\/BEATi-SizeIMGNPrin-1.png\",\"width\":1000,\"height\":1144},{\"@type\":\"BreadcrumbList\",\"@id\":\"https:\\\/\\\/casualplay.com\\\/es\\\/producto\\\/silla-de-coche-beat-i-size-de-0-a-12-anos-casualplay\\\/#breadcrumb\",\"itemListElement\":[{\"@type\":\"ListItem\",\"position\":1,\"name\":\"Portada\",\"item\":\"https:\\\/\\\/casualplay.com\\\/es\\\/\"},{\"@type\":\"ListItem\",\"position\":2,\"name\":\"Tienda\",\"item\":\"https:\\\/\\\/casualplay.com\\\/es\\\/tienda\\\/\"},{\"@type\":\"ListItem\",\"position\":3,\"name\":\"Beat i-size\"}]},{\"@type\":\"WebSite\",\"@id\":\"https:\\\/\\\/casualplay.com\\\/es\\\/#website\",\"url\":\"https:\\\/\\\/casualplay.com\\\/es\\\/\",\"name\":\"Casualplay\",\"description\":\"Making Life Fun\",\"publisher\":{\"@id\":\"https:\\\/\\\/casualplay.com\\\/es\\\/#organization\"},\"potentialAction\":[{\"@type\":\"SearchAction\",\"target\":{\"@type\":\"EntryPoint\",\"urlTemplate\":\"https:\\\/\\\/casualplay.com\\\/es\\\/?s={search_term_string}\"},\"query-input\":{\"@type\":\"PropertyValueSpecification\",\"valueRequired\":true,\"valueName\":\"search_term_string\"}}],\"inLanguage\":\"es\"},{\"@type\":\"Organization\",\"@id\":\"https:\\\/\\\/casualplay.com\\\/es\\\/#organization\",\"name\":\"Casualplay\",\"url\":\"https:\\\/\\\/casualplay.com\\\/es\\\/\",\"logo\":{\"@type\":\"ImageObject\",\"inLanguage\":\"es\",\"@id\":\"https:\\\/\\\/casualplay.com\\\/es\\\/#\\\/schema\\\/logo\\\/image\\\/\",\"url\":\"https:\\\/\\\/casualplay.com\\\/wp-content\\\/uploads\\\/logo-casualplay.png\",\"contentUrl\":\"https:\\\/\\\/casualplay.com\\\/wp-content\\\/uploads\\\/logo-casualplay.png\",\"width\":410,\"height\":82,\"caption\":\"Casualplay\"},\"image\":{\"@id\":\"https:\\\/\\\/casualplay.com\\\/es\\\/#\\\/schema\\\/logo\\\/image\\\/\"}}]}<\/script>\n<!-- \/ Yoast SEO plugin. -->","yoast_head_json":{"title":"Beat i-size - Casualplay","description":"Silla de coche Beat i-size: Giratoria, reclinable, i-Size. Seguridad y confort desde el nacimiento hasta los 12 a\u00f1os. Uso a contramarcha hasta los 4 a\u00f1os.","robots":{"index":"index","follow":"follow","max-snippet":"max-snippet:-1","max-image-preview":"max-image-preview:large","max-video-preview":"max-video-preview:-1"},"canonical":"https:\/\/casualplay.com\/es\/producto\/silla-de-coche-beat-i-size-de-0-a-12-anos-casualplay\/","og_locale":"es_ES","og_type":"article","og_title":"Silla de coche Beat i-Size de Casualplay","og_description":"Silla de coche giratoria para ni\u00f1os de 0 a 12 a\u00f1os, con homologaci\u00f3n i-size para uso a contramarcha hasta los 4 a\u00f1os. Silla de coche reclinable.","og_url":"https:\/\/casualplay.com\/es\/producto\/silla-de-coche-beat-i-size-de-0-a-12-anos-casualplay\/","og_site_name":"Casualplay","article_modified_time":"2026-04-14T11:40:06+00:00","og_image":[{"width":1000,"height":1144,"url":"https:\/\/casualplay.com\/wp-content\/uploads\/BEATi-SizeIMGNPrin-1.png","type":"image\/png"}],"twitter_card":"summary_large_image","twitter_misc":{"Tiempo de lectura":"1 minuto"},"schema":{"@context":"https:\/\/schema.org","@graph":[{"@type":"WebPage","@id":"https:\/\/casualplay.com\/es\/producto\/silla-de-coche-beat-i-size-de-0-a-12-anos-casualplay\/","url":"https:\/\/casualplay.com\/es\/producto\/silla-de-coche-beat-i-size-de-0-a-12-anos-casualplay\/","name":"Beat i-size - Casualplay","isPartOf":{"@id":"https:\/\/casualplay.com\/es\/#website"},"primaryImageOfPage":{"@id":"https:\/\/casualplay.com\/es\/producto\/silla-de-coche-beat-i-size-de-0-a-12-anos-casualplay\/#primaryimage"},"image":{"@id":"https:\/\/casualplay.com\/es\/producto\/silla-de-coche-beat-i-size-de-0-a-12-anos-casualplay\/#primaryimage"},"thumbnailUrl":"https:\/\/casualplay.com\/wp-content\/uploads\/BEATi-SizeIMGNPrin-1.png","datePublished":"2025-09-24T12:10:01+00:00","dateModified":"2026-04-14T11:40:06+00:00","description":"Silla de coche Beat i-size: Giratoria, reclinable, i-Size. Seguridad y confort desde el nacimiento hasta los 12 a\u00f1os. Uso a contramarcha hasta los 4 a\u00f1os.","breadcrumb":{"@id":"https:\/\/casualplay.com\/es\/producto\/silla-de-coche-beat-i-size-de-0-a-12-anos-casualplay\/#breadcrumb"},"inLanguage":"es","potentialAction":[{"@type":"ReadAction","target":["https:\/\/casualplay.com\/es\/producto\/silla-de-coche-beat-i-size-de-0-a-12-anos-casualplay\/"]}]},{"@type":"ImageObject","inLanguage":"es","@id":"https:\/\/casualplay.com\/es\/producto\/silla-de-coche-beat-i-size-de-0-a-12-anos-casualplay\/#primaryimage","url":"https:\/\/casualplay.com\/wp-content\/uploads\/BEATi-SizeIMGNPrin-1.png","contentUrl":"https:\/\/casualplay.com\/wp-content\/uploads\/BEATi-SizeIMGNPrin-1.png","width":1000,"height":1144},{"@type":"BreadcrumbList","@id":"https:\/\/casualplay.com\/es\/producto\/silla-de-coche-beat-i-size-de-0-a-12-anos-casualplay\/#breadcrumb","itemListElement":[{"@type":"ListItem","position":1,"name":"Portada","item":"https:\/\/casualplay.com\/es\/"},{"@type":"ListItem","position":2,"name":"Tienda","item":"https:\/\/casualplay.com\/es\/tienda\/"},{"@type":"ListItem","position":3,"name":"Beat i-size"}]},{"@type":"WebSite","@id":"https:\/\/casualplay.com\/es\/#website","url":"https:\/\/casualplay.com\/es\/","name":"Casualplay","description":"Making Life Fun","publisher":{"@id":"https:\/\/casualplay.com\/es\/#organization"},"potentialAction":[{"@type":"SearchAction","target":{"@type":"EntryPoint","urlTemplate":"https:\/\/casualplay.com\/es\/?s={search_term_string}"},"query-input":{"@type":"PropertyValueSpecification","valueRequired":true,"valueName":"search_term_string"}}],"inLanguage":"es"},{"@type":"Organization","@id":"https:\/\/casualplay.com\/es\/#organization","name":"Casualplay","url":"https:\/\/casualplay.com\/es\/","logo":{"@type":"ImageObject","inLanguage":"es","@id":"https:\/\/casualplay.com\/es\/#\/schema\/logo\/image\/","url":"https:\/\/casualplay.com\/wp-content\/uploads\/logo-casualplay.png","contentUrl":"https:\/\/casualplay.com\/wp-content\/uploads\/logo-casualplay.png","width":410,"height":82,"caption":"Casualplay"},"image":{"@id":"https:\/\/casualplay.com\/es\/#\/schema\/logo\/image\/"}}]}},"_links":{"self":[{"href":"https:\/\/casualplay.com\/es\/wp-json\/wp\/v2\/product\/7299","targetHints":{"allow":["GET"]}}],"collection":[{"href":"https:\/\/casualplay.com\/es\/wp-json\/wp\/v2\/product"}],"about":[{"href":"https:\/\/casualplay.com\/es\/wp-json\/wp\/v2\/types\/product"}],"replies":[{"embeddable":true,"href":"https:\/\/casualplay.com\/es\/wp-json\/wp\/v2\/comments?post=7299"}],"wp:featuredmedia":[{"embeddable":true,"href":"https:\/\/casualplay.com\/es\/wp-json\/wp\/v2\/media\/7344"}],"wp:attachment":[{"href":"https:\/\/casualplay.com\/es\/wp-json\/wp\/v2\/media?parent=7299"}],"wp:term":[{"taxonomy":"product_brand","embeddable":true,"href":"https:\/\/casualplay.com\/es\/wp-json\/wp\/v2\/product_brand?post=7299"},{"taxonomy":"product_cat","embeddable":true,"href":"https:\/\/casualplay.com\/es\/wp-json\/wp\/v2\/product_cat?post=7299"},{"taxonomy":"product_tag","embeddable":true,"href":"https:\/\/casualplay.com\/es\/wp-json\/wp\/v2\/product_tag?post=7299"}],"curies":[{"name":"wp","href":"https:\/\/api.w.org\/{rel}","templated":true}]}}