{"id":6767,"date":"2025-05-28T08:53:54","date_gmt":"2025-05-28T08:53:54","guid":{"rendered":"https:\/\/casualplay.com\/?post_type=product&#038;p=6767"},"modified":"2025-05-29T13:29:06","modified_gmt":"2025-05-29T13:29:06","slug":"bolsocambiador","status":"publish","type":"product","link":"https:\/\/casualplay.com\/es\/producto\/bolsocambiador\/","title":{"rendered":"Bolso cambiador Munich"},"content":{"rendered":"<p data-start=\"1912\" data-end=\"2219\">Como todos los productos de la colecci\u00f3n, este bolso cambiador lleva el sello del dise\u00f1o urbano, deportivo y premium de MUNICH. Un accesorio que no solo es pr\u00e1ctico, sino que tambi\u00e9n destaca por su estilo, convirti\u00e9ndose en el complemento perfecto para familias activas que quieren marcar la diferencia.<\/p>\n<p data-start=\"1284\" data-end=\"1316\">Caracter\u00edsticas destacadas<\/p>\n<ul data-start=\"1318\" data-end=\"1851\">\n<li data-start=\"1318\" data-end=\"1433\">\n<p data-start=\"1320\" data-end=\"1433\">Convertible en mochila, con correas traseras ocultas para llevarlo c\u00f3modamente cuando vayas sin carrito.<\/p>\n<\/li>\n<li data-start=\"1434\" data-end=\"1544\">\n<p data-start=\"1436\" data-end=\"1544\">Tejido repelente al agua, fabricado a partir de pl\u00e1stico reciclado, resistente y f\u00e1cil de limpiar.<\/p>\n<\/li>\n<li data-start=\"1545\" data-end=\"1653\">\n<p data-start=\"1547\" data-end=\"1653\">Bolsillos interiores semi t\u00e9rmicos, perfectos para mantener la temperatura de biberones o snacks.<\/p>\n<\/li>\n<li data-start=\"1654\" data-end=\"1745\">\n<p data-start=\"1656\" data-end=\"1745\">M\u00faltiples compartimentos, que te ayudan a tenerlo todo a mano y bien organizado.<\/p>\n<\/li>\n<li data-start=\"1746\" data-end=\"1851\">\n<p data-start=\"1748\" data-end=\"1851\">Incluye cambiador port\u00e1til, pr\u00e1ctico y f\u00e1cil de limpiar para cualquier imprevisto fuera de casa.<\/p>\n<\/li>\n<\/ul>\n","protected":false},"excerpt":{"rendered":"<p data-start=\"670\" data-end=\"1072\">Viste tu carrito con el bolso cambiador MUNICH, el accesorio imprescindible para madres y padres que buscan organizaci\u00f3n, funcionalidad y dise\u00f1o en su d\u00eda a d\u00eda. Confeccionado en tejido reciclado repelente al agua, este bolso ofrece espacio de sobra para llevar pa\u00f1ales, biberones, mudas y todo lo que tu peque necesita, perfectamente ordenado gracias a sus compartimentos inteligentes.<\/p>\n<p data-start=\"1074\" data-end=\"1277\">\u00bfLo mejor? Cuando no uses el carrito, puedes usarlo como\u00a0mochila gracias a sus correas ocultas, para llevarlo c\u00f3modamente a la espalda y seguir disfrutando de tus planes sin renunciar al estilo.<\/p>\n","protected":false},"featured_media":6787,"comment_status":"closed","ping_status":"closed","template":"","meta":{"_acf_changed":false},"product_brand":[319],"product_cat":[297,337,147],"product_tag":[385,386,387,367],"class_list":{"0":"post-6767","1":"product","2":"type-product","3":"status-publish","4":"has-post-thumbnail","6":"product_brand-munich","7":"product_cat-paseo","8":"product_cat-munich","9":"product_cat-hogar-y-accesorios","10":"product_tag-mochila","11":"product_tag-cambiador","12":"product_tag-bolso-carro","13":"product_tag-bolso","15":"first","16":"instock","17":"taxable","18":"shipping-taxable","19":"purchasable","20":"product-type-variable","21":"has-default-attributes"},"acf":[],"yoast_head":"<!-- This site is optimized with the Yoast SEO plugin v27.3 - https:\/\/yoast.com\/product\/yoast-seo-wordpress\/ -->\n<title>Bolso cambiador MunichBolso cambiador Munich - Casualplay<\/title>\n<meta name=\"description\" content=\"Bolso cambiador MUNICH convertible en mochila: impermeable, con bolsillos t\u00e9rmicos y cambiador incluido. Perfecto para organizar los accesorios del beb\u00e9\" \/>\n<meta name=\"robots\" content=\"index, follow, max-snippet:-1, max-image-preview:large, max-video-preview:-1\" \/>\n<link rel=\"canonical\" href=\"https:\/\/casualplay.com\/es\/producto\/bolsocambiador\/\" \/>\n<meta property=\"og:locale\" content=\"es_ES\" \/>\n<meta property=\"og:type\" content=\"article\" \/>\n<meta property=\"og:title\" content=\"Bolso cambiador MunichBolso cambiador Munich - Casualplay\" \/>\n<meta property=\"og:description\" content=\"Bolso cambiador MUNICH convertible en mochila: impermeable, con bolsillos t\u00e9rmicos y cambiador incluido. Perfecto para organizar los accesorios del beb\u00e9\" \/>\n<meta property=\"og:url\" content=\"https:\/\/casualplay.com\/es\/producto\/bolsocambiador\/\" \/>\n<meta property=\"og:site_name\" content=\"Casualplay\" \/>\n<meta property=\"article:modified_time\" content=\"2025-05-29T13:29:06+00:00\" \/>\n<meta property=\"og:image\" content=\"https:\/\/casualplay.com\/wp-content\/uploads\/mun-20-pink-foto-general.webp\" \/>\n\t<meta property=\"og:image:width\" content=\"2238\" \/>\n\t<meta property=\"og:image:height\" content=\"2560\" \/>\n\t<meta property=\"og:image:type\" content=\"image\/webp\" \/>\n<meta name=\"twitter:card\" content=\"summary_large_image\" \/>\n<meta name=\"twitter:label1\" content=\"Tiempo de lectura\" \/>\n\t<meta name=\"twitter:data1\" content=\"1 minuto\" \/>\n<script type=\"application\/ld+json\" class=\"yoast-schema-graph\">{\"@context\":\"https:\\\/\\\/schema.org\",\"@graph\":[{\"@type\":\"WebPage\",\"@id\":\"https:\\\/\\\/casualplay.com\\\/es\\\/producto\\\/bolsocambiador\\\/\",\"url\":\"https:\\\/\\\/casualplay.com\\\/es\\\/producto\\\/bolsocambiador\\\/\",\"name\":\"Bolso cambiador MunichBolso cambiador Munich - Casualplay\",\"isPartOf\":{\"@id\":\"https:\\\/\\\/casualplay.com\\\/es\\\/#website\"},\"primaryImageOfPage\":{\"@id\":\"https:\\\/\\\/casualplay.com\\\/es\\\/producto\\\/bolsocambiador\\\/#primaryimage\"},\"image\":{\"@id\":\"https:\\\/\\\/casualplay.com\\\/es\\\/producto\\\/bolsocambiador\\\/#primaryimage\"},\"thumbnailUrl\":\"https:\\\/\\\/casualplay.com\\\/wp-content\\\/uploads\\\/mun-20-pink-foto-general.webp\",\"datePublished\":\"2025-05-28T08:53:54+00:00\",\"dateModified\":\"2025-05-29T13:29:06+00:00\",\"description\":\"Bolso cambiador MUNICH convertible en mochila: impermeable, con bolsillos t\u00e9rmicos y cambiador incluido. Perfecto para organizar los accesorios del beb\u00e9\",\"breadcrumb\":{\"@id\":\"https:\\\/\\\/casualplay.com\\\/es\\\/producto\\\/bolsocambiador\\\/#breadcrumb\"},\"inLanguage\":\"es\",\"potentialAction\":[{\"@type\":\"ReadAction\",\"target\":[\"https:\\\/\\\/casualplay.com\\\/es\\\/producto\\\/bolsocambiador\\\/\"]}]},{\"@type\":\"ImageObject\",\"inLanguage\":\"es\",\"@id\":\"https:\\\/\\\/casualplay.com\\\/es\\\/producto\\\/bolsocambiador\\\/#primaryimage\",\"url\":\"https:\\\/\\\/casualplay.com\\\/wp-content\\\/uploads\\\/mun-20-pink-foto-general.webp\",\"contentUrl\":\"https:\\\/\\\/casualplay.com\\\/wp-content\\\/uploads\\\/mun-20-pink-foto-general.webp\",\"width\":2238,\"height\":2560,\"caption\":\"bolso cambiador Munich\"},{\"@type\":\"BreadcrumbList\",\"@id\":\"https:\\\/\\\/casualplay.com\\\/es\\\/producto\\\/bolsocambiador\\\/#breadcrumb\",\"itemListElement\":[{\"@type\":\"ListItem\",\"position\":1,\"name\":\"Portada\",\"item\":\"https:\\\/\\\/casualplay.com\\\/es\\\/\"},{\"@type\":\"ListItem\",\"position\":2,\"name\":\"Tienda\",\"item\":\"https:\\\/\\\/casualplay.com\\\/es\\\/tienda\\\/\"},{\"@type\":\"ListItem\",\"position\":3,\"name\":\"Bolso cambiador Munich\"}]},{\"@type\":\"WebSite\",\"@id\":\"https:\\\/\\\/casualplay.com\\\/es\\\/#website\",\"url\":\"https:\\\/\\\/casualplay.com\\\/es\\\/\",\"name\":\"Casualplay\",\"description\":\"Making Life Fun\",\"publisher\":{\"@id\":\"https:\\\/\\\/casualplay.com\\\/es\\\/#organization\"},\"potentialAction\":[{\"@type\":\"SearchAction\",\"target\":{\"@type\":\"EntryPoint\",\"urlTemplate\":\"https:\\\/\\\/casualplay.com\\\/es\\\/?s={search_term_string}\"},\"query-input\":{\"@type\":\"PropertyValueSpecification\",\"valueRequired\":true,\"valueName\":\"search_term_string\"}}],\"inLanguage\":\"es\"},{\"@type\":\"Organization\",\"@id\":\"https:\\\/\\\/casualplay.com\\\/es\\\/#organization\",\"name\":\"Casualplay\",\"url\":\"https:\\\/\\\/casualplay.com\\\/es\\\/\",\"logo\":{\"@type\":\"ImageObject\",\"inLanguage\":\"es\",\"@id\":\"https:\\\/\\\/casualplay.com\\\/es\\\/#\\\/schema\\\/logo\\\/image\\\/\",\"url\":\"https:\\\/\\\/casualplay.com\\\/wp-content\\\/uploads\\\/logo-casualplay.png\",\"contentUrl\":\"https:\\\/\\\/casualplay.com\\\/wp-content\\\/uploads\\\/logo-casualplay.png\",\"width\":410,\"height\":82,\"caption\":\"Casualplay\"},\"image\":{\"@id\":\"https:\\\/\\\/casualplay.com\\\/es\\\/#\\\/schema\\\/logo\\\/image\\\/\"}}]}<\/script>\n<!-- \/ Yoast SEO plugin. -->","yoast_head_json":{"title":"Bolso cambiador MunichBolso cambiador Munich - Casualplay","description":"Bolso cambiador MUNICH convertible en mochila: impermeable, con bolsillos t\u00e9rmicos y cambiador incluido. Perfecto para organizar los accesorios del beb\u00e9","robots":{"index":"index","follow":"follow","max-snippet":"max-snippet:-1","max-image-preview":"max-image-preview:large","max-video-preview":"max-video-preview:-1"},"canonical":"https:\/\/casualplay.com\/es\/producto\/bolsocambiador\/","og_locale":"es_ES","og_type":"article","og_title":"Bolso cambiador MunichBolso cambiador Munich - Casualplay","og_description":"Bolso cambiador MUNICH convertible en mochila: impermeable, con bolsillos t\u00e9rmicos y cambiador incluido. Perfecto para organizar los accesorios del beb\u00e9","og_url":"https:\/\/casualplay.com\/es\/producto\/bolsocambiador\/","og_site_name":"Casualplay","article_modified_time":"2025-05-29T13:29:06+00:00","og_image":[{"width":2238,"height":2560,"url":"https:\/\/casualplay.com\/wp-content\/uploads\/mun-20-pink-foto-general.webp","type":"image\/webp"}],"twitter_card":"summary_large_image","twitter_misc":{"Tiempo de lectura":"1 minuto"},"schema":{"@context":"https:\/\/schema.org","@graph":[{"@type":"WebPage","@id":"https:\/\/casualplay.com\/es\/producto\/bolsocambiador\/","url":"https:\/\/casualplay.com\/es\/producto\/bolsocambiador\/","name":"Bolso cambiador MunichBolso cambiador Munich - Casualplay","isPartOf":{"@id":"https:\/\/casualplay.com\/es\/#website"},"primaryImageOfPage":{"@id":"https:\/\/casualplay.com\/es\/producto\/bolsocambiador\/#primaryimage"},"image":{"@id":"https:\/\/casualplay.com\/es\/producto\/bolsocambiador\/#primaryimage"},"thumbnailUrl":"https:\/\/casualplay.com\/wp-content\/uploads\/mun-20-pink-foto-general.webp","datePublished":"2025-05-28T08:53:54+00:00","dateModified":"2025-05-29T13:29:06+00:00","description":"Bolso cambiador MUNICH convertible en mochila: impermeable, con bolsillos t\u00e9rmicos y cambiador incluido. Perfecto para organizar los accesorios del beb\u00e9","breadcrumb":{"@id":"https:\/\/casualplay.com\/es\/producto\/bolsocambiador\/#breadcrumb"},"inLanguage":"es","potentialAction":[{"@type":"ReadAction","target":["https:\/\/casualplay.com\/es\/producto\/bolsocambiador\/"]}]},{"@type":"ImageObject","inLanguage":"es","@id":"https:\/\/casualplay.com\/es\/producto\/bolsocambiador\/#primaryimage","url":"https:\/\/casualplay.com\/wp-content\/uploads\/mun-20-pink-foto-general.webp","contentUrl":"https:\/\/casualplay.com\/wp-content\/uploads\/mun-20-pink-foto-general.webp","width":2238,"height":2560,"caption":"bolso cambiador Munich"},{"@type":"BreadcrumbList","@id":"https:\/\/casualplay.com\/es\/producto\/bolsocambiador\/#breadcrumb","itemListElement":[{"@type":"ListItem","position":1,"name":"Portada","item":"https:\/\/casualplay.com\/es\/"},{"@type":"ListItem","position":2,"name":"Tienda","item":"https:\/\/casualplay.com\/es\/tienda\/"},{"@type":"ListItem","position":3,"name":"Bolso cambiador Munich"}]},{"@type":"WebSite","@id":"https:\/\/casualplay.com\/es\/#website","url":"https:\/\/casualplay.com\/es\/","name":"Casualplay","description":"Making Life Fun","publisher":{"@id":"https:\/\/casualplay.com\/es\/#organization"},"potentialAction":[{"@type":"SearchAction","target":{"@type":"EntryPoint","urlTemplate":"https:\/\/casualplay.com\/es\/?s={search_term_string}"},"query-input":{"@type":"PropertyValueSpecification","valueRequired":true,"valueName":"search_term_string"}}],"inLanguage":"es"},{"@type":"Organization","@id":"https:\/\/casualplay.com\/es\/#organization","name":"Casualplay","url":"https:\/\/casualplay.com\/es\/","logo":{"@type":"ImageObject","inLanguage":"es","@id":"https:\/\/casualplay.com\/es\/#\/schema\/logo\/image\/","url":"https:\/\/casualplay.com\/wp-content\/uploads\/logo-casualplay.png","contentUrl":"https:\/\/casualplay.com\/wp-content\/uploads\/logo-casualplay.png","width":410,"height":82,"caption":"Casualplay"},"image":{"@id":"https:\/\/casualplay.com\/es\/#\/schema\/logo\/image\/"}}]}},"_links":{"self":[{"href":"https:\/\/casualplay.com\/es\/wp-json\/wp\/v2\/product\/6767","targetHints":{"allow":["GET"]}}],"collection":[{"href":"https:\/\/casualplay.com\/es\/wp-json\/wp\/v2\/product"}],"about":[{"href":"https:\/\/casualplay.com\/es\/wp-json\/wp\/v2\/types\/product"}],"replies":[{"embeddable":true,"href":"https:\/\/casualplay.com\/es\/wp-json\/wp\/v2\/comments?post=6767"}],"wp:featuredmedia":[{"embeddable":true,"href":"https:\/\/casualplay.com\/es\/wp-json\/wp\/v2\/media\/6787"}],"wp:attachment":[{"href":"https:\/\/casualplay.com\/es\/wp-json\/wp\/v2\/media?parent=6767"}],"wp:term":[{"taxonomy":"product_brand","embeddable":true,"href":"https:\/\/casualplay.com\/es\/wp-json\/wp\/v2\/product_brand?post=6767"},{"taxonomy":"product_cat","embeddable":true,"href":"https:\/\/casualplay.com\/es\/wp-json\/wp\/v2\/product_cat?post=6767"},{"taxonomy":"product_tag","embeddable":true,"href":"https:\/\/casualplay.com\/es\/wp-json\/wp\/v2\/product_tag?post=6767"}],"curies":[{"name":"wp","href":"https:\/\/api.w.org\/{rel}","templated":true}]}}