{"id":6710,"date":"2025-05-27T13:30:00","date_gmt":"2025-05-27T13:30:00","guid":{"rendered":"https:\/\/casualplay.com\/?post_type=product&#038;p=6710"},"modified":"2025-05-28T07:48:24","modified_gmt":"2025-05-28T07:48:24","slug":"trona-de-viaje-munich","status":"publish","type":"product","link":"https:\/\/casualplay.com\/es\/producto\/trona-de-viaje-munich\/","title":{"rendered":"Trona de viaje Munich"},"content":{"rendered":"<p>Cuando no se usa, la trona se pliega y se convierte en un estiloso bolso, con gran capacidad interior, que combina perfectamente con cualquier look. Porque moverse con estilo tambi\u00e9n es cosa de familias.<\/p>\n<p data-start=\"1155\" data-end=\"1187\"><strong>Caracter\u00edsticas destacadas<\/strong><\/p>\n<ul data-start=\"1189\" data-end=\"1724\">\n<li data-start=\"1189\" data-end=\"1302\">\n<p data-start=\"1191\" data-end=\"1302\">Plegado compacto, ideal para llevar en viajes, restaurantes, casas de amigos o escapadas improvisadas.<\/p>\n<\/li>\n<li data-start=\"1303\" data-end=\"1406\">\n<p data-start=\"1305\" data-end=\"1406\">Tejido exterior repelente al agua, resistente y f\u00e1cil de limpiar ante cualquier imprevisto.<\/p>\n<\/li>\n<li data-start=\"1407\" data-end=\"1505\">\n<p data-start=\"1409\" data-end=\"1505\">Amplio compartimento interior, para guardar pa\u00f1ales, toallitas u otros imprescindibles.<\/p>\n<\/li>\n<li data-start=\"1506\" data-end=\"1624\">\n<p data-start=\"1508\" data-end=\"1624\">Tejido OEKO-TEX, fabricado a partir de pl\u00e1stico reciclado, respetuoso con el planeta y seguro para el beb\u00e9.<\/p>\n<\/li>\n<li data-start=\"1625\" data-end=\"1724\">\n<p data-start=\"1627\" data-end=\"1724\">Arn\u00e9s de seguridad de 3 puntos, que garantiza una sujeci\u00f3n firme y c\u00f3moda en todo momento.<\/p>\n<\/li>\n<\/ul>\n<p data-start=\"1731\" data-end=\"1786\"><strong>Dise\u00f1o Munich: estilo casual para padres urbanos<\/strong><\/p>\n<p data-start=\"1788\" data-end=\"2056\">La trona de viaje MUNICH no es solo pr\u00e1ctica: tambi\u00e9n destaca por su dise\u00f1o deportivo y urbano, perfectamente alineado con la est\u00e9tica premium de la marca. Un accesorio que no solo es pr\u00e1ctico, sino que tambi\u00e9n es bonito, adapt\u00e1ndose a tu ritmo de vida y a tu estilo.<\/p>\n","protected":false},"excerpt":{"rendered":"<p>Con la trona de viaje MUNICH, cualquier salida se convierte en una oportunidad para compartir momentos c\u00f3modos y seguros con tu beb\u00e9. Compacta, ligera y funcional, esta trona port\u00e1til te permite sentar al peque en casi cualquier silla, asegur\u00e1ndolo con su arn\u00e9s y d\u00e1ndole un asiento propio, est\u00e9 donde est\u00e9.<\/p>\n","protected":false},"featured_media":6720,"comment_status":"closed","ping_status":"closed","template":"","meta":{"_acf_changed":false},"product_brand":[319],"product_cat":[297,337,147],"product_tag":[333,338,350,380,381],"class_list":{"0":"post-6710","1":"product","2":"type-product","3":"status-publish","4":"has-post-thumbnail","6":"product_brand-munich","7":"product_cat-paseo","8":"product_cat-munich","9":"product_cat-hogar-y-accesorios","10":"product_tag-viaje","11":"product_tag-munich","12":"product_tag-trona","13":"product_tag-portatil","14":"product_tag-asiento","16":"first","17":"instock","18":"taxable","19":"shipping-taxable","20":"purchasable","21":"product-type-variable","22":"has-default-attributes"},"acf":[],"yoast_head":"<!-- This site is optimized with the Yoast SEO plugin v27.1.1 - https:\/\/yoast.com\/product\/yoast-seo-wordpress\/ -->\n<title>Trona de viaje Munich - Casualplay<\/title>\n<meta name=\"description\" content=\"Descubre la trona de viaje MUNICH: plegado compacto, arn\u00e9s de seguridad y tejido reciclado. Se transforma en bolso estiloso para acompa\u00f1arte a todas partes.\" \/>\n<meta name=\"robots\" content=\"index, follow, max-snippet:-1, max-image-preview:large, max-video-preview:-1\" \/>\n<link rel=\"canonical\" href=\"https:\/\/casualplay.com\/es\/producto\/trona-de-viaje-munich\/\" \/>\n<meta property=\"og:locale\" content=\"es_ES\" \/>\n<meta property=\"og:type\" content=\"article\" \/>\n<meta property=\"og:title\" content=\"Trona de viaje Munich - Casualplay\" \/>\n<meta property=\"og:description\" content=\"Descubre la trona de viaje MUNICH: plegado compacto, arn\u00e9s de seguridad y tejido reciclado. Se transforma en bolso estiloso para acompa\u00f1arte a todas partes.\" \/>\n<meta property=\"og:url\" content=\"https:\/\/casualplay.com\/es\/producto\/trona-de-viaje-munich\/\" \/>\n<meta property=\"og:site_name\" content=\"Casualplay\" \/>\n<meta property=\"article:modified_time\" content=\"2025-05-28T07:48:24+00:00\" \/>\n<meta property=\"og:image\" content=\"https:\/\/casualplay.com\/wp-content\/uploads\/mun-25-green-foto-general.webp\" \/>\n\t<meta property=\"og:image:width\" content=\"2238\" \/>\n\t<meta property=\"og:image:height\" content=\"2560\" \/>\n\t<meta property=\"og:image:type\" content=\"image\/webp\" \/>\n<meta name=\"twitter:card\" content=\"summary_large_image\" \/>\n<meta name=\"twitter:label1\" content=\"Tiempo de lectura\" \/>\n\t<meta name=\"twitter:data1\" content=\"1 minuto\" \/>\n<script type=\"application\/ld+json\" class=\"yoast-schema-graph\">{\"@context\":\"https:\/\/schema.org\",\"@graph\":[{\"@type\":\"WebPage\",\"@id\":\"https:\/\/casualplay.com\/es\/producto\/trona-de-viaje-munich\/\",\"url\":\"https:\/\/casualplay.com\/es\/producto\/trona-de-viaje-munich\/\",\"name\":\"Trona de viaje Munich - Casualplay\",\"isPartOf\":{\"@id\":\"https:\/\/casualplay.com\/es\/#website\"},\"primaryImageOfPage\":{\"@id\":\"https:\/\/casualplay.com\/es\/producto\/trona-de-viaje-munich\/#primaryimage\"},\"image\":{\"@id\":\"https:\/\/casualplay.com\/es\/producto\/trona-de-viaje-munich\/#primaryimage\"},\"thumbnailUrl\":\"https:\/\/casualplay.com\/wp-content\/uploads\/mun-25-green-foto-general.webp\",\"datePublished\":\"2025-05-27T13:30:00+00:00\",\"dateModified\":\"2025-05-28T07:48:24+00:00\",\"description\":\"Descubre la trona de viaje MUNICH: plegado compacto, arn\u00e9s de seguridad y tejido reciclado. Se transforma en bolso estiloso para acompa\u00f1arte a todas partes.\",\"breadcrumb\":{\"@id\":\"https:\/\/casualplay.com\/es\/producto\/trona-de-viaje-munich\/#breadcrumb\"},\"inLanguage\":\"es\",\"potentialAction\":[{\"@type\":\"ReadAction\",\"target\":[\"https:\/\/casualplay.com\/es\/producto\/trona-de-viaje-munich\/\"]}]},{\"@type\":\"ImageObject\",\"inLanguage\":\"es\",\"@id\":\"https:\/\/casualplay.com\/es\/producto\/trona-de-viaje-munich\/#primaryimage\",\"url\":\"https:\/\/casualplay.com\/wp-content\/uploads\/mun-25-green-foto-general.webp\",\"contentUrl\":\"https:\/\/casualplay.com\/wp-content\/uploads\/mun-25-green-foto-general.webp\",\"width\":2238,\"height\":2560},{\"@type\":\"BreadcrumbList\",\"@id\":\"https:\/\/casualplay.com\/es\/producto\/trona-de-viaje-munich\/#breadcrumb\",\"itemListElement\":[{\"@type\":\"ListItem\",\"position\":1,\"name\":\"Portada\",\"item\":\"https:\/\/casualplay.com\/es\/\"},{\"@type\":\"ListItem\",\"position\":2,\"name\":\"Tienda\",\"item\":\"https:\/\/casualplay.com\/es\/tienda\/\"},{\"@type\":\"ListItem\",\"position\":3,\"name\":\"Trona de viaje Munich\"}]},{\"@type\":\"WebSite\",\"@id\":\"https:\/\/casualplay.com\/es\/#website\",\"url\":\"https:\/\/casualplay.com\/es\/\",\"name\":\"Casualplay\",\"description\":\"Making Life Fun\",\"publisher\":{\"@id\":\"https:\/\/casualplay.com\/es\/#organization\"},\"potentialAction\":[{\"@type\":\"SearchAction\",\"target\":{\"@type\":\"EntryPoint\",\"urlTemplate\":\"https:\/\/casualplay.com\/es\/?s={search_term_string}\"},\"query-input\":{\"@type\":\"PropertyValueSpecification\",\"valueRequired\":true,\"valueName\":\"search_term_string\"}}],\"inLanguage\":\"es\"},{\"@type\":\"Organization\",\"@id\":\"https:\/\/casualplay.com\/es\/#organization\",\"name\":\"Casualplay\",\"url\":\"https:\/\/casualplay.com\/es\/\",\"logo\":{\"@type\":\"ImageObject\",\"inLanguage\":\"es\",\"@id\":\"https:\/\/casualplay.com\/es\/#\/schema\/logo\/image\/\",\"url\":\"https:\/\/casualplay.com\/wp-content\/uploads\/logo-casualplay.png\",\"contentUrl\":\"https:\/\/casualplay.com\/wp-content\/uploads\/logo-casualplay.png\",\"width\":410,\"height\":82,\"caption\":\"Casualplay\"},\"image\":{\"@id\":\"https:\/\/casualplay.com\/es\/#\/schema\/logo\/image\/\"}}]}<\/script>\n<!-- \/ Yoast SEO plugin. -->","yoast_head_json":{"title":"Trona de viaje Munich - Casualplay","description":"Descubre la trona de viaje MUNICH: plegado compacto, arn\u00e9s de seguridad y tejido reciclado. Se transforma en bolso estiloso para acompa\u00f1arte a todas partes.","robots":{"index":"index","follow":"follow","max-snippet":"max-snippet:-1","max-image-preview":"max-image-preview:large","max-video-preview":"max-video-preview:-1"},"canonical":"https:\/\/casualplay.com\/es\/producto\/trona-de-viaje-munich\/","og_locale":"es_ES","og_type":"article","og_title":"Trona de viaje Munich - Casualplay","og_description":"Descubre la trona de viaje MUNICH: plegado compacto, arn\u00e9s de seguridad y tejido reciclado. Se transforma en bolso estiloso para acompa\u00f1arte a todas partes.","og_url":"https:\/\/casualplay.com\/es\/producto\/trona-de-viaje-munich\/","og_site_name":"Casualplay","article_modified_time":"2025-05-28T07:48:24+00:00","og_image":[{"width":2238,"height":2560,"url":"https:\/\/casualplay.com\/wp-content\/uploads\/mun-25-green-foto-general.webp","type":"image\/webp"}],"twitter_card":"summary_large_image","twitter_misc":{"Tiempo de lectura":"1 minuto"},"schema":{"@context":"https:\/\/schema.org","@graph":[{"@type":"WebPage","@id":"https:\/\/casualplay.com\/es\/producto\/trona-de-viaje-munich\/","url":"https:\/\/casualplay.com\/es\/producto\/trona-de-viaje-munich\/","name":"Trona de viaje Munich - Casualplay","isPartOf":{"@id":"https:\/\/casualplay.com\/es\/#website"},"primaryImageOfPage":{"@id":"https:\/\/casualplay.com\/es\/producto\/trona-de-viaje-munich\/#primaryimage"},"image":{"@id":"https:\/\/casualplay.com\/es\/producto\/trona-de-viaje-munich\/#primaryimage"},"thumbnailUrl":"https:\/\/casualplay.com\/wp-content\/uploads\/mun-25-green-foto-general.webp","datePublished":"2025-05-27T13:30:00+00:00","dateModified":"2025-05-28T07:48:24+00:00","description":"Descubre la trona de viaje MUNICH: plegado compacto, arn\u00e9s de seguridad y tejido reciclado. Se transforma en bolso estiloso para acompa\u00f1arte a todas partes.","breadcrumb":{"@id":"https:\/\/casualplay.com\/es\/producto\/trona-de-viaje-munich\/#breadcrumb"},"inLanguage":"es","potentialAction":[{"@type":"ReadAction","target":["https:\/\/casualplay.com\/es\/producto\/trona-de-viaje-munich\/"]}]},{"@type":"ImageObject","inLanguage":"es","@id":"https:\/\/casualplay.com\/es\/producto\/trona-de-viaje-munich\/#primaryimage","url":"https:\/\/casualplay.com\/wp-content\/uploads\/mun-25-green-foto-general.webp","contentUrl":"https:\/\/casualplay.com\/wp-content\/uploads\/mun-25-green-foto-general.webp","width":2238,"height":2560},{"@type":"BreadcrumbList","@id":"https:\/\/casualplay.com\/es\/producto\/trona-de-viaje-munich\/#breadcrumb","itemListElement":[{"@type":"ListItem","position":1,"name":"Portada","item":"https:\/\/casualplay.com\/es\/"},{"@type":"ListItem","position":2,"name":"Tienda","item":"https:\/\/casualplay.com\/es\/tienda\/"},{"@type":"ListItem","position":3,"name":"Trona de viaje Munich"}]},{"@type":"WebSite","@id":"https:\/\/casualplay.com\/es\/#website","url":"https:\/\/casualplay.com\/es\/","name":"Casualplay","description":"Making Life Fun","publisher":{"@id":"https:\/\/casualplay.com\/es\/#organization"},"potentialAction":[{"@type":"SearchAction","target":{"@type":"EntryPoint","urlTemplate":"https:\/\/casualplay.com\/es\/?s={search_term_string}"},"query-input":{"@type":"PropertyValueSpecification","valueRequired":true,"valueName":"search_term_string"}}],"inLanguage":"es"},{"@type":"Organization","@id":"https:\/\/casualplay.com\/es\/#organization","name":"Casualplay","url":"https:\/\/casualplay.com\/es\/","logo":{"@type":"ImageObject","inLanguage":"es","@id":"https:\/\/casualplay.com\/es\/#\/schema\/logo\/image\/","url":"https:\/\/casualplay.com\/wp-content\/uploads\/logo-casualplay.png","contentUrl":"https:\/\/casualplay.com\/wp-content\/uploads\/logo-casualplay.png","width":410,"height":82,"caption":"Casualplay"},"image":{"@id":"https:\/\/casualplay.com\/es\/#\/schema\/logo\/image\/"}}]}},"_links":{"self":[{"href":"https:\/\/casualplay.com\/es\/wp-json\/wp\/v2\/product\/6710","targetHints":{"allow":["GET"]}}],"collection":[{"href":"https:\/\/casualplay.com\/es\/wp-json\/wp\/v2\/product"}],"about":[{"href":"https:\/\/casualplay.com\/es\/wp-json\/wp\/v2\/types\/product"}],"replies":[{"embeddable":true,"href":"https:\/\/casualplay.com\/es\/wp-json\/wp\/v2\/comments?post=6710"}],"wp:featuredmedia":[{"embeddable":true,"href":"https:\/\/casualplay.com\/es\/wp-json\/wp\/v2\/media\/6720"}],"wp:attachment":[{"href":"https:\/\/casualplay.com\/es\/wp-json\/wp\/v2\/media?parent=6710"}],"wp:term":[{"taxonomy":"product_brand","embeddable":true,"href":"https:\/\/casualplay.com\/es\/wp-json\/wp\/v2\/product_brand?post=6710"},{"taxonomy":"product_cat","embeddable":true,"href":"https:\/\/casualplay.com\/es\/wp-json\/wp\/v2\/product_cat?post=6710"},{"taxonomy":"product_tag","embeddable":true,"href":"https:\/\/casualplay.com\/es\/wp-json\/wp\/v2\/product_tag?post=6710"}],"curies":[{"name":"wp","href":"https:\/\/api.w.org\/{rel}","templated":true}]}}