{"id":6462,"date":"2025-05-19T08:42:31","date_gmt":"2025-05-19T08:42:31","guid":{"rendered":"https:\/\/casualplay.com\/?post_type=product&#038;p=6462"},"modified":"2025-05-20T08:49:41","modified_gmt":"2025-05-20T08:49:41","slug":"silla-de-paseo-mun10-munich-casualplay-compacta-ligera-y-con-estilo-urbano","status":"publish","type":"product","link":"https:\/\/casualplay.com\/es\/producto\/silla-de-paseo-mun10-munich-casualplay-compacta-ligera-y-con-estilo-urbano\/","title":{"rendered":"Munich Mun10"},"content":{"rendered":"<p>Compacta, ligera y muy f\u00e1cil de manejar, la silla de paseo MUN10 se convierte en tu aliada perfecta para el d\u00eda a d\u00eda y en la mejor compa\u00f1era de viajes gracias a su tama\u00f1o compacto. Su plegado autom\u00e1tico supercompacto, su asa de transporte integrada y su ligereza te permiten llevarla a todas partes, sin complicaciones.<\/p>\n<p>Dise\u00f1ada con el estilo inconfundible de Munich, esta silla de paseo destaca por su look urbano, deportivo y actual, con acabados premium que marcan la diferencia. Porque la funcionalidad no est\u00e1 re\u00f1ida con el estilo. La MUN10 es la silla perfecta para las familias que valoran tanto la est\u00e9tica como el confort.<\/p>\n<p data-start=\"2968\" data-end=\"2996\"><strong>\u00bfPor qu\u00e9 elegir la MUN10?<\/strong><\/p>\n<ul>\n<li data-start=\"2998\" data-end=\"3296\">Silla ligera y manejable<\/li>\n<li data-start=\"2998\" data-end=\"3296\">Plegado autom\u00e1tico y supercompacto<\/li>\n<li data-start=\"2998\" data-end=\"3296\">Ideal para viajar o moverse por la ciudad<\/li>\n<li data-start=\"2998\" data-end=\"3296\">Tejidos reciclados con certificaci\u00f3n OEKO-TEX<\/li>\n<li data-start=\"2998\" data-end=\"3296\">Protecci\u00f3n solar UPF50+ e impermeabilidad<\/li>\n<li data-start=\"2998\" data-end=\"3296\">Seguridad y confort hasta los 22 kg<\/li>\n<\/ul>\n","protected":false},"excerpt":{"rendered":"<p>S\u00e9 fiel a tu estilo y mu\u00e9vete con libertad con MUN10, la nueva silla de paseo ligera de la colecci\u00f3n Munich by Casualplay. Su dise\u00f1o moderno y funcional se adapta a la perfecci\u00f3n al ritmo de la ciudad, sin renunciar al confort ni al estilo.<\/p>\n","protected":false},"featured_media":6496,"comment_status":"closed","ping_status":"closed","template":"","meta":{"_acf_changed":false},"product_brand":[319],"product_cat":[337,56,52],"product_tag":[338,344,333],"class_list":{"0":"post-6462","1":"product","2":"type-product","3":"status-publish","4":"has-post-thumbnail","6":"product_brand-munich","7":"product_cat-munich","8":"product_cat-sillas-de-paseo","9":"product_cat-carritos-y-sillas-de-paseo","10":"product_tag-munich","11":"product_tag-ligera","12":"product_tag-viaje","14":"first","15":"instock","16":"taxable","17":"shipping-taxable","18":"purchasable","19":"product-type-variable","20":"has-default-attributes"},"acf":[],"yoast_head":"<!-- This site is optimized with the Yoast SEO plugin v27.3 - https:\/\/yoast.com\/product\/yoast-seo-wordpress\/ -->\n<title>Silla de paseo MUN10 Munich | Casualplay<\/title>\n<meta name=\"description\" content=\"Descubre la silla de paseo ligera MUN10 de Munich: dise\u00f1o urbano, plegado autom\u00e1tico supercompacto y tejidos reciclados. Ideal para la rutina y para viajar.\" \/>\n<meta name=\"robots\" content=\"index, follow, max-snippet:-1, max-image-preview:large, max-video-preview:-1\" \/>\n<link rel=\"canonical\" href=\"https:\/\/casualplay.com\/es\/producto\/silla-de-paseo-mun10-munich-casualplay-compacta-ligera-y-con-estilo-urbano\/\" \/>\n<meta property=\"og:locale\" content=\"es_ES\" \/>\n<meta property=\"og:type\" content=\"article\" \/>\n<meta property=\"og:title\" content=\"Silla de paseo MUN10 Munich | Casualplay\" \/>\n<meta property=\"og:description\" content=\"Descubre la silla de paseo ligera MUN10 de Munich: dise\u00f1o urbano, plegado autom\u00e1tico supercompacto y tejidos reciclados. Ideal para la rutina y para viajar.\" \/>\n<meta property=\"og:url\" content=\"https:\/\/casualplay.com\/es\/producto\/silla-de-paseo-mun10-munich-casualplay-compacta-ligera-y-con-estilo-urbano\/\" \/>\n<meta property=\"og:site_name\" content=\"Casualplay\" \/>\n<meta property=\"article:modified_time\" content=\"2025-05-20T08:49:41+00:00\" \/>\n<meta property=\"og:image\" content=\"https:\/\/casualplay.com\/wp-content\/uploads\/mun-10-pink-imagenes-galeria-copia.webp\" \/>\n\t<meta property=\"og:image:width\" content=\"2083\" \/>\n\t<meta property=\"og:image:height\" content=\"2383\" \/>\n\t<meta property=\"og:image:type\" content=\"image\/webp\" \/>\n<meta name=\"twitter:card\" content=\"summary_large_image\" \/>\n<meta name=\"twitter:label1\" content=\"Tiempo de lectura\" \/>\n\t<meta name=\"twitter:data1\" content=\"1 minuto\" \/>\n<script type=\"application\/ld+json\" class=\"yoast-schema-graph\">{\"@context\":\"https:\\\/\\\/schema.org\",\"@graph\":[{\"@type\":\"WebPage\",\"@id\":\"https:\\\/\\\/casualplay.com\\\/es\\\/producto\\\/silla-de-paseo-mun10-munich-casualplay-compacta-ligera-y-con-estilo-urbano\\\/\",\"url\":\"https:\\\/\\\/casualplay.com\\\/es\\\/producto\\\/silla-de-paseo-mun10-munich-casualplay-compacta-ligera-y-con-estilo-urbano\\\/\",\"name\":\"Silla de paseo MUN10 Munich | Casualplay\",\"isPartOf\":{\"@id\":\"https:\\\/\\\/casualplay.com\\\/es\\\/#website\"},\"primaryImageOfPage\":{\"@id\":\"https:\\\/\\\/casualplay.com\\\/es\\\/producto\\\/silla-de-paseo-mun10-munich-casualplay-compacta-ligera-y-con-estilo-urbano\\\/#primaryimage\"},\"image\":{\"@id\":\"https:\\\/\\\/casualplay.com\\\/es\\\/producto\\\/silla-de-paseo-mun10-munich-casualplay-compacta-ligera-y-con-estilo-urbano\\\/#primaryimage\"},\"thumbnailUrl\":\"https:\\\/\\\/casualplay.com\\\/wp-content\\\/uploads\\\/mun-10-pink-imagenes-galeria-copia.webp\",\"datePublished\":\"2025-05-19T08:42:31+00:00\",\"dateModified\":\"2025-05-20T08:49:41+00:00\",\"description\":\"Descubre la silla de paseo ligera MUN10 de Munich: dise\u00f1o urbano, plegado autom\u00e1tico supercompacto y tejidos reciclados. Ideal para la rutina y para viajar.\",\"breadcrumb\":{\"@id\":\"https:\\\/\\\/casualplay.com\\\/es\\\/producto\\\/silla-de-paseo-mun10-munich-casualplay-compacta-ligera-y-con-estilo-urbano\\\/#breadcrumb\"},\"inLanguage\":\"es\",\"potentialAction\":[{\"@type\":\"ReadAction\",\"target\":[\"https:\\\/\\\/casualplay.com\\\/es\\\/producto\\\/silla-de-paseo-mun10-munich-casualplay-compacta-ligera-y-con-estilo-urbano\\\/\"]}]},{\"@type\":\"ImageObject\",\"inLanguage\":\"es\",\"@id\":\"https:\\\/\\\/casualplay.com\\\/es\\\/producto\\\/silla-de-paseo-mun10-munich-casualplay-compacta-ligera-y-con-estilo-urbano\\\/#primaryimage\",\"url\":\"https:\\\/\\\/casualplay.com\\\/wp-content\\\/uploads\\\/mun-10-pink-imagenes-galeria-copia.webp\",\"contentUrl\":\"https:\\\/\\\/casualplay.com\\\/wp-content\\\/uploads\\\/mun-10-pink-imagenes-galeria-copia.webp\",\"width\":2083,\"height\":2383},{\"@type\":\"BreadcrumbList\",\"@id\":\"https:\\\/\\\/casualplay.com\\\/es\\\/producto\\\/silla-de-paseo-mun10-munich-casualplay-compacta-ligera-y-con-estilo-urbano\\\/#breadcrumb\",\"itemListElement\":[{\"@type\":\"ListItem\",\"position\":1,\"name\":\"Portada\",\"item\":\"https:\\\/\\\/casualplay.com\\\/es\\\/\"},{\"@type\":\"ListItem\",\"position\":2,\"name\":\"Tienda\",\"item\":\"https:\\\/\\\/casualplay.com\\\/es\\\/tienda\\\/\"},{\"@type\":\"ListItem\",\"position\":3,\"name\":\"Munich Mun10\"}]},{\"@type\":\"WebSite\",\"@id\":\"https:\\\/\\\/casualplay.com\\\/es\\\/#website\",\"url\":\"https:\\\/\\\/casualplay.com\\\/es\\\/\",\"name\":\"Casualplay\",\"description\":\"Making Life Fun\",\"publisher\":{\"@id\":\"https:\\\/\\\/casualplay.com\\\/es\\\/#organization\"},\"potentialAction\":[{\"@type\":\"SearchAction\",\"target\":{\"@type\":\"EntryPoint\",\"urlTemplate\":\"https:\\\/\\\/casualplay.com\\\/es\\\/?s={search_term_string}\"},\"query-input\":{\"@type\":\"PropertyValueSpecification\",\"valueRequired\":true,\"valueName\":\"search_term_string\"}}],\"inLanguage\":\"es\"},{\"@type\":\"Organization\",\"@id\":\"https:\\\/\\\/casualplay.com\\\/es\\\/#organization\",\"name\":\"Casualplay\",\"url\":\"https:\\\/\\\/casualplay.com\\\/es\\\/\",\"logo\":{\"@type\":\"ImageObject\",\"inLanguage\":\"es\",\"@id\":\"https:\\\/\\\/casualplay.com\\\/es\\\/#\\\/schema\\\/logo\\\/image\\\/\",\"url\":\"https:\\\/\\\/casualplay.com\\\/wp-content\\\/uploads\\\/logo-casualplay.png\",\"contentUrl\":\"https:\\\/\\\/casualplay.com\\\/wp-content\\\/uploads\\\/logo-casualplay.png\",\"width\":410,\"height\":82,\"caption\":\"Casualplay\"},\"image\":{\"@id\":\"https:\\\/\\\/casualplay.com\\\/es\\\/#\\\/schema\\\/logo\\\/image\\\/\"}}]}<\/script>\n<!-- \/ Yoast SEO plugin. -->","yoast_head_json":{"title":"Silla de paseo MUN10 Munich | Casualplay","description":"Descubre la silla de paseo ligera MUN10 de Munich: dise\u00f1o urbano, plegado autom\u00e1tico supercompacto y tejidos reciclados. Ideal para la rutina y para viajar.","robots":{"index":"index","follow":"follow","max-snippet":"max-snippet:-1","max-image-preview":"max-image-preview:large","max-video-preview":"max-video-preview:-1"},"canonical":"https:\/\/casualplay.com\/es\/producto\/silla-de-paseo-mun10-munich-casualplay-compacta-ligera-y-con-estilo-urbano\/","og_locale":"es_ES","og_type":"article","og_title":"Silla de paseo MUN10 Munich | Casualplay","og_description":"Descubre la silla de paseo ligera MUN10 de Munich: dise\u00f1o urbano, plegado autom\u00e1tico supercompacto y tejidos reciclados. Ideal para la rutina y para viajar.","og_url":"https:\/\/casualplay.com\/es\/producto\/silla-de-paseo-mun10-munich-casualplay-compacta-ligera-y-con-estilo-urbano\/","og_site_name":"Casualplay","article_modified_time":"2025-05-20T08:49:41+00:00","og_image":[{"width":2083,"height":2383,"url":"https:\/\/casualplay.com\/wp-content\/uploads\/mun-10-pink-imagenes-galeria-copia.webp","type":"image\/webp"}],"twitter_card":"summary_large_image","twitter_misc":{"Tiempo de lectura":"1 minuto"},"schema":{"@context":"https:\/\/schema.org","@graph":[{"@type":"WebPage","@id":"https:\/\/casualplay.com\/es\/producto\/silla-de-paseo-mun10-munich-casualplay-compacta-ligera-y-con-estilo-urbano\/","url":"https:\/\/casualplay.com\/es\/producto\/silla-de-paseo-mun10-munich-casualplay-compacta-ligera-y-con-estilo-urbano\/","name":"Silla de paseo MUN10 Munich | Casualplay","isPartOf":{"@id":"https:\/\/casualplay.com\/es\/#website"},"primaryImageOfPage":{"@id":"https:\/\/casualplay.com\/es\/producto\/silla-de-paseo-mun10-munich-casualplay-compacta-ligera-y-con-estilo-urbano\/#primaryimage"},"image":{"@id":"https:\/\/casualplay.com\/es\/producto\/silla-de-paseo-mun10-munich-casualplay-compacta-ligera-y-con-estilo-urbano\/#primaryimage"},"thumbnailUrl":"https:\/\/casualplay.com\/wp-content\/uploads\/mun-10-pink-imagenes-galeria-copia.webp","datePublished":"2025-05-19T08:42:31+00:00","dateModified":"2025-05-20T08:49:41+00:00","description":"Descubre la silla de paseo ligera MUN10 de Munich: dise\u00f1o urbano, plegado autom\u00e1tico supercompacto y tejidos reciclados. Ideal para la rutina y para viajar.","breadcrumb":{"@id":"https:\/\/casualplay.com\/es\/producto\/silla-de-paseo-mun10-munich-casualplay-compacta-ligera-y-con-estilo-urbano\/#breadcrumb"},"inLanguage":"es","potentialAction":[{"@type":"ReadAction","target":["https:\/\/casualplay.com\/es\/producto\/silla-de-paseo-mun10-munich-casualplay-compacta-ligera-y-con-estilo-urbano\/"]}]},{"@type":"ImageObject","inLanguage":"es","@id":"https:\/\/casualplay.com\/es\/producto\/silla-de-paseo-mun10-munich-casualplay-compacta-ligera-y-con-estilo-urbano\/#primaryimage","url":"https:\/\/casualplay.com\/wp-content\/uploads\/mun-10-pink-imagenes-galeria-copia.webp","contentUrl":"https:\/\/casualplay.com\/wp-content\/uploads\/mun-10-pink-imagenes-galeria-copia.webp","width":2083,"height":2383},{"@type":"BreadcrumbList","@id":"https:\/\/casualplay.com\/es\/producto\/silla-de-paseo-mun10-munich-casualplay-compacta-ligera-y-con-estilo-urbano\/#breadcrumb","itemListElement":[{"@type":"ListItem","position":1,"name":"Portada","item":"https:\/\/casualplay.com\/es\/"},{"@type":"ListItem","position":2,"name":"Tienda","item":"https:\/\/casualplay.com\/es\/tienda\/"},{"@type":"ListItem","position":3,"name":"Munich Mun10"}]},{"@type":"WebSite","@id":"https:\/\/casualplay.com\/es\/#website","url":"https:\/\/casualplay.com\/es\/","name":"Casualplay","description":"Making Life Fun","publisher":{"@id":"https:\/\/casualplay.com\/es\/#organization"},"potentialAction":[{"@type":"SearchAction","target":{"@type":"EntryPoint","urlTemplate":"https:\/\/casualplay.com\/es\/?s={search_term_string}"},"query-input":{"@type":"PropertyValueSpecification","valueRequired":true,"valueName":"search_term_string"}}],"inLanguage":"es"},{"@type":"Organization","@id":"https:\/\/casualplay.com\/es\/#organization","name":"Casualplay","url":"https:\/\/casualplay.com\/es\/","logo":{"@type":"ImageObject","inLanguage":"es","@id":"https:\/\/casualplay.com\/es\/#\/schema\/logo\/image\/","url":"https:\/\/casualplay.com\/wp-content\/uploads\/logo-casualplay.png","contentUrl":"https:\/\/casualplay.com\/wp-content\/uploads\/logo-casualplay.png","width":410,"height":82,"caption":"Casualplay"},"image":{"@id":"https:\/\/casualplay.com\/es\/#\/schema\/logo\/image\/"}}]}},"_links":{"self":[{"href":"https:\/\/casualplay.com\/es\/wp-json\/wp\/v2\/product\/6462","targetHints":{"allow":["GET"]}}],"collection":[{"href":"https:\/\/casualplay.com\/es\/wp-json\/wp\/v2\/product"}],"about":[{"href":"https:\/\/casualplay.com\/es\/wp-json\/wp\/v2\/types\/product"}],"replies":[{"embeddable":true,"href":"https:\/\/casualplay.com\/es\/wp-json\/wp\/v2\/comments?post=6462"}],"wp:featuredmedia":[{"embeddable":true,"href":"https:\/\/casualplay.com\/es\/wp-json\/wp\/v2\/media\/6496"}],"wp:attachment":[{"href":"https:\/\/casualplay.com\/es\/wp-json\/wp\/v2\/media?parent=6462"}],"wp:term":[{"taxonomy":"product_brand","embeddable":true,"href":"https:\/\/casualplay.com\/es\/wp-json\/wp\/v2\/product_brand?post=6462"},{"taxonomy":"product_cat","embeddable":true,"href":"https:\/\/casualplay.com\/es\/wp-json\/wp\/v2\/product_cat?post=6462"},{"taxonomy":"product_tag","embeddable":true,"href":"https:\/\/casualplay.com\/es\/wp-json\/wp\/v2\/product_tag?post=6462"}],"curies":[{"name":"wp","href":"https:\/\/api.w.org\/{rel}","templated":true}]}}