{"id":5509,"date":"2025-05-14T09:43:00","date_gmt":"2025-05-14T09:43:00","guid":{"rendered":"https:\/\/casualplay.com\/?post_type=product&#038;p=5509"},"modified":"2025-07-02T06:46:02","modified_gmt":"2025-07-02T06:46:02","slug":"mun5","status":"publish","type":"product","link":"https:\/\/casualplay.com\/es\/producto\/mun5\/","title":{"rendered":"Munich Mun5"},"content":{"rendered":"<p class=\"\" data-start=\"611\" data-end=\"1041\">Moda, estilo, confort\u2026todo lo que te gusta de MUNICH reunido en un cochecito urbano y funcional que har\u00e1 de cada paseo una experiencia inigualable. MUN5 te gustar\u00e1 por su dise\u00f1o y te convencer\u00e1 por su facilidad de manejo, su espacioso y confortable interior y los acabados premium con el sello inconfundible de Munich.<\/p>\n<h3 data-start=\"3877\" data-end=\"3915\">\u00bfPor qu\u00e9 elegir el cochecito MUN5?<\/h3>\n<ul>\n<li>Dise\u00f1o moderno y urbano con acabados premium<\/li>\n<li>Conducci\u00f3n \u00e1gil y ligera, perfecta para ciudad<\/li>\n<li>Tejidos reciclados y certificados OEKO-TEX<\/li>\n<li>Capazo amplio y confortable<\/li>\n<li>Colch\u00f3n Ecuskids con certificado sanitario<\/li>\n<li>Compacto y funcional, pensado para facilitarte la vida<\/li>\n<li>Con la garant\u00eda de Casualplay y\u00a0MUNICH<\/li>\n<\/ul>\n","protected":false},"excerpt":{"rendered":"<p>Descubre el cochecito MUN5 de Munich en Casualplay: dise\u00f1o moderno, tejidos reciclados, plegado compacto y confort m\u00e1ximo para tu beb\u00e9. Ideal para la vida urbana.<\/p>\n","protected":false},"featured_media":6286,"comment_status":"closed","ping_status":"closed","template":"","meta":{"_acf_changed":false},"product_brand":[319],"product_cat":[337,52,55],"product_tag":[338,339,340,321],"class_list":{"0":"post-5509","1":"product","2":"type-product","3":"status-publish","4":"has-post-thumbnail","6":"product_brand-munich","7":"product_cat-munich","8":"product_cat-carritos-y-sillas-de-paseo","9":"product_cat-carritos-2-en-1","10":"product_tag-munich","11":"product_tag-cochecito","12":"product_tag-impermeable","13":"product_tag-capazo","15":"first","16":"instock","17":"taxable","18":"shipping-taxable","19":"purchasable","20":"product-type-variable","21":"has-default-attributes"},"acf":[],"yoast_head":"<!-- This site is optimized with the Yoast SEO plugin v27.3 - https:\/\/yoast.com\/product\/yoast-seo-wordpress\/ -->\n<title>Cochecito MUN5 Munich | Casualplay<\/title>\n<meta name=\"description\" content=\"Descubre el cochecito Mun5 de Munich: dise\u00f1o moderno, tejidos reciclados, plegado compacto y confort m\u00e1ximo para tu beb\u00e9. Ideal para la vida urbana.\" \/>\n<meta name=\"robots\" content=\"index, follow, max-snippet:-1, max-image-preview:large, max-video-preview:-1\" \/>\n<link rel=\"canonical\" href=\"https:\/\/casualplay.com\/es\/producto\/mun5\/\" \/>\n<meta property=\"og:locale\" content=\"es_ES\" \/>\n<meta property=\"og:type\" content=\"article\" \/>\n<meta property=\"og:title\" content=\"Cochecito MUN5 Munich | Casualplay\" \/>\n<meta property=\"og:description\" content=\"Descubre el cochecito Mun5 de Munich: dise\u00f1o moderno, tejidos reciclados, plegado compacto y confort m\u00e1ximo para tu beb\u00e9. Ideal para la vida urbana.\" \/>\n<meta property=\"og:url\" content=\"https:\/\/casualplay.com\/es\/producto\/mun5\/\" \/>\n<meta property=\"og:site_name\" content=\"Casualplay\" \/>\n<meta property=\"article:modified_time\" content=\"2025-07-02T06:46:02+00:00\" \/>\n<meta property=\"og:image\" content=\"https:\/\/casualplay.com\/wp-content\/uploads\/mun-5-verd-imagenes-galeria11.webp\" \/>\n\t<meta property=\"og:image:width\" content=\"2083\" \/>\n\t<meta property=\"og:image:height\" content=\"2383\" \/>\n\t<meta property=\"og:image:type\" content=\"image\/webp\" \/>\n<meta name=\"twitter:card\" content=\"summary_large_image\" \/>\n<meta name=\"twitter:label1\" content=\"Tiempo de lectura\" \/>\n\t<meta name=\"twitter:data1\" content=\"1 minuto\" \/>\n<script type=\"application\/ld+json\" class=\"yoast-schema-graph\">{\"@context\":\"https:\\\/\\\/schema.org\",\"@graph\":[{\"@type\":\"WebPage\",\"@id\":\"https:\\\/\\\/casualplay.com\\\/es\\\/producto\\\/mun5\\\/\",\"url\":\"https:\\\/\\\/casualplay.com\\\/es\\\/producto\\\/mun5\\\/\",\"name\":\"Cochecito MUN5 Munich | Casualplay\",\"isPartOf\":{\"@id\":\"https:\\\/\\\/casualplay.com\\\/es\\\/#website\"},\"primaryImageOfPage\":{\"@id\":\"https:\\\/\\\/casualplay.com\\\/es\\\/producto\\\/mun5\\\/#primaryimage\"},\"image\":{\"@id\":\"https:\\\/\\\/casualplay.com\\\/es\\\/producto\\\/mun5\\\/#primaryimage\"},\"thumbnailUrl\":\"https:\\\/\\\/casualplay.com\\\/wp-content\\\/uploads\\\/mun-5-verd-imagenes-galeria11.webp\",\"datePublished\":\"2025-05-14T09:43:00+00:00\",\"dateModified\":\"2025-07-02T06:46:02+00:00\",\"description\":\"Descubre el cochecito Mun5 de Munich: dise\u00f1o moderno, tejidos reciclados, plegado compacto y confort m\u00e1ximo para tu beb\u00e9. Ideal para la vida urbana.\",\"breadcrumb\":{\"@id\":\"https:\\\/\\\/casualplay.com\\\/es\\\/producto\\\/mun5\\\/#breadcrumb\"},\"inLanguage\":\"es\",\"potentialAction\":[{\"@type\":\"ReadAction\",\"target\":[\"https:\\\/\\\/casualplay.com\\\/es\\\/producto\\\/mun5\\\/\"]}]},{\"@type\":\"ImageObject\",\"inLanguage\":\"es\",\"@id\":\"https:\\\/\\\/casualplay.com\\\/es\\\/producto\\\/mun5\\\/#primaryimage\",\"url\":\"https:\\\/\\\/casualplay.com\\\/wp-content\\\/uploads\\\/mun-5-verd-imagenes-galeria11.webp\",\"contentUrl\":\"https:\\\/\\\/casualplay.com\\\/wp-content\\\/uploads\\\/mun-5-verd-imagenes-galeria11.webp\",\"width\":2083,\"height\":2383},{\"@type\":\"BreadcrumbList\",\"@id\":\"https:\\\/\\\/casualplay.com\\\/es\\\/producto\\\/mun5\\\/#breadcrumb\",\"itemListElement\":[{\"@type\":\"ListItem\",\"position\":1,\"name\":\"Portada\",\"item\":\"https:\\\/\\\/casualplay.com\\\/es\\\/\"},{\"@type\":\"ListItem\",\"position\":2,\"name\":\"Tienda\",\"item\":\"https:\\\/\\\/casualplay.com\\\/es\\\/tienda\\\/\"},{\"@type\":\"ListItem\",\"position\":3,\"name\":\"Munich Mun5\"}]},{\"@type\":\"WebSite\",\"@id\":\"https:\\\/\\\/casualplay.com\\\/es\\\/#website\",\"url\":\"https:\\\/\\\/casualplay.com\\\/es\\\/\",\"name\":\"Casualplay\",\"description\":\"Making Life Fun\",\"publisher\":{\"@id\":\"https:\\\/\\\/casualplay.com\\\/es\\\/#organization\"},\"potentialAction\":[{\"@type\":\"SearchAction\",\"target\":{\"@type\":\"EntryPoint\",\"urlTemplate\":\"https:\\\/\\\/casualplay.com\\\/es\\\/?s={search_term_string}\"},\"query-input\":{\"@type\":\"PropertyValueSpecification\",\"valueRequired\":true,\"valueName\":\"search_term_string\"}}],\"inLanguage\":\"es\"},{\"@type\":\"Organization\",\"@id\":\"https:\\\/\\\/casualplay.com\\\/es\\\/#organization\",\"name\":\"Casualplay\",\"url\":\"https:\\\/\\\/casualplay.com\\\/es\\\/\",\"logo\":{\"@type\":\"ImageObject\",\"inLanguage\":\"es\",\"@id\":\"https:\\\/\\\/casualplay.com\\\/es\\\/#\\\/schema\\\/logo\\\/image\\\/\",\"url\":\"https:\\\/\\\/casualplay.com\\\/wp-content\\\/uploads\\\/logo-casualplay.png\",\"contentUrl\":\"https:\\\/\\\/casualplay.com\\\/wp-content\\\/uploads\\\/logo-casualplay.png\",\"width\":410,\"height\":82,\"caption\":\"Casualplay\"},\"image\":{\"@id\":\"https:\\\/\\\/casualplay.com\\\/es\\\/#\\\/schema\\\/logo\\\/image\\\/\"}}]}<\/script>\n<!-- \/ Yoast SEO plugin. -->","yoast_head_json":{"title":"Cochecito MUN5 Munich | Casualplay","description":"Descubre el cochecito Mun5 de Munich: dise\u00f1o moderno, tejidos reciclados, plegado compacto y confort m\u00e1ximo para tu beb\u00e9. Ideal para la vida urbana.","robots":{"index":"index","follow":"follow","max-snippet":"max-snippet:-1","max-image-preview":"max-image-preview:large","max-video-preview":"max-video-preview:-1"},"canonical":"https:\/\/casualplay.com\/es\/producto\/mun5\/","og_locale":"es_ES","og_type":"article","og_title":"Cochecito MUN5 Munich | Casualplay","og_description":"Descubre el cochecito Mun5 de Munich: dise\u00f1o moderno, tejidos reciclados, plegado compacto y confort m\u00e1ximo para tu beb\u00e9. Ideal para la vida urbana.","og_url":"https:\/\/casualplay.com\/es\/producto\/mun5\/","og_site_name":"Casualplay","article_modified_time":"2025-07-02T06:46:02+00:00","og_image":[{"width":2083,"height":2383,"url":"https:\/\/casualplay.com\/wp-content\/uploads\/mun-5-verd-imagenes-galeria11.webp","type":"image\/webp"}],"twitter_card":"summary_large_image","twitter_misc":{"Tiempo de lectura":"1 minuto"},"schema":{"@context":"https:\/\/schema.org","@graph":[{"@type":"WebPage","@id":"https:\/\/casualplay.com\/es\/producto\/mun5\/","url":"https:\/\/casualplay.com\/es\/producto\/mun5\/","name":"Cochecito MUN5 Munich | Casualplay","isPartOf":{"@id":"https:\/\/casualplay.com\/es\/#website"},"primaryImageOfPage":{"@id":"https:\/\/casualplay.com\/es\/producto\/mun5\/#primaryimage"},"image":{"@id":"https:\/\/casualplay.com\/es\/producto\/mun5\/#primaryimage"},"thumbnailUrl":"https:\/\/casualplay.com\/wp-content\/uploads\/mun-5-verd-imagenes-galeria11.webp","datePublished":"2025-05-14T09:43:00+00:00","dateModified":"2025-07-02T06:46:02+00:00","description":"Descubre el cochecito Mun5 de Munich: dise\u00f1o moderno, tejidos reciclados, plegado compacto y confort m\u00e1ximo para tu beb\u00e9. Ideal para la vida urbana.","breadcrumb":{"@id":"https:\/\/casualplay.com\/es\/producto\/mun5\/#breadcrumb"},"inLanguage":"es","potentialAction":[{"@type":"ReadAction","target":["https:\/\/casualplay.com\/es\/producto\/mun5\/"]}]},{"@type":"ImageObject","inLanguage":"es","@id":"https:\/\/casualplay.com\/es\/producto\/mun5\/#primaryimage","url":"https:\/\/casualplay.com\/wp-content\/uploads\/mun-5-verd-imagenes-galeria11.webp","contentUrl":"https:\/\/casualplay.com\/wp-content\/uploads\/mun-5-verd-imagenes-galeria11.webp","width":2083,"height":2383},{"@type":"BreadcrumbList","@id":"https:\/\/casualplay.com\/es\/producto\/mun5\/#breadcrumb","itemListElement":[{"@type":"ListItem","position":1,"name":"Portada","item":"https:\/\/casualplay.com\/es\/"},{"@type":"ListItem","position":2,"name":"Tienda","item":"https:\/\/casualplay.com\/es\/tienda\/"},{"@type":"ListItem","position":3,"name":"Munich Mun5"}]},{"@type":"WebSite","@id":"https:\/\/casualplay.com\/es\/#website","url":"https:\/\/casualplay.com\/es\/","name":"Casualplay","description":"Making Life Fun","publisher":{"@id":"https:\/\/casualplay.com\/es\/#organization"},"potentialAction":[{"@type":"SearchAction","target":{"@type":"EntryPoint","urlTemplate":"https:\/\/casualplay.com\/es\/?s={search_term_string}"},"query-input":{"@type":"PropertyValueSpecification","valueRequired":true,"valueName":"search_term_string"}}],"inLanguage":"es"},{"@type":"Organization","@id":"https:\/\/casualplay.com\/es\/#organization","name":"Casualplay","url":"https:\/\/casualplay.com\/es\/","logo":{"@type":"ImageObject","inLanguage":"es","@id":"https:\/\/casualplay.com\/es\/#\/schema\/logo\/image\/","url":"https:\/\/casualplay.com\/wp-content\/uploads\/logo-casualplay.png","contentUrl":"https:\/\/casualplay.com\/wp-content\/uploads\/logo-casualplay.png","width":410,"height":82,"caption":"Casualplay"},"image":{"@id":"https:\/\/casualplay.com\/es\/#\/schema\/logo\/image\/"}}]}},"_links":{"self":[{"href":"https:\/\/casualplay.com\/es\/wp-json\/wp\/v2\/product\/5509","targetHints":{"allow":["GET"]}}],"collection":[{"href":"https:\/\/casualplay.com\/es\/wp-json\/wp\/v2\/product"}],"about":[{"href":"https:\/\/casualplay.com\/es\/wp-json\/wp\/v2\/types\/product"}],"replies":[{"embeddable":true,"href":"https:\/\/casualplay.com\/es\/wp-json\/wp\/v2\/comments?post=5509"}],"wp:featuredmedia":[{"embeddable":true,"href":"https:\/\/casualplay.com\/es\/wp-json\/wp\/v2\/media\/6286"}],"wp:attachment":[{"href":"https:\/\/casualplay.com\/es\/wp-json\/wp\/v2\/media?parent=5509"}],"wp:term":[{"taxonomy":"product_brand","embeddable":true,"href":"https:\/\/casualplay.com\/es\/wp-json\/wp\/v2\/product_brand?post=5509"},{"taxonomy":"product_cat","embeddable":true,"href":"https:\/\/casualplay.com\/es\/wp-json\/wp\/v2\/product_cat?post=5509"},{"taxonomy":"product_tag","embeddable":true,"href":"https:\/\/casualplay.com\/es\/wp-json\/wp\/v2\/product_tag?post=5509"}],"curies":[{"name":"wp","href":"https:\/\/api.w.org\/{rel}","templated":true}]}}