{"id":4884,"date":"2024-12-16T09:24:58","date_gmt":"2024-12-16T09:24:58","guid":{"rendered":"https:\/\/casualplay.com\/?post_type=product&#038;p=4884"},"modified":"2025-07-01T10:15:24","modified_gmt":"2025-07-01T10:15:24","slug":"capazo-tour-twin-max","status":"publish","type":"product","link":"https:\/\/casualplay.com\/es\/producto\/capazo-tour-twin-max\/","title":{"rendered":"Capazo Tour Twin Max"},"content":{"rendered":"<div>\n<div dir=\"auto\" data-message-author-role=\"assistant\" data-message-id=\"9f7924d3-d686-4ce0-aeee-ae44549a72da\" data-message-model-slug=\"gpt-4o\">\n<div>\n<div>\n<p>El capazo blando para el cochecito gemelar Tour Twin Max combina funcionalidad, comodidad y dise\u00f1o ergon\u00f3mico para satisfacer las necesidades del beb\u00e9 y sus padres. Su estructura ligera y su asa de transporte integrada lo convierten en un accesorio pr\u00e1ctico y f\u00e1cil de manejar, ideal para el d\u00eda a d\u00eda. Se acopla de manera r\u00e1pida y segura al cochecito, proporcionando estabilidad en cada paseo, mientras que su interior acolchado crea un entorno acogedor y seguro para el descanso de los peque\u00f1os.<\/p>\n<p>El textil de alta calidad utilizado en este capazo es resistente, transpirable y cuenta con <strong>certificado Oeko Tex<\/strong>, adem\u00e1s de incluir un filtro de <strong>protecci\u00f3n UPF 50+<\/strong> en el tejido exterior, ofreciendo una protecci\u00f3n \u00f3ptima contra la radiaci\u00f3n solar. La capota, que incluye una <strong>ventana de ventilaci\u00f3n y visera<\/strong>, es desmontable y <strong>puede lavarse a m\u00e1quina<\/strong> para mantenerla siempre impecable.<\/p>\n<p>Con un dise\u00f1o plegable que facilita su almacenamiento cuando no se utiliza, el capazo blando Tour Twin Max es la soluci\u00f3n ideal para disfrutar de paseos c\u00f3modos, pr\u00e1cticos y seguros desde el primer d\u00eda.<\/p>\n<\/div>\n<\/div>\n<\/div>\n<\/div>\n<div>\n<div>\n<div><\/div>\n<\/div>\n<\/div>\n","protected":false},"excerpt":{"rendered":"<p>Ideal para los primeros meses de tu beb\u00e9, el capazo para Tour Twin Max es la opci\u00f3n perfecta para disfrutar de paseos c\u00f3modos y seguros desde el primer d\u00eda.<\/p>\n","protected":false},"featured_media":4905,"comment_status":"closed","ping_status":"closed","template":"","meta":{"_acf_changed":false},"product_brand":[],"product_cat":[297,147],"product_tag":[],"class_list":{"0":"post-4884","1":"product","2":"type-product","3":"status-publish","4":"has-post-thumbnail","6":"product_cat-paseo","7":"product_cat-hogar-y-accesorios","9":"first","10":"instock","11":"taxable","12":"shipping-taxable","13":"purchasable","14":"product-type-variable","15":"has-default-attributes"},"acf":[],"yoast_head":"<!-- This site is optimized with the Yoast SEO plugin v27.1.1 - https:\/\/yoast.com\/product\/yoast-seo-wordpress\/ -->\n<title>Capazo Tour Twin Max - Casualplay<\/title>\n<meta name=\"description\" content=\"El capazo ligero para cochecito gemelar Tour Twin Max es la opci\u00f3n perfecta para disfrutar de paseos c\u00f3modos y seguros desde el primer d\u00eda.\" \/>\n<meta name=\"robots\" content=\"index, follow, max-snippet:-1, max-image-preview:large, max-video-preview:-1\" \/>\n<link rel=\"canonical\" href=\"https:\/\/casualplay.com\/es\/producto\/capazo-tour-twin-max\/\" \/>\n<meta property=\"og:locale\" content=\"es_ES\" \/>\n<meta property=\"og:type\" content=\"article\" \/>\n<meta property=\"og:title\" content=\"Capazo Tour Twin Max - Casualplay\" \/>\n<meta property=\"og:description\" content=\"El capazo ligero para cochecito gemelar Tour Twin Max es la opci\u00f3n perfecta para disfrutar de paseos c\u00f3modos y seguros desde el primer d\u00eda.\" \/>\n<meta property=\"og:url\" content=\"https:\/\/casualplay.com\/es\/producto\/capazo-tour-twin-max\/\" \/>\n<meta property=\"og:site_name\" content=\"Casualplay\" \/>\n<meta property=\"article:modified_time\" content=\"2025-07-01T10:15:24+00:00\" \/>\n<meta property=\"og:image\" content=\"https:\/\/casualplay.com\/wp-content\/uploads\/griscapazotoursimagenesgaleria1.webp\" \/>\n\t<meta property=\"og:image:width\" content=\"2083\" \/>\n\t<meta property=\"og:image:height\" content=\"2383\" \/>\n\t<meta property=\"og:image:type\" content=\"image\/webp\" \/>\n<meta name=\"twitter:card\" content=\"summary_large_image\" \/>\n<meta name=\"twitter:label1\" content=\"Tiempo de lectura\" \/>\n\t<meta name=\"twitter:data1\" content=\"2 minutos\" \/>\n<script type=\"application\/ld+json\" class=\"yoast-schema-graph\">{\"@context\":\"https:\/\/schema.org\",\"@graph\":[{\"@type\":\"WebPage\",\"@id\":\"https:\/\/casualplay.com\/es\/producto\/capazo-tour-twin-max\/\",\"url\":\"https:\/\/casualplay.com\/es\/producto\/capazo-tour-twin-max\/\",\"name\":\"Capazo Tour Twin Max - Casualplay\",\"isPartOf\":{\"@id\":\"https:\/\/casualplay.com\/es\/#website\"},\"primaryImageOfPage\":{\"@id\":\"https:\/\/casualplay.com\/es\/producto\/capazo-tour-twin-max\/#primaryimage\"},\"image\":{\"@id\":\"https:\/\/casualplay.com\/es\/producto\/capazo-tour-twin-max\/#primaryimage\"},\"thumbnailUrl\":\"https:\/\/casualplay.com\/wp-content\/uploads\/griscapazotoursimagenesgaleria1.webp\",\"datePublished\":\"2024-12-16T09:24:58+00:00\",\"dateModified\":\"2025-07-01T10:15:24+00:00\",\"description\":\"El capazo ligero para cochecito gemelar Tour Twin Max es la opci\u00f3n perfecta para disfrutar de paseos c\u00f3modos y seguros desde el primer d\u00eda.\",\"breadcrumb\":{\"@id\":\"https:\/\/casualplay.com\/es\/producto\/capazo-tour-twin-max\/#breadcrumb\"},\"inLanguage\":\"es\",\"potentialAction\":[{\"@type\":\"ReadAction\",\"target\":[\"https:\/\/casualplay.com\/es\/producto\/capazo-tour-twin-max\/\"]}]},{\"@type\":\"ImageObject\",\"inLanguage\":\"es\",\"@id\":\"https:\/\/casualplay.com\/es\/producto\/capazo-tour-twin-max\/#primaryimage\",\"url\":\"https:\/\/casualplay.com\/wp-content\/uploads\/griscapazotoursimagenesgaleria1.webp\",\"contentUrl\":\"https:\/\/casualplay.com\/wp-content\/uploads\/griscapazotoursimagenesgaleria1.webp\",\"width\":2083,\"height\":2383},{\"@type\":\"BreadcrumbList\",\"@id\":\"https:\/\/casualplay.com\/es\/producto\/capazo-tour-twin-max\/#breadcrumb\",\"itemListElement\":[{\"@type\":\"ListItem\",\"position\":1,\"name\":\"Portada\",\"item\":\"https:\/\/casualplay.com\/es\/\"},{\"@type\":\"ListItem\",\"position\":2,\"name\":\"Tienda\",\"item\":\"https:\/\/casualplay.com\/es\/tienda\/\"},{\"@type\":\"ListItem\",\"position\":3,\"name\":\"Capazo Tour Twin Max\"}]},{\"@type\":\"WebSite\",\"@id\":\"https:\/\/casualplay.com\/es\/#website\",\"url\":\"https:\/\/casualplay.com\/es\/\",\"name\":\"Casualplay\",\"description\":\"Making Life Fun\",\"publisher\":{\"@id\":\"https:\/\/casualplay.com\/es\/#organization\"},\"potentialAction\":[{\"@type\":\"SearchAction\",\"target\":{\"@type\":\"EntryPoint\",\"urlTemplate\":\"https:\/\/casualplay.com\/es\/?s={search_term_string}\"},\"query-input\":{\"@type\":\"PropertyValueSpecification\",\"valueRequired\":true,\"valueName\":\"search_term_string\"}}],\"inLanguage\":\"es\"},{\"@type\":\"Organization\",\"@id\":\"https:\/\/casualplay.com\/es\/#organization\",\"name\":\"Casualplay\",\"url\":\"https:\/\/casualplay.com\/es\/\",\"logo\":{\"@type\":\"ImageObject\",\"inLanguage\":\"es\",\"@id\":\"https:\/\/casualplay.com\/es\/#\/schema\/logo\/image\/\",\"url\":\"https:\/\/casualplay.com\/wp-content\/uploads\/logo-casualplay.png\",\"contentUrl\":\"https:\/\/casualplay.com\/wp-content\/uploads\/logo-casualplay.png\",\"width\":410,\"height\":82,\"caption\":\"Casualplay\"},\"image\":{\"@id\":\"https:\/\/casualplay.com\/es\/#\/schema\/logo\/image\/\"}}]}<\/script>\n<!-- \/ Yoast SEO plugin. -->","yoast_head_json":{"title":"Capazo Tour Twin Max - Casualplay","description":"El capazo ligero para cochecito gemelar Tour Twin Max es la opci\u00f3n perfecta para disfrutar de paseos c\u00f3modos y seguros desde el primer d\u00eda.","robots":{"index":"index","follow":"follow","max-snippet":"max-snippet:-1","max-image-preview":"max-image-preview:large","max-video-preview":"max-video-preview:-1"},"canonical":"https:\/\/casualplay.com\/es\/producto\/capazo-tour-twin-max\/","og_locale":"es_ES","og_type":"article","og_title":"Capazo Tour Twin Max - Casualplay","og_description":"El capazo ligero para cochecito gemelar Tour Twin Max es la opci\u00f3n perfecta para disfrutar de paseos c\u00f3modos y seguros desde el primer d\u00eda.","og_url":"https:\/\/casualplay.com\/es\/producto\/capazo-tour-twin-max\/","og_site_name":"Casualplay","article_modified_time":"2025-07-01T10:15:24+00:00","og_image":[{"width":2083,"height":2383,"url":"https:\/\/casualplay.com\/wp-content\/uploads\/griscapazotoursimagenesgaleria1.webp","type":"image\/webp"}],"twitter_card":"summary_large_image","twitter_misc":{"Tiempo de lectura":"2 minutos"},"schema":{"@context":"https:\/\/schema.org","@graph":[{"@type":"WebPage","@id":"https:\/\/casualplay.com\/es\/producto\/capazo-tour-twin-max\/","url":"https:\/\/casualplay.com\/es\/producto\/capazo-tour-twin-max\/","name":"Capazo Tour Twin Max - Casualplay","isPartOf":{"@id":"https:\/\/casualplay.com\/es\/#website"},"primaryImageOfPage":{"@id":"https:\/\/casualplay.com\/es\/producto\/capazo-tour-twin-max\/#primaryimage"},"image":{"@id":"https:\/\/casualplay.com\/es\/producto\/capazo-tour-twin-max\/#primaryimage"},"thumbnailUrl":"https:\/\/casualplay.com\/wp-content\/uploads\/griscapazotoursimagenesgaleria1.webp","datePublished":"2024-12-16T09:24:58+00:00","dateModified":"2025-07-01T10:15:24+00:00","description":"El capazo ligero para cochecito gemelar Tour Twin Max es la opci\u00f3n perfecta para disfrutar de paseos c\u00f3modos y seguros desde el primer d\u00eda.","breadcrumb":{"@id":"https:\/\/casualplay.com\/es\/producto\/capazo-tour-twin-max\/#breadcrumb"},"inLanguage":"es","potentialAction":[{"@type":"ReadAction","target":["https:\/\/casualplay.com\/es\/producto\/capazo-tour-twin-max\/"]}]},{"@type":"ImageObject","inLanguage":"es","@id":"https:\/\/casualplay.com\/es\/producto\/capazo-tour-twin-max\/#primaryimage","url":"https:\/\/casualplay.com\/wp-content\/uploads\/griscapazotoursimagenesgaleria1.webp","contentUrl":"https:\/\/casualplay.com\/wp-content\/uploads\/griscapazotoursimagenesgaleria1.webp","width":2083,"height":2383},{"@type":"BreadcrumbList","@id":"https:\/\/casualplay.com\/es\/producto\/capazo-tour-twin-max\/#breadcrumb","itemListElement":[{"@type":"ListItem","position":1,"name":"Portada","item":"https:\/\/casualplay.com\/es\/"},{"@type":"ListItem","position":2,"name":"Tienda","item":"https:\/\/casualplay.com\/es\/tienda\/"},{"@type":"ListItem","position":3,"name":"Capazo Tour Twin Max"}]},{"@type":"WebSite","@id":"https:\/\/casualplay.com\/es\/#website","url":"https:\/\/casualplay.com\/es\/","name":"Casualplay","description":"Making Life Fun","publisher":{"@id":"https:\/\/casualplay.com\/es\/#organization"},"potentialAction":[{"@type":"SearchAction","target":{"@type":"EntryPoint","urlTemplate":"https:\/\/casualplay.com\/es\/?s={search_term_string}"},"query-input":{"@type":"PropertyValueSpecification","valueRequired":true,"valueName":"search_term_string"}}],"inLanguage":"es"},{"@type":"Organization","@id":"https:\/\/casualplay.com\/es\/#organization","name":"Casualplay","url":"https:\/\/casualplay.com\/es\/","logo":{"@type":"ImageObject","inLanguage":"es","@id":"https:\/\/casualplay.com\/es\/#\/schema\/logo\/image\/","url":"https:\/\/casualplay.com\/wp-content\/uploads\/logo-casualplay.png","contentUrl":"https:\/\/casualplay.com\/wp-content\/uploads\/logo-casualplay.png","width":410,"height":82,"caption":"Casualplay"},"image":{"@id":"https:\/\/casualplay.com\/es\/#\/schema\/logo\/image\/"}}]}},"_links":{"self":[{"href":"https:\/\/casualplay.com\/es\/wp-json\/wp\/v2\/product\/4884","targetHints":{"allow":["GET"]}}],"collection":[{"href":"https:\/\/casualplay.com\/es\/wp-json\/wp\/v2\/product"}],"about":[{"href":"https:\/\/casualplay.com\/es\/wp-json\/wp\/v2\/types\/product"}],"replies":[{"embeddable":true,"href":"https:\/\/casualplay.com\/es\/wp-json\/wp\/v2\/comments?post=4884"}],"wp:featuredmedia":[{"embeddable":true,"href":"https:\/\/casualplay.com\/es\/wp-json\/wp\/v2\/media\/4905"}],"wp:attachment":[{"href":"https:\/\/casualplay.com\/es\/wp-json\/wp\/v2\/media?parent=4884"}],"wp:term":[{"taxonomy":"product_brand","embeddable":true,"href":"https:\/\/casualplay.com\/es\/wp-json\/wp\/v2\/product_brand?post=4884"},{"taxonomy":"product_cat","embeddable":true,"href":"https:\/\/casualplay.com\/es\/wp-json\/wp\/v2\/product_cat?post=4884"},{"taxonomy":"product_tag","embeddable":true,"href":"https:\/\/casualplay.com\/es\/wp-json\/wp\/v2\/product_tag?post=4884"}],"curies":[{"name":"wp","href":"https:\/\/api.w.org\/{rel}","templated":true}]}}