{"id":4190,"date":"2024-10-30T14:22:58","date_gmt":"2024-10-30T14:22:58","guid":{"rendered":"https:\/\/casualplay.com\/?post_type=product&#038;p=4190"},"modified":"2025-02-12T16:28:58","modified_gmt":"2025-02-12T16:28:58","slug":"optim-con-capazo","status":"publish","type":"product","link":"https:\/\/casualplay.com\/es\/producto\/optim-con-capazo\/","title":{"rendered":"Optim ( con capazo)"},"content":{"rendered":"<p>Las ciudades son cada vez m\u00e1s din\u00e1micas y requieren de agilidad y flexibilidad. Por eso el carrito Optim es el preferido de los pap\u00e1s y mam\u00e1s m\u00e1s pr\u00e1cticos y habituados a los cambios constantes.<\/p>\n<p><strong>Silla de Paseo<\/strong><\/p>\n<p>Permite colocar al beb\u00e9 en dos posiciones: mirando hacia los padres o hacia el frente facilitando la interacci\u00f3n\u00a0 o la exploraci\u00f3n.<\/p>\n<p>Adem\u00e1s de su f\u00e1cil plegado compacto en ambos sentidos facilitando su almacenamiento y transporte.<\/p>\n<p>Esta silla de paseo reversible es ideal para padres que buscan versatilidad y comodidad, adapt\u00e1ndose a las necesidades del beb\u00e9 y ofreciendo una experiencia de paseo placentera.<\/p>\n<p>&nbsp;<\/p>\n<p><strong>Capazo<\/strong><\/p>\n<p>Es una opci\u00f3n excelente para los primeros meses del beb\u00e9 ya proporciona un espacio acogedor y seguro para el beb\u00e9, dise\u00f1ado con un soporte adecuado para su cabeza y cuerpo.\u00a0 Adem\u00e1s permite llevar al beb\u00e9 en posici\u00f3n horizontal, lo que es ideal para su desarrollo y salud.<\/p>\n<p>&nbsp;<\/p>\n","protected":false},"excerpt":{"rendered":"<p>Las ciudades son cada vez m\u00e1s din\u00e1micas y requieren de agilidad y flexibilidad. Por eso el carrito Optim es el preferido de los pap\u00e1s y mam\u00e1s m\u00e1s pr\u00e1cticos y habituados &hellip;<\/p>\n","protected":false},"featured_media":4275,"comment_status":"closed","ping_status":"closed","template":"","meta":{"_acf_changed":false},"product_brand":[],"product_cat":[55,63],"product_tag":[],"class_list":{"0":"post-4190","1":"product","2":"type-product","3":"status-publish","4":"has-post-thumbnail","6":"product_cat-carritos-2-en-1","7":"product_cat-outlet","9":"first","10":"instock","11":"sale","12":"taxable","13":"shipping-taxable","14":"purchasable","15":"product-type-variable","16":"has-default-attributes"},"acf":[],"yoast_head":"<!-- This site is optimized with the Yoast SEO plugin v27.1.1 - https:\/\/yoast.com\/product\/yoast-seo-wordpress\/ -->\n<title>Optim ( con capazo) - Casualplay<\/title>\n<meta name=\"robots\" content=\"index, follow, max-snippet:-1, max-image-preview:large, max-video-preview:-1\" \/>\n<link rel=\"canonical\" href=\"https:\/\/casualplay.com\/es\/producto\/optim-con-capazo\/\" \/>\n<meta property=\"og:locale\" content=\"es_ES\" \/>\n<meta property=\"og:type\" content=\"article\" \/>\n<meta property=\"og:title\" content=\"Optim ( con capazo) - Casualplay\" \/>\n<meta property=\"og:description\" content=\"Las ciudades son cada vez m\u00e1s din\u00e1micas y requieren de agilidad y flexibilidad. Por eso el carrito Optim es el preferido de los pap\u00e1s y mam\u00e1s m\u00e1s pr\u00e1cticos y habituados &hellip;\" \/>\n<meta property=\"og:url\" content=\"https:\/\/casualplay.com\/es\/producto\/optim-con-capazo\/\" \/>\n<meta property=\"og:site_name\" content=\"Casualplay\" \/>\n<meta property=\"article:modified_time\" content=\"2025-02-12T16:28:58+00:00\" \/>\n<meta property=\"og:image\" content=\"https:\/\/casualplay.com\/wp-content\/uploads\/optimm4imagenesgaleria7143.jpg\" \/>\n\t<meta property=\"og:image:width\" content=\"1000\" \/>\n\t<meta property=\"og:image:height\" content=\"1144\" \/>\n\t<meta property=\"og:image:type\" content=\"image\/jpeg\" \/>\n<meta name=\"twitter:card\" content=\"summary_large_image\" \/>\n<meta name=\"twitter:label1\" content=\"Tiempo de lectura\" \/>\n\t<meta name=\"twitter:data1\" content=\"1 minuto\" \/>\n<script type=\"application\/ld+json\" class=\"yoast-schema-graph\">{\"@context\":\"https:\/\/schema.org\",\"@graph\":[{\"@type\":\"WebPage\",\"@id\":\"https:\/\/casualplay.com\/es\/producto\/optim-con-capazo\/\",\"url\":\"https:\/\/casualplay.com\/es\/producto\/optim-con-capazo\/\",\"name\":\"Optim ( con capazo) - Casualplay\",\"isPartOf\":{\"@id\":\"https:\/\/casualplay.com\/es\/#website\"},\"primaryImageOfPage\":{\"@id\":\"https:\/\/casualplay.com\/es\/producto\/optim-con-capazo\/#primaryimage\"},\"image\":{\"@id\":\"https:\/\/casualplay.com\/es\/producto\/optim-con-capazo\/#primaryimage\"},\"thumbnailUrl\":\"https:\/\/casualplay.com\/wp-content\/uploads\/optimm4imagenesgaleria7143.jpg\",\"datePublished\":\"2024-10-30T14:22:58+00:00\",\"dateModified\":\"2025-02-12T16:28:58+00:00\",\"breadcrumb\":{\"@id\":\"https:\/\/casualplay.com\/es\/producto\/optim-con-capazo\/#breadcrumb\"},\"inLanguage\":\"es\",\"potentialAction\":[{\"@type\":\"ReadAction\",\"target\":[\"https:\/\/casualplay.com\/es\/producto\/optim-con-capazo\/\"]}]},{\"@type\":\"ImageObject\",\"inLanguage\":\"es\",\"@id\":\"https:\/\/casualplay.com\/es\/producto\/optim-con-capazo\/#primaryimage\",\"url\":\"https:\/\/casualplay.com\/wp-content\/uploads\/optimm4imagenesgaleria7143.jpg\",\"contentUrl\":\"https:\/\/casualplay.com\/wp-content\/uploads\/optimm4imagenesgaleria7143.jpg\",\"width\":1000,\"height\":1144},{\"@type\":\"BreadcrumbList\",\"@id\":\"https:\/\/casualplay.com\/es\/producto\/optim-con-capazo\/#breadcrumb\",\"itemListElement\":[{\"@type\":\"ListItem\",\"position\":1,\"name\":\"Portada\",\"item\":\"https:\/\/casualplay.com\/es\/\"},{\"@type\":\"ListItem\",\"position\":2,\"name\":\"Tienda\",\"item\":\"https:\/\/casualplay.com\/es\/tienda\/\"},{\"@type\":\"ListItem\",\"position\":3,\"name\":\"Optim ( con capazo)\"}]},{\"@type\":\"WebSite\",\"@id\":\"https:\/\/casualplay.com\/es\/#website\",\"url\":\"https:\/\/casualplay.com\/es\/\",\"name\":\"Casualplay\",\"description\":\"Making Life Fun\",\"publisher\":{\"@id\":\"https:\/\/casualplay.com\/es\/#organization\"},\"potentialAction\":[{\"@type\":\"SearchAction\",\"target\":{\"@type\":\"EntryPoint\",\"urlTemplate\":\"https:\/\/casualplay.com\/es\/?s={search_term_string}\"},\"query-input\":{\"@type\":\"PropertyValueSpecification\",\"valueRequired\":true,\"valueName\":\"search_term_string\"}}],\"inLanguage\":\"es\"},{\"@type\":\"Organization\",\"@id\":\"https:\/\/casualplay.com\/es\/#organization\",\"name\":\"Casualplay\",\"url\":\"https:\/\/casualplay.com\/es\/\",\"logo\":{\"@type\":\"ImageObject\",\"inLanguage\":\"es\",\"@id\":\"https:\/\/casualplay.com\/es\/#\/schema\/logo\/image\/\",\"url\":\"https:\/\/casualplay.com\/wp-content\/uploads\/logo-casualplay.png\",\"contentUrl\":\"https:\/\/casualplay.com\/wp-content\/uploads\/logo-casualplay.png\",\"width\":410,\"height\":82,\"caption\":\"Casualplay\"},\"image\":{\"@id\":\"https:\/\/casualplay.com\/es\/#\/schema\/logo\/image\/\"}}]}<\/script>\n<!-- \/ Yoast SEO plugin. -->","yoast_head_json":{"title":"Optim ( con capazo) - Casualplay","robots":{"index":"index","follow":"follow","max-snippet":"max-snippet:-1","max-image-preview":"max-image-preview:large","max-video-preview":"max-video-preview:-1"},"canonical":"https:\/\/casualplay.com\/es\/producto\/optim-con-capazo\/","og_locale":"es_ES","og_type":"article","og_title":"Optim ( con capazo) - Casualplay","og_description":"Las ciudades son cada vez m\u00e1s din\u00e1micas y requieren de agilidad y flexibilidad. Por eso el carrito Optim es el preferido de los pap\u00e1s y mam\u00e1s m\u00e1s pr\u00e1cticos y habituados &hellip;","og_url":"https:\/\/casualplay.com\/es\/producto\/optim-con-capazo\/","og_site_name":"Casualplay","article_modified_time":"2025-02-12T16:28:58+00:00","og_image":[{"width":1000,"height":1144,"url":"https:\/\/casualplay.com\/wp-content\/uploads\/optimm4imagenesgaleria7143.jpg","type":"image\/jpeg"}],"twitter_card":"summary_large_image","twitter_misc":{"Tiempo de lectura":"1 minuto"},"schema":{"@context":"https:\/\/schema.org","@graph":[{"@type":"WebPage","@id":"https:\/\/casualplay.com\/es\/producto\/optim-con-capazo\/","url":"https:\/\/casualplay.com\/es\/producto\/optim-con-capazo\/","name":"Optim ( con capazo) - Casualplay","isPartOf":{"@id":"https:\/\/casualplay.com\/es\/#website"},"primaryImageOfPage":{"@id":"https:\/\/casualplay.com\/es\/producto\/optim-con-capazo\/#primaryimage"},"image":{"@id":"https:\/\/casualplay.com\/es\/producto\/optim-con-capazo\/#primaryimage"},"thumbnailUrl":"https:\/\/casualplay.com\/wp-content\/uploads\/optimm4imagenesgaleria7143.jpg","datePublished":"2024-10-30T14:22:58+00:00","dateModified":"2025-02-12T16:28:58+00:00","breadcrumb":{"@id":"https:\/\/casualplay.com\/es\/producto\/optim-con-capazo\/#breadcrumb"},"inLanguage":"es","potentialAction":[{"@type":"ReadAction","target":["https:\/\/casualplay.com\/es\/producto\/optim-con-capazo\/"]}]},{"@type":"ImageObject","inLanguage":"es","@id":"https:\/\/casualplay.com\/es\/producto\/optim-con-capazo\/#primaryimage","url":"https:\/\/casualplay.com\/wp-content\/uploads\/optimm4imagenesgaleria7143.jpg","contentUrl":"https:\/\/casualplay.com\/wp-content\/uploads\/optimm4imagenesgaleria7143.jpg","width":1000,"height":1144},{"@type":"BreadcrumbList","@id":"https:\/\/casualplay.com\/es\/producto\/optim-con-capazo\/#breadcrumb","itemListElement":[{"@type":"ListItem","position":1,"name":"Portada","item":"https:\/\/casualplay.com\/es\/"},{"@type":"ListItem","position":2,"name":"Tienda","item":"https:\/\/casualplay.com\/es\/tienda\/"},{"@type":"ListItem","position":3,"name":"Optim ( con capazo)"}]},{"@type":"WebSite","@id":"https:\/\/casualplay.com\/es\/#website","url":"https:\/\/casualplay.com\/es\/","name":"Casualplay","description":"Making Life Fun","publisher":{"@id":"https:\/\/casualplay.com\/es\/#organization"},"potentialAction":[{"@type":"SearchAction","target":{"@type":"EntryPoint","urlTemplate":"https:\/\/casualplay.com\/es\/?s={search_term_string}"},"query-input":{"@type":"PropertyValueSpecification","valueRequired":true,"valueName":"search_term_string"}}],"inLanguage":"es"},{"@type":"Organization","@id":"https:\/\/casualplay.com\/es\/#organization","name":"Casualplay","url":"https:\/\/casualplay.com\/es\/","logo":{"@type":"ImageObject","inLanguage":"es","@id":"https:\/\/casualplay.com\/es\/#\/schema\/logo\/image\/","url":"https:\/\/casualplay.com\/wp-content\/uploads\/logo-casualplay.png","contentUrl":"https:\/\/casualplay.com\/wp-content\/uploads\/logo-casualplay.png","width":410,"height":82,"caption":"Casualplay"},"image":{"@id":"https:\/\/casualplay.com\/es\/#\/schema\/logo\/image\/"}}]}},"_links":{"self":[{"href":"https:\/\/casualplay.com\/es\/wp-json\/wp\/v2\/product\/4190","targetHints":{"allow":["GET"]}}],"collection":[{"href":"https:\/\/casualplay.com\/es\/wp-json\/wp\/v2\/product"}],"about":[{"href":"https:\/\/casualplay.com\/es\/wp-json\/wp\/v2\/types\/product"}],"replies":[{"embeddable":true,"href":"https:\/\/casualplay.com\/es\/wp-json\/wp\/v2\/comments?post=4190"}],"wp:featuredmedia":[{"embeddable":true,"href":"https:\/\/casualplay.com\/es\/wp-json\/wp\/v2\/media\/4275"}],"wp:attachment":[{"href":"https:\/\/casualplay.com\/es\/wp-json\/wp\/v2\/media?parent=4190"}],"wp:term":[{"taxonomy":"product_brand","embeddable":true,"href":"https:\/\/casualplay.com\/es\/wp-json\/wp\/v2\/product_brand?post=4190"},{"taxonomy":"product_cat","embeddable":true,"href":"https:\/\/casualplay.com\/es\/wp-json\/wp\/v2\/product_cat?post=4190"},{"taxonomy":"product_tag","embeddable":true,"href":"https:\/\/casualplay.com\/es\/wp-json\/wp\/v2\/product_tag?post=4190"}],"curies":[{"name":"wp","href":"https:\/\/api.w.org\/{rel}","templated":true}]}}