{"id":2443,"date":"2024-10-15T14:59:35","date_gmt":"2024-10-15T14:59:35","guid":{"rendered":"https:\/\/casualplay.com\/product\/space\/"},"modified":"2025-12-26T16:28:33","modified_gmt":"2025-12-26T16:28:33","slug":"space","status":"publish","type":"product","link":"https:\/\/casualplay.com\/es\/producto\/space\/","title":{"rendered":"Space ( con capazo y grupo 0)"},"content":{"rendered":"<p>El \u00e9xito de una aventura depende en gran medida de la equipaci\u00f3n. Por eso el cochecito Space es la silla perfecta para las familias todoterreno. Sus grandes ruedas y resistentes disminuyen el efecto rebote por terrenos irregulares:<\/p>\n<p><strong>La silla de paseo\u00a0<\/strong><\/p>\n<p>Permiten al ni\u00f1o mirar hacia los padres o hacia el mundo, lo que puede ser beneficioso para su desarrollo y socializaci\u00f3n. Adem\u00e1s la opci\u00f3n de tener al ni\u00f1o mirando hacia el adulto fomenta una mayor interacci\u00f3n y conexi\u00f3n emocional durante los paseos<\/p>\n<p>Con el plegado a ambos lados, la silla se puede ajustar f\u00e1cilmente seg\u00fan el espacio disponible, lo que es ideal para guardar en lugares reducidos o para facilitar el transporte<\/p>\n<p><strong>Capazo\u00a0<\/strong><\/p>\n<p>Permite ajustar la posici\u00f3n del respaldo para adaptarse a la comodidad del beb\u00e9, favoreciendo una mejor postura y descanso.\u00a0Al permitir una inclinaci\u00f3n adecuada, ayuda a facilitar la respiraci\u00f3n y la circulaci\u00f3n sangu\u00ednea del beb\u00e9, as\u00ed como para los que sufren de reflujo, una posici\u00f3n m\u00e1s elevada puede ayudar a minimizar las molestias.<\/p>\n<p>Adem\u00e1s lo podr\u00e1s llevar en modo balanc\u00edn o fijo.<\/p>\n<p><strong>Grupo 0 Verai<\/strong><\/p>\n<p>Dise\u00f1ada para reci\u00e9n nacidos y beb\u00e9s de hasta aproximadamente 13 kg (alrededor de 12-15 meses) o 40-83 cm de altura.<\/p>\n<p>Podr\u00e1s anclarlo al chasis de la silla para facilitar la transici\u00f3n entre el coche y el paseo.<\/p>\n<p><span style=\"font-size: 10pt;\">Nota: Base del Grupo 0 Verai para instalarlo en el coche se vende por separado<\/span><\/p>\n<p>&nbsp;<\/p>\n","protected":false},"excerpt":{"rendered":"<p>El \u00e9xito de una aventura depende en gran medida de la equipaci\u00f3n. Por eso el cochecito Space es la silla perfecta para las familias todoterreno. Sus grandes ruedas y resistentes disminuyen el efecto rebote por terrenos irregulares:<\/p>\n","protected":false},"featured_media":4125,"comment_status":"open","ping_status":"closed","template":"","meta":{"_acf_changed":false},"product_brand":[318],"product_cat":[54,63],"product_tag":[329,328],"class_list":{"0":"post-2443","1":"product","2":"type-product","3":"status-publish","4":"has-post-thumbnail","6":"product_brand-casualplay","7":"product_cat-carritos-3-en-1","8":"product_cat-outlet","9":"product_tag-outlet","10":"product_tag-trio","12":"first","13":"instock","14":"sale","15":"purchasable","16":"product-type-variable","17":"has-default-attributes"},"acf":[],"yoast_head":"<!-- This site is optimized with the Yoast SEO plugin v27.3 - https:\/\/yoast.com\/product\/yoast-seo-wordpress\/ -->\n<title>Space ( con capazo y grupo 0) - Casualplay<\/title>\n<meta name=\"robots\" content=\"index, follow, max-snippet:-1, max-image-preview:large, max-video-preview:-1\" \/>\n<link rel=\"canonical\" href=\"https:\/\/casualplay.com\/es\/producto\/space\/\" \/>\n<meta property=\"og:locale\" content=\"es_ES\" \/>\n<meta property=\"og:type\" content=\"article\" \/>\n<meta property=\"og:title\" content=\"Space ( con capazo y grupo 0) - Casualplay\" \/>\n<meta property=\"og:description\" content=\"El \u00e9xito de una aventura depende en gran medida de la equipaci\u00f3n. Por eso el cochecito Space es la silla perfecta para las familias todoterreno. Sus grandes ruedas y resistentes disminuyen el efecto rebote por terrenos irregulares:\" \/>\n<meta property=\"og:url\" content=\"https:\/\/casualplay.com\/es\/producto\/space\/\" \/>\n<meta property=\"og:site_name\" content=\"Casualplay\" \/>\n<meta property=\"article:modified_time\" content=\"2025-12-26T16:28:33+00:00\" \/>\n<meta property=\"og:image\" content=\"https:\/\/casualplay.com\/wp-content\/uploads\/spacem3imagengaleria607.jpg\" \/>\n\t<meta property=\"og:image:width\" content=\"1000\" \/>\n\t<meta property=\"og:image:height\" content=\"1144\" \/>\n\t<meta property=\"og:image:type\" content=\"image\/jpeg\" \/>\n<meta name=\"twitter:card\" content=\"summary_large_image\" \/>\n<meta name=\"twitter:label1\" content=\"Tiempo de lectura\" \/>\n\t<meta name=\"twitter:data1\" content=\"2 minutos\" \/>\n<script type=\"application\/ld+json\" class=\"yoast-schema-graph\">{\"@context\":\"https:\\\/\\\/schema.org\",\"@graph\":[{\"@type\":\"WebPage\",\"@id\":\"https:\\\/\\\/casualplay.com\\\/es\\\/producto\\\/space\\\/\",\"url\":\"https:\\\/\\\/casualplay.com\\\/es\\\/producto\\\/space\\\/\",\"name\":\"Space ( con capazo y grupo 0) - Casualplay\",\"isPartOf\":{\"@id\":\"https:\\\/\\\/casualplay.com\\\/es\\\/#website\"},\"primaryImageOfPage\":{\"@id\":\"https:\\\/\\\/casualplay.com\\\/es\\\/producto\\\/space\\\/#primaryimage\"},\"image\":{\"@id\":\"https:\\\/\\\/casualplay.com\\\/es\\\/producto\\\/space\\\/#primaryimage\"},\"thumbnailUrl\":\"https:\\\/\\\/casualplay.com\\\/wp-content\\\/uploads\\\/spacem3imagengaleria607.jpg\",\"datePublished\":\"2024-10-15T14:59:35+00:00\",\"dateModified\":\"2025-12-26T16:28:33+00:00\",\"breadcrumb\":{\"@id\":\"https:\\\/\\\/casualplay.com\\\/es\\\/producto\\\/space\\\/#breadcrumb\"},\"inLanguage\":\"es\",\"potentialAction\":[{\"@type\":\"ReadAction\",\"target\":[\"https:\\\/\\\/casualplay.com\\\/es\\\/producto\\\/space\\\/\"]}]},{\"@type\":\"ImageObject\",\"inLanguage\":\"es\",\"@id\":\"https:\\\/\\\/casualplay.com\\\/es\\\/producto\\\/space\\\/#primaryimage\",\"url\":\"https:\\\/\\\/casualplay.com\\\/wp-content\\\/uploads\\\/spacem3imagengaleria607.jpg\",\"contentUrl\":\"https:\\\/\\\/casualplay.com\\\/wp-content\\\/uploads\\\/spacem3imagengaleria607.jpg\",\"width\":1000,\"height\":1144},{\"@type\":\"BreadcrumbList\",\"@id\":\"https:\\\/\\\/casualplay.com\\\/es\\\/producto\\\/space\\\/#breadcrumb\",\"itemListElement\":[{\"@type\":\"ListItem\",\"position\":1,\"name\":\"Portada\",\"item\":\"https:\\\/\\\/casualplay.com\\\/es\\\/\"},{\"@type\":\"ListItem\",\"position\":2,\"name\":\"Tienda\",\"item\":\"https:\\\/\\\/casualplay.com\\\/es\\\/tienda\\\/\"},{\"@type\":\"ListItem\",\"position\":3,\"name\":\"Space ( con capazo y grupo 0)\"}]},{\"@type\":\"WebSite\",\"@id\":\"https:\\\/\\\/casualplay.com\\\/es\\\/#website\",\"url\":\"https:\\\/\\\/casualplay.com\\\/es\\\/\",\"name\":\"Casualplay\",\"description\":\"Making Life Fun\",\"publisher\":{\"@id\":\"https:\\\/\\\/casualplay.com\\\/es\\\/#organization\"},\"potentialAction\":[{\"@type\":\"SearchAction\",\"target\":{\"@type\":\"EntryPoint\",\"urlTemplate\":\"https:\\\/\\\/casualplay.com\\\/es\\\/?s={search_term_string}\"},\"query-input\":{\"@type\":\"PropertyValueSpecification\",\"valueRequired\":true,\"valueName\":\"search_term_string\"}}],\"inLanguage\":\"es\"},{\"@type\":\"Organization\",\"@id\":\"https:\\\/\\\/casualplay.com\\\/es\\\/#organization\",\"name\":\"Casualplay\",\"url\":\"https:\\\/\\\/casualplay.com\\\/es\\\/\",\"logo\":{\"@type\":\"ImageObject\",\"inLanguage\":\"es\",\"@id\":\"https:\\\/\\\/casualplay.com\\\/es\\\/#\\\/schema\\\/logo\\\/image\\\/\",\"url\":\"https:\\\/\\\/casualplay.com\\\/wp-content\\\/uploads\\\/logo-casualplay.png\",\"contentUrl\":\"https:\\\/\\\/casualplay.com\\\/wp-content\\\/uploads\\\/logo-casualplay.png\",\"width\":410,\"height\":82,\"caption\":\"Casualplay\"},\"image\":{\"@id\":\"https:\\\/\\\/casualplay.com\\\/es\\\/#\\\/schema\\\/logo\\\/image\\\/\"}}]}<\/script>\n<!-- \/ Yoast SEO plugin. -->","yoast_head_json":{"title":"Space ( con capazo y grupo 0) - Casualplay","robots":{"index":"index","follow":"follow","max-snippet":"max-snippet:-1","max-image-preview":"max-image-preview:large","max-video-preview":"max-video-preview:-1"},"canonical":"https:\/\/casualplay.com\/es\/producto\/space\/","og_locale":"es_ES","og_type":"article","og_title":"Space ( con capazo y grupo 0) - Casualplay","og_description":"El \u00e9xito de una aventura depende en gran medida de la equipaci\u00f3n. Por eso el cochecito Space es la silla perfecta para las familias todoterreno. Sus grandes ruedas y resistentes disminuyen el efecto rebote por terrenos irregulares:","og_url":"https:\/\/casualplay.com\/es\/producto\/space\/","og_site_name":"Casualplay","article_modified_time":"2025-12-26T16:28:33+00:00","og_image":[{"width":1000,"height":1144,"url":"https:\/\/casualplay.com\/wp-content\/uploads\/spacem3imagengaleria607.jpg","type":"image\/jpeg"}],"twitter_card":"summary_large_image","twitter_misc":{"Tiempo de lectura":"2 minutos"},"schema":{"@context":"https:\/\/schema.org","@graph":[{"@type":"WebPage","@id":"https:\/\/casualplay.com\/es\/producto\/space\/","url":"https:\/\/casualplay.com\/es\/producto\/space\/","name":"Space ( con capazo y grupo 0) - Casualplay","isPartOf":{"@id":"https:\/\/casualplay.com\/es\/#website"},"primaryImageOfPage":{"@id":"https:\/\/casualplay.com\/es\/producto\/space\/#primaryimage"},"image":{"@id":"https:\/\/casualplay.com\/es\/producto\/space\/#primaryimage"},"thumbnailUrl":"https:\/\/casualplay.com\/wp-content\/uploads\/spacem3imagengaleria607.jpg","datePublished":"2024-10-15T14:59:35+00:00","dateModified":"2025-12-26T16:28:33+00:00","breadcrumb":{"@id":"https:\/\/casualplay.com\/es\/producto\/space\/#breadcrumb"},"inLanguage":"es","potentialAction":[{"@type":"ReadAction","target":["https:\/\/casualplay.com\/es\/producto\/space\/"]}]},{"@type":"ImageObject","inLanguage":"es","@id":"https:\/\/casualplay.com\/es\/producto\/space\/#primaryimage","url":"https:\/\/casualplay.com\/wp-content\/uploads\/spacem3imagengaleria607.jpg","contentUrl":"https:\/\/casualplay.com\/wp-content\/uploads\/spacem3imagengaleria607.jpg","width":1000,"height":1144},{"@type":"BreadcrumbList","@id":"https:\/\/casualplay.com\/es\/producto\/space\/#breadcrumb","itemListElement":[{"@type":"ListItem","position":1,"name":"Portada","item":"https:\/\/casualplay.com\/es\/"},{"@type":"ListItem","position":2,"name":"Tienda","item":"https:\/\/casualplay.com\/es\/tienda\/"},{"@type":"ListItem","position":3,"name":"Space ( con capazo y grupo 0)"}]},{"@type":"WebSite","@id":"https:\/\/casualplay.com\/es\/#website","url":"https:\/\/casualplay.com\/es\/","name":"Casualplay","description":"Making Life Fun","publisher":{"@id":"https:\/\/casualplay.com\/es\/#organization"},"potentialAction":[{"@type":"SearchAction","target":{"@type":"EntryPoint","urlTemplate":"https:\/\/casualplay.com\/es\/?s={search_term_string}"},"query-input":{"@type":"PropertyValueSpecification","valueRequired":true,"valueName":"search_term_string"}}],"inLanguage":"es"},{"@type":"Organization","@id":"https:\/\/casualplay.com\/es\/#organization","name":"Casualplay","url":"https:\/\/casualplay.com\/es\/","logo":{"@type":"ImageObject","inLanguage":"es","@id":"https:\/\/casualplay.com\/es\/#\/schema\/logo\/image\/","url":"https:\/\/casualplay.com\/wp-content\/uploads\/logo-casualplay.png","contentUrl":"https:\/\/casualplay.com\/wp-content\/uploads\/logo-casualplay.png","width":410,"height":82,"caption":"Casualplay"},"image":{"@id":"https:\/\/casualplay.com\/es\/#\/schema\/logo\/image\/"}}]}},"_links":{"self":[{"href":"https:\/\/casualplay.com\/es\/wp-json\/wp\/v2\/product\/2443","targetHints":{"allow":["GET"]}}],"collection":[{"href":"https:\/\/casualplay.com\/es\/wp-json\/wp\/v2\/product"}],"about":[{"href":"https:\/\/casualplay.com\/es\/wp-json\/wp\/v2\/types\/product"}],"replies":[{"embeddable":true,"href":"https:\/\/casualplay.com\/es\/wp-json\/wp\/v2\/comments?post=2443"}],"wp:featuredmedia":[{"embeddable":true,"href":"https:\/\/casualplay.com\/es\/wp-json\/wp\/v2\/media\/4125"}],"wp:attachment":[{"href":"https:\/\/casualplay.com\/es\/wp-json\/wp\/v2\/media?parent=2443"}],"wp:term":[{"taxonomy":"product_brand","embeddable":true,"href":"https:\/\/casualplay.com\/es\/wp-json\/wp\/v2\/product_brand?post=2443"},{"taxonomy":"product_cat","embeddable":true,"href":"https:\/\/casualplay.com\/es\/wp-json\/wp\/v2\/product_cat?post=2443"},{"taxonomy":"product_tag","embeddable":true,"href":"https:\/\/casualplay.com\/es\/wp-json\/wp\/v2\/product_tag?post=2443"}],"curies":[{"name":"wp","href":"https:\/\/api.w.org\/{rel}","templated":true}]}}