{"id":2442,"date":"2024-10-15T15:00:53","date_gmt":"2024-10-15T15:00:53","guid":{"rendered":"https:\/\/casualplay.com\/product\/bolso-cambiador\/"},"modified":"2026-04-06T12:16:05","modified_gmt":"2026-04-06T12:16:05","slug":"bolso-cambiador","status":"publish","type":"product","link":"https:\/\/casualplay.com\/es\/producto\/bolso-cambiador\/","title":{"rendered":"Bolso cambiador"},"content":{"rendered":"<h3>Completo y vers\u00e1til<\/h3>\n<p>Este estiloso bolso para cochecito es el accesorio imprescindible para salir, ya sea que est\u00e9s de paseo con tu beb\u00e9 o disfrutando de un d\u00eda fuera sin el cochecito.<\/p>\n<p>Cuenta con correa de hombro ajustable y asas para llevarlo c\u00f3modamente. Equipado con 4 bolsillos exteriores, incluyendo uno t\u00e9rmico, y m\u00faltiples compartimentos interiores. Incluye un amplio bolsillo para el cambiador, un bolsillo con cremallera y apartados t\u00e9rmicos para mantener papillas y biberones a la temperatura ideal.<\/p>\n<p>Su elegante dise\u00f1o te permitir\u00e1 usarlo y combinarlo perfectamente en cualquier ocasi\u00f3n, incluso sin necesidad de llevarlo con el cochecito.<\/p>\n<ul>\n<li aria-level=\"1\">Correa de Hombro Ajustable<\/li>\n<li aria-level=\"1\">Bolsillo T\u00e9rmico<\/li>\n<li aria-level=\"1\">M\u00faltiples departamentos<\/li>\n<li aria-level=\"1\">Fijaci\u00f3n con velcros al manillar<\/li>\n<\/ul>\n","protected":false},"excerpt":{"rendered":"<p>Bolso para cochecito con m\u00faltiples bolsillos y cambiador incluido.<\/p>\n","protected":false},"featured_media":3643,"comment_status":"open","ping_status":"closed","template":"","meta":{"_acf_changed":false},"product_brand":[],"product_cat":[297,147],"product_tag":[],"class_list":{"0":"post-2442","1":"product","2":"type-product","3":"status-publish","4":"has-post-thumbnail","6":"product_cat-paseo","7":"product_cat-hogar-y-accesorios","9":"first","10":"instock","11":"sale","12":"purchasable","13":"product-type-simple"},"acf":[],"yoast_head":"<!-- This site is optimized with the Yoast SEO plugin v27.3 - https:\/\/yoast.com\/product\/yoast-seo-wordpress\/ -->\n<title>Bolso cambiador|Casualplay<\/title>\n<meta name=\"description\" content=\"Bolso para cochecito con m\u00faltiples bolsillos y cambiador incluido.\" \/>\n<meta name=\"robots\" content=\"index, follow, max-snippet:-1, max-image-preview:large, max-video-preview:-1\" \/>\n<link rel=\"canonical\" href=\"https:\/\/casualplay.com\/es\/producto\/bolso-cambiador\/\" \/>\n<meta property=\"og:locale\" content=\"es_ES\" \/>\n<meta property=\"og:type\" content=\"article\" \/>\n<meta property=\"og:title\" content=\"Bolso cambiador Casualplay\" \/>\n<meta property=\"og:description\" content=\"Bolso para cochecito con m\u00faltiples bolsillos y cambiador incluido.\" \/>\n<meta property=\"og:url\" content=\"https:\/\/casualplay.com\/es\/producto\/bolso-cambiador\/\" \/>\n<meta property=\"og:site_name\" content=\"Casualplay\" \/>\n<meta property=\"article:modified_time\" content=\"2026-04-06T12:16:05+00:00\" \/>\n<meta property=\"og:image\" content=\"https:\/\/casualplay.com\/wp-content\/uploads\/bolsocambiadorcaracteristicas-removebg.webp\" \/>\n\t<meta property=\"og:image:width\" content=\"820\" \/>\n\t<meta property=\"og:image:height\" content=\"820\" \/>\n\t<meta property=\"og:image:type\" content=\"image\/webp\" \/>\n<meta name=\"twitter:card\" content=\"summary_large_image\" \/>\n<meta name=\"twitter:label1\" content=\"Tiempo de lectura\" \/>\n\t<meta name=\"twitter:data1\" content=\"1 minuto\" \/>\n<script type=\"application\/ld+json\" class=\"yoast-schema-graph\">{\"@context\":\"https:\\\/\\\/schema.org\",\"@graph\":[{\"@type\":\"WebPage\",\"@id\":\"https:\\\/\\\/casualplay.com\\\/es\\\/producto\\\/bolso-cambiador\\\/\",\"url\":\"https:\\\/\\\/casualplay.com\\\/es\\\/producto\\\/bolso-cambiador\\\/\",\"name\":\"Bolso cambiador|Casualplay\",\"isPartOf\":{\"@id\":\"https:\\\/\\\/casualplay.com\\\/es\\\/#website\"},\"primaryImageOfPage\":{\"@id\":\"https:\\\/\\\/casualplay.com\\\/es\\\/producto\\\/bolso-cambiador\\\/#primaryimage\"},\"image\":{\"@id\":\"https:\\\/\\\/casualplay.com\\\/es\\\/producto\\\/bolso-cambiador\\\/#primaryimage\"},\"thumbnailUrl\":\"https:\\\/\\\/casualplay.com\\\/wp-content\\\/uploads\\\/bolsocambiadorcaracteristicas-removebg.webp\",\"datePublished\":\"2024-10-15T15:00:53+00:00\",\"dateModified\":\"2026-04-06T12:16:05+00:00\",\"description\":\"Bolso para cochecito con m\u00faltiples bolsillos y cambiador incluido.\",\"breadcrumb\":{\"@id\":\"https:\\\/\\\/casualplay.com\\\/es\\\/producto\\\/bolso-cambiador\\\/#breadcrumb\"},\"inLanguage\":\"es\",\"potentialAction\":[{\"@type\":\"ReadAction\",\"target\":[\"https:\\\/\\\/casualplay.com\\\/es\\\/producto\\\/bolso-cambiador\\\/\"]}]},{\"@type\":\"ImageObject\",\"inLanguage\":\"es\",\"@id\":\"https:\\\/\\\/casualplay.com\\\/es\\\/producto\\\/bolso-cambiador\\\/#primaryimage\",\"url\":\"https:\\\/\\\/casualplay.com\\\/wp-content\\\/uploads\\\/bolsocambiadorcaracteristicas-removebg.webp\",\"contentUrl\":\"https:\\\/\\\/casualplay.com\\\/wp-content\\\/uploads\\\/bolsocambiadorcaracteristicas-removebg.webp\",\"width\":820,\"height\":820},{\"@type\":\"BreadcrumbList\",\"@id\":\"https:\\\/\\\/casualplay.com\\\/es\\\/producto\\\/bolso-cambiador\\\/#breadcrumb\",\"itemListElement\":[{\"@type\":\"ListItem\",\"position\":1,\"name\":\"Portada\",\"item\":\"https:\\\/\\\/casualplay.com\\\/es\\\/\"},{\"@type\":\"ListItem\",\"position\":2,\"name\":\"Tienda\",\"item\":\"https:\\\/\\\/casualplay.com\\\/es\\\/tienda\\\/\"},{\"@type\":\"ListItem\",\"position\":3,\"name\":\"Bolso cambiador\"}]},{\"@type\":\"WebSite\",\"@id\":\"https:\\\/\\\/casualplay.com\\\/es\\\/#website\",\"url\":\"https:\\\/\\\/casualplay.com\\\/es\\\/\",\"name\":\"Casualplay\",\"description\":\"Making Life Fun\",\"publisher\":{\"@id\":\"https:\\\/\\\/casualplay.com\\\/es\\\/#organization\"},\"potentialAction\":[{\"@type\":\"SearchAction\",\"target\":{\"@type\":\"EntryPoint\",\"urlTemplate\":\"https:\\\/\\\/casualplay.com\\\/es\\\/?s={search_term_string}\"},\"query-input\":{\"@type\":\"PropertyValueSpecification\",\"valueRequired\":true,\"valueName\":\"search_term_string\"}}],\"inLanguage\":\"es\"},{\"@type\":\"Organization\",\"@id\":\"https:\\\/\\\/casualplay.com\\\/es\\\/#organization\",\"name\":\"Casualplay\",\"url\":\"https:\\\/\\\/casualplay.com\\\/es\\\/\",\"logo\":{\"@type\":\"ImageObject\",\"inLanguage\":\"es\",\"@id\":\"https:\\\/\\\/casualplay.com\\\/es\\\/#\\\/schema\\\/logo\\\/image\\\/\",\"url\":\"https:\\\/\\\/casualplay.com\\\/wp-content\\\/uploads\\\/logo-casualplay.png\",\"contentUrl\":\"https:\\\/\\\/casualplay.com\\\/wp-content\\\/uploads\\\/logo-casualplay.png\",\"width\":410,\"height\":82,\"caption\":\"Casualplay\"},\"image\":{\"@id\":\"https:\\\/\\\/casualplay.com\\\/es\\\/#\\\/schema\\\/logo\\\/image\\\/\"}}]}<\/script>\n<!-- \/ Yoast SEO plugin. -->","yoast_head_json":{"title":"Bolso cambiador|Casualplay","description":"Bolso para cochecito con m\u00faltiples bolsillos y cambiador incluido.","robots":{"index":"index","follow":"follow","max-snippet":"max-snippet:-1","max-image-preview":"max-image-preview:large","max-video-preview":"max-video-preview:-1"},"canonical":"https:\/\/casualplay.com\/es\/producto\/bolso-cambiador\/","og_locale":"es_ES","og_type":"article","og_title":"Bolso cambiador Casualplay","og_description":"Bolso para cochecito con m\u00faltiples bolsillos y cambiador incluido.","og_url":"https:\/\/casualplay.com\/es\/producto\/bolso-cambiador\/","og_site_name":"Casualplay","article_modified_time":"2026-04-06T12:16:05+00:00","og_image":[{"width":820,"height":820,"url":"https:\/\/casualplay.com\/wp-content\/uploads\/bolsocambiadorcaracteristicas-removebg.webp","type":"image\/webp"}],"twitter_card":"summary_large_image","twitter_misc":{"Tiempo de lectura":"1 minuto"},"schema":{"@context":"https:\/\/schema.org","@graph":[{"@type":"WebPage","@id":"https:\/\/casualplay.com\/es\/producto\/bolso-cambiador\/","url":"https:\/\/casualplay.com\/es\/producto\/bolso-cambiador\/","name":"Bolso cambiador|Casualplay","isPartOf":{"@id":"https:\/\/casualplay.com\/es\/#website"},"primaryImageOfPage":{"@id":"https:\/\/casualplay.com\/es\/producto\/bolso-cambiador\/#primaryimage"},"image":{"@id":"https:\/\/casualplay.com\/es\/producto\/bolso-cambiador\/#primaryimage"},"thumbnailUrl":"https:\/\/casualplay.com\/wp-content\/uploads\/bolsocambiadorcaracteristicas-removebg.webp","datePublished":"2024-10-15T15:00:53+00:00","dateModified":"2026-04-06T12:16:05+00:00","description":"Bolso para cochecito con m\u00faltiples bolsillos y cambiador incluido.","breadcrumb":{"@id":"https:\/\/casualplay.com\/es\/producto\/bolso-cambiador\/#breadcrumb"},"inLanguage":"es","potentialAction":[{"@type":"ReadAction","target":["https:\/\/casualplay.com\/es\/producto\/bolso-cambiador\/"]}]},{"@type":"ImageObject","inLanguage":"es","@id":"https:\/\/casualplay.com\/es\/producto\/bolso-cambiador\/#primaryimage","url":"https:\/\/casualplay.com\/wp-content\/uploads\/bolsocambiadorcaracteristicas-removebg.webp","contentUrl":"https:\/\/casualplay.com\/wp-content\/uploads\/bolsocambiadorcaracteristicas-removebg.webp","width":820,"height":820},{"@type":"BreadcrumbList","@id":"https:\/\/casualplay.com\/es\/producto\/bolso-cambiador\/#breadcrumb","itemListElement":[{"@type":"ListItem","position":1,"name":"Portada","item":"https:\/\/casualplay.com\/es\/"},{"@type":"ListItem","position":2,"name":"Tienda","item":"https:\/\/casualplay.com\/es\/tienda\/"},{"@type":"ListItem","position":3,"name":"Bolso cambiador"}]},{"@type":"WebSite","@id":"https:\/\/casualplay.com\/es\/#website","url":"https:\/\/casualplay.com\/es\/","name":"Casualplay","description":"Making Life Fun","publisher":{"@id":"https:\/\/casualplay.com\/es\/#organization"},"potentialAction":[{"@type":"SearchAction","target":{"@type":"EntryPoint","urlTemplate":"https:\/\/casualplay.com\/es\/?s={search_term_string}"},"query-input":{"@type":"PropertyValueSpecification","valueRequired":true,"valueName":"search_term_string"}}],"inLanguage":"es"},{"@type":"Organization","@id":"https:\/\/casualplay.com\/es\/#organization","name":"Casualplay","url":"https:\/\/casualplay.com\/es\/","logo":{"@type":"ImageObject","inLanguage":"es","@id":"https:\/\/casualplay.com\/es\/#\/schema\/logo\/image\/","url":"https:\/\/casualplay.com\/wp-content\/uploads\/logo-casualplay.png","contentUrl":"https:\/\/casualplay.com\/wp-content\/uploads\/logo-casualplay.png","width":410,"height":82,"caption":"Casualplay"},"image":{"@id":"https:\/\/casualplay.com\/es\/#\/schema\/logo\/image\/"}}]}},"_links":{"self":[{"href":"https:\/\/casualplay.com\/es\/wp-json\/wp\/v2\/product\/2442","targetHints":{"allow":["GET"]}}],"collection":[{"href":"https:\/\/casualplay.com\/es\/wp-json\/wp\/v2\/product"}],"about":[{"href":"https:\/\/casualplay.com\/es\/wp-json\/wp\/v2\/types\/product"}],"replies":[{"embeddable":true,"href":"https:\/\/casualplay.com\/es\/wp-json\/wp\/v2\/comments?post=2442"}],"wp:featuredmedia":[{"embeddable":true,"href":"https:\/\/casualplay.com\/es\/wp-json\/wp\/v2\/media\/3643"}],"wp:attachment":[{"href":"https:\/\/casualplay.com\/es\/wp-json\/wp\/v2\/media?parent=2442"}],"wp:term":[{"taxonomy":"product_brand","embeddable":true,"href":"https:\/\/casualplay.com\/es\/wp-json\/wp\/v2\/product_brand?post=2442"},{"taxonomy":"product_cat","embeddable":true,"href":"https:\/\/casualplay.com\/es\/wp-json\/wp\/v2\/product_cat?post=2442"},{"taxonomy":"product_tag","embeddable":true,"href":"https:\/\/casualplay.com\/es\/wp-json\/wp\/v2\/product_tag?post=2442"}],"curies":[{"name":"wp","href":"https:\/\/api.w.org\/{rel}","templated":true}]}}