{"id":2435,"date":"2024-10-15T14:59:19","date_gmt":"2024-10-15T14:59:19","guid":{"rendered":"https:\/\/casualplay.com\/product\/safe-night\/"},"modified":"2026-04-11T13:11:11","modified_gmt":"2026-04-11T13:11:11","slug":"safe-night","status":"publish","type":"product","link":"https:\/\/casualplay.com\/es\/producto\/safe-night\/","title":{"rendered":"Safe night"},"content":{"rendered":"<h3>Noches tranquilas, est\u00e9is donde est\u00e9is<\/h3>\n<p>El paso de la cuna a la cama es una nueva etapa de tu beb\u00e9 que afrontar\u00e9is sin preocupaciones con Safe night, la barrera de cama port\u00e1til m\u00e1s innovadora del mercado. Su exclusivo sistema de plegado permite transportarla c\u00f3modamente, ocupando el m\u00ednimo espacio. Safe Night evita ca\u00eddas nocturnas, ofreciendo seguridad y tranquilidad para que todos pod\u00e1is dormir pl\u00e1cidamente, \u00a1incluso cuando est\u00e1is de viaje!<\/p>\n","protected":false},"excerpt":{"rendered":"<p>Asegura noches tranquilas y seguras con Safe Night, la barrera de cama port\u00e1til que evita ca\u00eddas nocturnas y se transporta f\u00e1cilmente gracias a su exclusivo sistema de plegado. Ideal para uso en casa y de viaje.<\/p>\n","protected":false},"featured_media":2530,"comment_status":"open","ping_status":"closed","template":"","meta":{"_acf_changed":false},"product_brand":[],"product_cat":[298,147],"product_tag":[],"class_list":{"0":"post-2435","1":"product","2":"type-product","3":"status-publish","4":"has-post-thumbnail","6":"product_cat-hogar","7":"product_cat-hogar-y-accesorios","9":"first","10":"instock","11":"sale","12":"purchasable","13":"product-type-variable","14":"has-default-attributes"},"acf":[],"yoast_head":"<!-- This site is optimized with the Yoast SEO plugin v27.3 - https:\/\/yoast.com\/product\/yoast-seo-wordpress\/ -->\n<title>Barrera de cama plegable Safe Night|Casualplay<\/title>\n<meta name=\"description\" content=\"Ligera, f\u00e1cil de plegar y transportar, la barrera plegable de Casualplay es pr\u00e1ctica tanto utilizar en casa como para llevar de viaje.\" \/>\n<meta name=\"robots\" content=\"index, follow, max-snippet:-1, max-image-preview:large, max-video-preview:-1\" \/>\n<link rel=\"canonical\" href=\"https:\/\/casualplay.com\/es\/producto\/safe-night\/\" \/>\n<meta property=\"og:locale\" content=\"es_ES\" \/>\n<meta property=\"og:type\" content=\"article\" \/>\n<meta property=\"og:title\" content=\"Barrera de cama plegable Safe Night|Casualplay\" \/>\n<meta property=\"og:description\" content=\"Ligera, f\u00e1cil de plegar y transportar, la barrera plegable de Casualplay es pr\u00e1ctica tanto utilizar en casa como para llevar de viaje.\" \/>\n<meta property=\"og:url\" content=\"https:\/\/casualplay.com\/es\/producto\/safe-night\/\" \/>\n<meta property=\"og:site_name\" content=\"Casualplay\" \/>\n<meta property=\"article:modified_time\" content=\"2026-04-11T13:11:11+00:00\" \/>\n<meta property=\"og:image\" content=\"https:\/\/casualplay.com\/wp-content\/uploads\/barreracasualplay.webp\" \/>\n\t<meta property=\"og:image:width\" content=\"1000\" \/>\n\t<meta property=\"og:image:height\" content=\"1144\" \/>\n\t<meta property=\"og:image:type\" content=\"image\/webp\" \/>\n<meta name=\"twitter:card\" content=\"summary_large_image\" \/>\n<meta name=\"twitter:label1\" content=\"Tiempo de lectura\" \/>\n\t<meta name=\"twitter:data1\" content=\"1 minuto\" \/>\n<script type=\"application\/ld+json\" class=\"yoast-schema-graph\">{\"@context\":\"https:\\\/\\\/schema.org\",\"@graph\":[{\"@type\":\"WebPage\",\"@id\":\"https:\\\/\\\/casualplay.com\\\/es\\\/producto\\\/safe-night\\\/\",\"url\":\"https:\\\/\\\/casualplay.com\\\/es\\\/producto\\\/safe-night\\\/\",\"name\":\"Barrera de cama plegable Safe Night|Casualplay\",\"isPartOf\":{\"@id\":\"https:\\\/\\\/casualplay.com\\\/es\\\/#website\"},\"primaryImageOfPage\":{\"@id\":\"https:\\\/\\\/casualplay.com\\\/es\\\/producto\\\/safe-night\\\/#primaryimage\"},\"image\":{\"@id\":\"https:\\\/\\\/casualplay.com\\\/es\\\/producto\\\/safe-night\\\/#primaryimage\"},\"thumbnailUrl\":\"https:\\\/\\\/casualplay.com\\\/wp-content\\\/uploads\\\/barreracasualplay.webp\",\"datePublished\":\"2024-10-15T14:59:19+00:00\",\"dateModified\":\"2026-04-11T13:11:11+00:00\",\"description\":\"Ligera, f\u00e1cil de plegar y transportar, la barrera plegable de Casualplay es pr\u00e1ctica tanto utilizar en casa como para llevar de viaje.\",\"breadcrumb\":{\"@id\":\"https:\\\/\\\/casualplay.com\\\/es\\\/producto\\\/safe-night\\\/#breadcrumb\"},\"inLanguage\":\"es\",\"potentialAction\":[{\"@type\":\"ReadAction\",\"target\":[\"https:\\\/\\\/casualplay.com\\\/es\\\/producto\\\/safe-night\\\/\"]}]},{\"@type\":\"ImageObject\",\"inLanguage\":\"es\",\"@id\":\"https:\\\/\\\/casualplay.com\\\/es\\\/producto\\\/safe-night\\\/#primaryimage\",\"url\":\"https:\\\/\\\/casualplay.com\\\/wp-content\\\/uploads\\\/barreracasualplay.webp\",\"contentUrl\":\"https:\\\/\\\/casualplay.com\\\/wp-content\\\/uploads\\\/barreracasualplay.webp\",\"width\":1000,\"height\":1144,\"caption\":\"Safe night\"},{\"@type\":\"BreadcrumbList\",\"@id\":\"https:\\\/\\\/casualplay.com\\\/es\\\/producto\\\/safe-night\\\/#breadcrumb\",\"itemListElement\":[{\"@type\":\"ListItem\",\"position\":1,\"name\":\"Portada\",\"item\":\"https:\\\/\\\/casualplay.com\\\/es\\\/\"},{\"@type\":\"ListItem\",\"position\":2,\"name\":\"Tienda\",\"item\":\"https:\\\/\\\/casualplay.com\\\/es\\\/tienda\\\/\"},{\"@type\":\"ListItem\",\"position\":3,\"name\":\"Safe night\"}]},{\"@type\":\"WebSite\",\"@id\":\"https:\\\/\\\/casualplay.com\\\/es\\\/#website\",\"url\":\"https:\\\/\\\/casualplay.com\\\/es\\\/\",\"name\":\"Casualplay\",\"description\":\"Making Life Fun\",\"publisher\":{\"@id\":\"https:\\\/\\\/casualplay.com\\\/es\\\/#organization\"},\"potentialAction\":[{\"@type\":\"SearchAction\",\"target\":{\"@type\":\"EntryPoint\",\"urlTemplate\":\"https:\\\/\\\/casualplay.com\\\/es\\\/?s={search_term_string}\"},\"query-input\":{\"@type\":\"PropertyValueSpecification\",\"valueRequired\":true,\"valueName\":\"search_term_string\"}}],\"inLanguage\":\"es\"},{\"@type\":\"Organization\",\"@id\":\"https:\\\/\\\/casualplay.com\\\/es\\\/#organization\",\"name\":\"Casualplay\",\"url\":\"https:\\\/\\\/casualplay.com\\\/es\\\/\",\"logo\":{\"@type\":\"ImageObject\",\"inLanguage\":\"es\",\"@id\":\"https:\\\/\\\/casualplay.com\\\/es\\\/#\\\/schema\\\/logo\\\/image\\\/\",\"url\":\"https:\\\/\\\/casualplay.com\\\/wp-content\\\/uploads\\\/logo-casualplay.png\",\"contentUrl\":\"https:\\\/\\\/casualplay.com\\\/wp-content\\\/uploads\\\/logo-casualplay.png\",\"width\":410,\"height\":82,\"caption\":\"Casualplay\"},\"image\":{\"@id\":\"https:\\\/\\\/casualplay.com\\\/es\\\/#\\\/schema\\\/logo\\\/image\\\/\"}}]}<\/script>\n<!-- \/ Yoast SEO plugin. -->","yoast_head_json":{"title":"Barrera de cama plegable Safe Night|Casualplay","description":"Ligera, f\u00e1cil de plegar y transportar, la barrera plegable de Casualplay es pr\u00e1ctica tanto utilizar en casa como para llevar de viaje.","robots":{"index":"index","follow":"follow","max-snippet":"max-snippet:-1","max-image-preview":"max-image-preview:large","max-video-preview":"max-video-preview:-1"},"canonical":"https:\/\/casualplay.com\/es\/producto\/safe-night\/","og_locale":"es_ES","og_type":"article","og_title":"Barrera de cama plegable Safe Night|Casualplay","og_description":"Ligera, f\u00e1cil de plegar y transportar, la barrera plegable de Casualplay es pr\u00e1ctica tanto utilizar en casa como para llevar de viaje.","og_url":"https:\/\/casualplay.com\/es\/producto\/safe-night\/","og_site_name":"Casualplay","article_modified_time":"2026-04-11T13:11:11+00:00","og_image":[{"width":1000,"height":1144,"url":"https:\/\/casualplay.com\/wp-content\/uploads\/barreracasualplay.webp","type":"image\/webp"}],"twitter_card":"summary_large_image","twitter_misc":{"Tiempo de lectura":"1 minuto"},"schema":{"@context":"https:\/\/schema.org","@graph":[{"@type":"WebPage","@id":"https:\/\/casualplay.com\/es\/producto\/safe-night\/","url":"https:\/\/casualplay.com\/es\/producto\/safe-night\/","name":"Barrera de cama plegable Safe Night|Casualplay","isPartOf":{"@id":"https:\/\/casualplay.com\/es\/#website"},"primaryImageOfPage":{"@id":"https:\/\/casualplay.com\/es\/producto\/safe-night\/#primaryimage"},"image":{"@id":"https:\/\/casualplay.com\/es\/producto\/safe-night\/#primaryimage"},"thumbnailUrl":"https:\/\/casualplay.com\/wp-content\/uploads\/barreracasualplay.webp","datePublished":"2024-10-15T14:59:19+00:00","dateModified":"2026-04-11T13:11:11+00:00","description":"Ligera, f\u00e1cil de plegar y transportar, la barrera plegable de Casualplay es pr\u00e1ctica tanto utilizar en casa como para llevar de viaje.","breadcrumb":{"@id":"https:\/\/casualplay.com\/es\/producto\/safe-night\/#breadcrumb"},"inLanguage":"es","potentialAction":[{"@type":"ReadAction","target":["https:\/\/casualplay.com\/es\/producto\/safe-night\/"]}]},{"@type":"ImageObject","inLanguage":"es","@id":"https:\/\/casualplay.com\/es\/producto\/safe-night\/#primaryimage","url":"https:\/\/casualplay.com\/wp-content\/uploads\/barreracasualplay.webp","contentUrl":"https:\/\/casualplay.com\/wp-content\/uploads\/barreracasualplay.webp","width":1000,"height":1144,"caption":"Safe night"},{"@type":"BreadcrumbList","@id":"https:\/\/casualplay.com\/es\/producto\/safe-night\/#breadcrumb","itemListElement":[{"@type":"ListItem","position":1,"name":"Portada","item":"https:\/\/casualplay.com\/es\/"},{"@type":"ListItem","position":2,"name":"Tienda","item":"https:\/\/casualplay.com\/es\/tienda\/"},{"@type":"ListItem","position":3,"name":"Safe night"}]},{"@type":"WebSite","@id":"https:\/\/casualplay.com\/es\/#website","url":"https:\/\/casualplay.com\/es\/","name":"Casualplay","description":"Making Life Fun","publisher":{"@id":"https:\/\/casualplay.com\/es\/#organization"},"potentialAction":[{"@type":"SearchAction","target":{"@type":"EntryPoint","urlTemplate":"https:\/\/casualplay.com\/es\/?s={search_term_string}"},"query-input":{"@type":"PropertyValueSpecification","valueRequired":true,"valueName":"search_term_string"}}],"inLanguage":"es"},{"@type":"Organization","@id":"https:\/\/casualplay.com\/es\/#organization","name":"Casualplay","url":"https:\/\/casualplay.com\/es\/","logo":{"@type":"ImageObject","inLanguage":"es","@id":"https:\/\/casualplay.com\/es\/#\/schema\/logo\/image\/","url":"https:\/\/casualplay.com\/wp-content\/uploads\/logo-casualplay.png","contentUrl":"https:\/\/casualplay.com\/wp-content\/uploads\/logo-casualplay.png","width":410,"height":82,"caption":"Casualplay"},"image":{"@id":"https:\/\/casualplay.com\/es\/#\/schema\/logo\/image\/"}}]}},"_links":{"self":[{"href":"https:\/\/casualplay.com\/es\/wp-json\/wp\/v2\/product\/2435","targetHints":{"allow":["GET"]}}],"collection":[{"href":"https:\/\/casualplay.com\/es\/wp-json\/wp\/v2\/product"}],"about":[{"href":"https:\/\/casualplay.com\/es\/wp-json\/wp\/v2\/types\/product"}],"replies":[{"embeddable":true,"href":"https:\/\/casualplay.com\/es\/wp-json\/wp\/v2\/comments?post=2435"}],"wp:featuredmedia":[{"embeddable":true,"href":"https:\/\/casualplay.com\/es\/wp-json\/wp\/v2\/media\/2530"}],"wp:attachment":[{"href":"https:\/\/casualplay.com\/es\/wp-json\/wp\/v2\/media?parent=2435"}],"wp:term":[{"taxonomy":"product_brand","embeddable":true,"href":"https:\/\/casualplay.com\/es\/wp-json\/wp\/v2\/product_brand?post=2435"},{"taxonomy":"product_cat","embeddable":true,"href":"https:\/\/casualplay.com\/es\/wp-json\/wp\/v2\/product_cat?post=2435"},{"taxonomy":"product_tag","embeddable":true,"href":"https:\/\/casualplay.com\/es\/wp-json\/wp\/v2\/product_tag?post=2435"}],"curies":[{"name":"wp","href":"https:\/\/api.w.org\/{rel}","templated":true}]}}