{"id":2432,"date":"2024-10-15T14:59:19","date_gmt":"2024-10-15T14:59:19","guid":{"rendered":"https:\/\/casualplay.com\/product\/clip-up\/"},"modified":"2025-11-12T07:31:53","modified_gmt":"2025-11-12T07:31:53","slug":"clip-up","status":"publish","type":"product","link":"https:\/\/casualplay.com\/es\/producto\/clip-up\/","title":{"rendered":"Trona de mesa Clip-up"},"content":{"rendered":"<h3>\u00a1Todos a la mesa!<\/h3>\n<p>Haz part\u00edcipe a tu peque\u00f1o de cada comida familiar con la trona de mesa Clip-up. Ligera, f\u00e1cil de plegar y transportar, es la opci\u00f3n m\u00e1s pr\u00e1ctica tanto para casa como para llevar de viaje o a un restaurante.<\/p>\n<h3>Siempre lista para usar<\/h3>\n<p>Gracias al sistema de fijaci\u00f3n Quick-connect, la trona port\u00e1til Clip-up se acopla a la mesa en pocos segundos, quedando totalmente fija. As\u00ed, tu beb\u00e9 podr\u00e1 compartir con vosotros cada momento en la mesa con seguridad.<\/p>\n<p>Y para pon\u00e9rtelo a\u00fan m\u00e1s f\u00e1cil, hemos utilizado un tejido anti-manchas a prueba de ni\u00f1os, que te permitir\u00e1 espaciar los lavados a m\u00e1quina y tenerla siempre lista para usar.<\/p>\n","protected":false},"excerpt":{"rendered":"<p>Ligera, f\u00e1cil de plegar y transportar, la trona port\u00e1til Clip-up es la opci\u00f3n m\u00e1s pr\u00e1ctica tanto para casa como para llevar de viaje o a un restaurante.<\/p>\n","protected":false},"featured_media":2574,"comment_status":"open","ping_status":"closed","template":"","meta":{"_acf_changed":false},"product_brand":[],"product_cat":[298,147],"product_tag":[333,350,351],"class_list":{"0":"post-2432","1":"product","2":"type-product","3":"status-publish","4":"has-post-thumbnail","6":"product_cat-hogar","7":"product_cat-hogar-y-accesorios","8":"product_tag-viaje","9":"product_tag-trona","10":"product_tag-trona-portatil","12":"first","13":"instock","14":"sale","15":"purchasable","16":"product-type-variable","17":"has-default-attributes"},"acf":[],"yoast_head":"<!-- This site is optimized with the Yoast SEO plugin v27.1.1 - https:\/\/yoast.com\/product\/yoast-seo-wordpress\/ -->\n<title>Trona de mesa port\u00e1til Clip-up|Casualplay<\/title>\n<meta name=\"description\" content=\"Ligera, f\u00e1cil de plegar y transportar, la trona port\u00e1til Clip-up es la opci\u00f3n m\u00e1s pr\u00e1ctica tanto para casa como para llevar de viaje o a un restaurante.\" \/>\n<meta name=\"robots\" content=\"index, follow, max-snippet:-1, max-image-preview:large, max-video-preview:-1\" \/>\n<link rel=\"canonical\" href=\"https:\/\/casualplay.com\/es\/producto\/clip-up\/\" \/>\n<meta property=\"og:locale\" content=\"es_ES\" \/>\n<meta property=\"og:type\" content=\"article\" \/>\n<meta property=\"og:title\" content=\"Trona de mesa port\u00e1til Clip-up|Casualplay\" \/>\n<meta property=\"og:description\" content=\"Ligera, f\u00e1cil de plegar y transportar, la trona port\u00e1til Clip-up es la opci\u00f3n m\u00e1s pr\u00e1ctica tanto para casa como para llevar de viaje o a un restaurante.\" \/>\n<meta property=\"og:url\" content=\"https:\/\/casualplay.com\/es\/producto\/clip-up\/\" \/>\n<meta property=\"og:site_name\" content=\"Casualplay\" \/>\n<meta property=\"article:modified_time\" content=\"2025-11-12T07:31:53+00:00\" \/>\n<meta property=\"og:image\" content=\"https:\/\/casualplay.com\/wp-content\/uploads\/clipuptronacasualplay.webp\" \/>\n\t<meta property=\"og:image:width\" content=\"1000\" \/>\n\t<meta property=\"og:image:height\" content=\"1144\" \/>\n\t<meta property=\"og:image:type\" content=\"image\/webp\" \/>\n<meta name=\"twitter:card\" content=\"summary_large_image\" \/>\n<meta name=\"twitter:label1\" content=\"Tiempo de lectura\" \/>\n\t<meta name=\"twitter:data1\" content=\"1 minuto\" \/>\n<script type=\"application\/ld+json\" class=\"yoast-schema-graph\">{\"@context\":\"https:\/\/schema.org\",\"@graph\":[{\"@type\":\"WebPage\",\"@id\":\"https:\/\/casualplay.com\/es\/producto\/clip-up\/\",\"url\":\"https:\/\/casualplay.com\/es\/producto\/clip-up\/\",\"name\":\"Trona de mesa port\u00e1til Clip-up|Casualplay\",\"isPartOf\":{\"@id\":\"https:\/\/casualplay.com\/es\/#website\"},\"primaryImageOfPage\":{\"@id\":\"https:\/\/casualplay.com\/es\/producto\/clip-up\/#primaryimage\"},\"image\":{\"@id\":\"https:\/\/casualplay.com\/es\/producto\/clip-up\/#primaryimage\"},\"thumbnailUrl\":\"https:\/\/casualplay.com\/wp-content\/uploads\/clipuptronacasualplay.webp\",\"datePublished\":\"2024-10-15T14:59:19+00:00\",\"dateModified\":\"2025-11-12T07:31:53+00:00\",\"description\":\"Ligera, f\u00e1cil de plegar y transportar, la trona port\u00e1til Clip-up es la opci\u00f3n m\u00e1s pr\u00e1ctica tanto para casa como para llevar de viaje o a un restaurante.\",\"breadcrumb\":{\"@id\":\"https:\/\/casualplay.com\/es\/producto\/clip-up\/#breadcrumb\"},\"inLanguage\":\"es\",\"potentialAction\":[{\"@type\":\"ReadAction\",\"target\":[\"https:\/\/casualplay.com\/es\/producto\/clip-up\/\"]}]},{\"@type\":\"ImageObject\",\"inLanguage\":\"es\",\"@id\":\"https:\/\/casualplay.com\/es\/producto\/clip-up\/#primaryimage\",\"url\":\"https:\/\/casualplay.com\/wp-content\/uploads\/clipuptronacasualplay.webp\",\"contentUrl\":\"https:\/\/casualplay.com\/wp-content\/uploads\/clipuptronacasualplay.webp\",\"width\":1000,\"height\":1144,\"caption\":\"Clip-up\"},{\"@type\":\"BreadcrumbList\",\"@id\":\"https:\/\/casualplay.com\/es\/producto\/clip-up\/#breadcrumb\",\"itemListElement\":[{\"@type\":\"ListItem\",\"position\":1,\"name\":\"Portada\",\"item\":\"https:\/\/casualplay.com\/es\/\"},{\"@type\":\"ListItem\",\"position\":2,\"name\":\"Tienda\",\"item\":\"https:\/\/casualplay.com\/es\/tienda\/\"},{\"@type\":\"ListItem\",\"position\":3,\"name\":\"Trona de mesa Clip-up\"}]},{\"@type\":\"WebSite\",\"@id\":\"https:\/\/casualplay.com\/es\/#website\",\"url\":\"https:\/\/casualplay.com\/es\/\",\"name\":\"Casualplay\",\"description\":\"Making Life Fun\",\"publisher\":{\"@id\":\"https:\/\/casualplay.com\/es\/#organization\"},\"potentialAction\":[{\"@type\":\"SearchAction\",\"target\":{\"@type\":\"EntryPoint\",\"urlTemplate\":\"https:\/\/casualplay.com\/es\/?s={search_term_string}\"},\"query-input\":{\"@type\":\"PropertyValueSpecification\",\"valueRequired\":true,\"valueName\":\"search_term_string\"}}],\"inLanguage\":\"es\"},{\"@type\":\"Organization\",\"@id\":\"https:\/\/casualplay.com\/es\/#organization\",\"name\":\"Casualplay\",\"url\":\"https:\/\/casualplay.com\/es\/\",\"logo\":{\"@type\":\"ImageObject\",\"inLanguage\":\"es\",\"@id\":\"https:\/\/casualplay.com\/es\/#\/schema\/logo\/image\/\",\"url\":\"https:\/\/casualplay.com\/wp-content\/uploads\/logo-casualplay.png\",\"contentUrl\":\"https:\/\/casualplay.com\/wp-content\/uploads\/logo-casualplay.png\",\"width\":410,\"height\":82,\"caption\":\"Casualplay\"},\"image\":{\"@id\":\"https:\/\/casualplay.com\/es\/#\/schema\/logo\/image\/\"}}]}<\/script>\n<!-- \/ Yoast SEO plugin. -->","yoast_head_json":{"title":"Trona de mesa port\u00e1til Clip-up|Casualplay","description":"Ligera, f\u00e1cil de plegar y transportar, la trona port\u00e1til Clip-up es la opci\u00f3n m\u00e1s pr\u00e1ctica tanto para casa como para llevar de viaje o a un restaurante.","robots":{"index":"index","follow":"follow","max-snippet":"max-snippet:-1","max-image-preview":"max-image-preview:large","max-video-preview":"max-video-preview:-1"},"canonical":"https:\/\/casualplay.com\/es\/producto\/clip-up\/","og_locale":"es_ES","og_type":"article","og_title":"Trona de mesa port\u00e1til Clip-up|Casualplay","og_description":"Ligera, f\u00e1cil de plegar y transportar, la trona port\u00e1til Clip-up es la opci\u00f3n m\u00e1s pr\u00e1ctica tanto para casa como para llevar de viaje o a un restaurante.","og_url":"https:\/\/casualplay.com\/es\/producto\/clip-up\/","og_site_name":"Casualplay","article_modified_time":"2025-11-12T07:31:53+00:00","og_image":[{"width":1000,"height":1144,"url":"https:\/\/casualplay.com\/wp-content\/uploads\/clipuptronacasualplay.webp","type":"image\/webp"}],"twitter_card":"summary_large_image","twitter_misc":{"Tiempo de lectura":"1 minuto"},"schema":{"@context":"https:\/\/schema.org","@graph":[{"@type":"WebPage","@id":"https:\/\/casualplay.com\/es\/producto\/clip-up\/","url":"https:\/\/casualplay.com\/es\/producto\/clip-up\/","name":"Trona de mesa port\u00e1til Clip-up|Casualplay","isPartOf":{"@id":"https:\/\/casualplay.com\/es\/#website"},"primaryImageOfPage":{"@id":"https:\/\/casualplay.com\/es\/producto\/clip-up\/#primaryimage"},"image":{"@id":"https:\/\/casualplay.com\/es\/producto\/clip-up\/#primaryimage"},"thumbnailUrl":"https:\/\/casualplay.com\/wp-content\/uploads\/clipuptronacasualplay.webp","datePublished":"2024-10-15T14:59:19+00:00","dateModified":"2025-11-12T07:31:53+00:00","description":"Ligera, f\u00e1cil de plegar y transportar, la trona port\u00e1til Clip-up es la opci\u00f3n m\u00e1s pr\u00e1ctica tanto para casa como para llevar de viaje o a un restaurante.","breadcrumb":{"@id":"https:\/\/casualplay.com\/es\/producto\/clip-up\/#breadcrumb"},"inLanguage":"es","potentialAction":[{"@type":"ReadAction","target":["https:\/\/casualplay.com\/es\/producto\/clip-up\/"]}]},{"@type":"ImageObject","inLanguage":"es","@id":"https:\/\/casualplay.com\/es\/producto\/clip-up\/#primaryimage","url":"https:\/\/casualplay.com\/wp-content\/uploads\/clipuptronacasualplay.webp","contentUrl":"https:\/\/casualplay.com\/wp-content\/uploads\/clipuptronacasualplay.webp","width":1000,"height":1144,"caption":"Clip-up"},{"@type":"BreadcrumbList","@id":"https:\/\/casualplay.com\/es\/producto\/clip-up\/#breadcrumb","itemListElement":[{"@type":"ListItem","position":1,"name":"Portada","item":"https:\/\/casualplay.com\/es\/"},{"@type":"ListItem","position":2,"name":"Tienda","item":"https:\/\/casualplay.com\/es\/tienda\/"},{"@type":"ListItem","position":3,"name":"Trona de mesa Clip-up"}]},{"@type":"WebSite","@id":"https:\/\/casualplay.com\/es\/#website","url":"https:\/\/casualplay.com\/es\/","name":"Casualplay","description":"Making Life Fun","publisher":{"@id":"https:\/\/casualplay.com\/es\/#organization"},"potentialAction":[{"@type":"SearchAction","target":{"@type":"EntryPoint","urlTemplate":"https:\/\/casualplay.com\/es\/?s={search_term_string}"},"query-input":{"@type":"PropertyValueSpecification","valueRequired":true,"valueName":"search_term_string"}}],"inLanguage":"es"},{"@type":"Organization","@id":"https:\/\/casualplay.com\/es\/#organization","name":"Casualplay","url":"https:\/\/casualplay.com\/es\/","logo":{"@type":"ImageObject","inLanguage":"es","@id":"https:\/\/casualplay.com\/es\/#\/schema\/logo\/image\/","url":"https:\/\/casualplay.com\/wp-content\/uploads\/logo-casualplay.png","contentUrl":"https:\/\/casualplay.com\/wp-content\/uploads\/logo-casualplay.png","width":410,"height":82,"caption":"Casualplay"},"image":{"@id":"https:\/\/casualplay.com\/es\/#\/schema\/logo\/image\/"}}]}},"_links":{"self":[{"href":"https:\/\/casualplay.com\/es\/wp-json\/wp\/v2\/product\/2432","targetHints":{"allow":["GET"]}}],"collection":[{"href":"https:\/\/casualplay.com\/es\/wp-json\/wp\/v2\/product"}],"about":[{"href":"https:\/\/casualplay.com\/es\/wp-json\/wp\/v2\/types\/product"}],"replies":[{"embeddable":true,"href":"https:\/\/casualplay.com\/es\/wp-json\/wp\/v2\/comments?post=2432"}],"wp:featuredmedia":[{"embeddable":true,"href":"https:\/\/casualplay.com\/es\/wp-json\/wp\/v2\/media\/2574"}],"wp:attachment":[{"href":"https:\/\/casualplay.com\/es\/wp-json\/wp\/v2\/media?parent=2432"}],"wp:term":[{"taxonomy":"product_brand","embeddable":true,"href":"https:\/\/casualplay.com\/es\/wp-json\/wp\/v2\/product_brand?post=2432"},{"taxonomy":"product_cat","embeddable":true,"href":"https:\/\/casualplay.com\/es\/wp-json\/wp\/v2\/product_cat?post=2432"},{"taxonomy":"product_tag","embeddable":true,"href":"https:\/\/casualplay.com\/es\/wp-json\/wp\/v2\/product_tag?post=2432"}],"curies":[{"name":"wp","href":"https:\/\/api.w.org\/{rel}","templated":true}]}}