{"id":2431,"date":"2024-10-15T15:00:53","date_gmt":"2024-10-15T15:00:53","guid":{"rendered":"https:\/\/casualplay.com\/product\/casual-swing\/"},"modified":"2025-07-10T06:41:31","modified_gmt":"2025-07-10T06:41:31","slug":"casual-swing","status":"publish","type":"product","link":"https:\/\/casualplay.com\/es\/producto\/casual-swing\/","title":{"rendered":"Casual swing"},"content":{"rendered":"<p><span style=\"font-weight: 400;\">Casual swing es una innovadora hamaca de beb\u00e9 dise\u00f1ada para proporcionar el m\u00e1ximo confort y descanso a tu peque\u00f1o desde el nacimiento hasta los 9 kg. Con un dise\u00f1o ergon\u00f3mico y dos posiciones de reclinado, esta hamaca se adapta perfectamente a las necesidades de tu beb\u00e9, asegurando su comodidad en todo momento.<\/span><\/p>\n<ul>\n<li style=\"font-weight: 400;\" aria-level=\"1\"><span style=\"font-weight: 400;\">Uso desde el nacimiento hasta los 9 kg.<\/span><\/li>\n<li style=\"font-weight: 400;\" aria-level=\"1\"><span style=\"font-weight: 400;\">Dise\u00f1o ergon\u00f3mico con dos posiciones de reclinado.<\/span><\/li>\n<li style=\"font-weight: 400;\" aria-level=\"1\"><span style=\"font-weight: 400;\">Balanceo autom\u00e1tico y melod\u00edas relajantes.<\/span><\/li>\n<li style=\"font-weight: 400;\" aria-level=\"1\"><span style=\"font-weight: 400;\">Compacta y f\u00e1cil de plegar para un almacenamiento sencillo.<\/span><\/li>\n<\/ul>\n<p><span style=\"font-weight: 400;\">Elige la hamaca <\/span><b>Casual Swing de Casualplay<\/b><span style=\"font-weight: 400;\"> y ofrece a tu beb\u00e9 el confort y la serenidad que necesita desde el primer d\u00eda.<\/span><\/p>\n","protected":false},"excerpt":{"rendered":"<p>Con su innovador balanceo, la hamaca Casual Swing incopora 2 velocidades y varias melod\u00edas para relajar y proporcionar descanso a tu beb\u00e9. \u00a1Desc\u00fabrela!<\/p>\n","protected":false},"featured_media":2644,"comment_status":"open","ping_status":"closed","template":"","meta":{"_acf_changed":false},"product_brand":[318],"product_cat":[298,147],"product_tag":[397],"class_list":{"0":"post-2431","1":"product","2":"type-product","3":"status-publish","4":"has-post-thumbnail","6":"product_brand-casualplay","7":"product_cat-hogar","8":"product_cat-hogar-y-accesorios","9":"product_tag-hamaca","11":"first","12":"instock","13":"sale","14":"purchasable","15":"product-type-simple"},"acf":[],"yoast_head":"<!-- This site is optimized with the Yoast SEO plugin v27.1.1 - https:\/\/yoast.com\/product\/yoast-seo-wordpress\/ -->\n<title>Hamaca beb\u00e9 Casual swing Casualplay<\/title>\n<meta name=\"description\" content=\"Con su innovador balanceo, la hamaca Casual Swing incopora 2 velocidades y varias melod\u00edas para relajar y proporcionar descanso a tu beb\u00e9. \u00a1Desc\u00fabrela!\" \/>\n<meta name=\"robots\" content=\"index, follow, max-snippet:-1, max-image-preview:large, max-video-preview:-1\" \/>\n<link rel=\"canonical\" href=\"https:\/\/casualplay.com\/es\/producto\/casual-swing\/\" \/>\n<meta property=\"og:locale\" content=\"es_ES\" \/>\n<meta property=\"og:type\" content=\"article\" \/>\n<meta property=\"og:title\" content=\"Hamaca beb\u00e9 Casualswing, de Casualplay\" \/>\n<meta property=\"og:description\" content=\"Con su innovador balanceo, la hamaca Casual Swing incopora 2 velocidades y varias melod\u00edas para relajar y proporcionar descanso a tu beb\u00e9. \u00a1Desc\u00fabrela!\" \/>\n<meta property=\"og:url\" content=\"https:\/\/casualplay.com\/es\/producto\/casual-swing\/\" \/>\n<meta property=\"og:site_name\" content=\"Casualplay\" \/>\n<meta property=\"article:modified_time\" content=\"2025-07-10T06:41:31+00:00\" \/>\n<meta property=\"og:image\" content=\"https:\/\/casualplay.com\/wp-content\/uploads\/casualswingportada.webp\" \/>\n\t<meta property=\"og:image:width\" content=\"1000\" \/>\n\t<meta property=\"og:image:height\" content=\"1144\" \/>\n\t<meta property=\"og:image:type\" content=\"image\/webp\" \/>\n<meta name=\"twitter:card\" content=\"summary_large_image\" \/>\n<meta name=\"twitter:label1\" content=\"Tiempo de lectura\" \/>\n\t<meta name=\"twitter:data1\" content=\"1 minuto\" \/>\n<script type=\"application\/ld+json\" class=\"yoast-schema-graph\">{\"@context\":\"https:\/\/schema.org\",\"@graph\":[{\"@type\":\"WebPage\",\"@id\":\"https:\/\/casualplay.com\/es\/producto\/casual-swing\/\",\"url\":\"https:\/\/casualplay.com\/es\/producto\/casual-swing\/\",\"name\":\"Hamaca beb\u00e9 Casual swing Casualplay\",\"isPartOf\":{\"@id\":\"https:\/\/casualplay.com\/es\/#website\"},\"primaryImageOfPage\":{\"@id\":\"https:\/\/casualplay.com\/es\/producto\/casual-swing\/#primaryimage\"},\"image\":{\"@id\":\"https:\/\/casualplay.com\/es\/producto\/casual-swing\/#primaryimage\"},\"thumbnailUrl\":\"https:\/\/casualplay.com\/wp-content\/uploads\/casualswingportada.webp\",\"datePublished\":\"2024-10-15T15:00:53+00:00\",\"dateModified\":\"2025-07-10T06:41:31+00:00\",\"description\":\"Con su innovador balanceo, la hamaca Casual Swing incopora 2 velocidades y varias melod\u00edas para relajar y proporcionar descanso a tu beb\u00e9. \u00a1Desc\u00fabrela!\",\"breadcrumb\":{\"@id\":\"https:\/\/casualplay.com\/es\/producto\/casual-swing\/#breadcrumb\"},\"inLanguage\":\"es\",\"potentialAction\":[{\"@type\":\"ReadAction\",\"target\":[\"https:\/\/casualplay.com\/es\/producto\/casual-swing\/\"]}]},{\"@type\":\"ImageObject\",\"inLanguage\":\"es\",\"@id\":\"https:\/\/casualplay.com\/es\/producto\/casual-swing\/#primaryimage\",\"url\":\"https:\/\/casualplay.com\/wp-content\/uploads\/casualswingportada.webp\",\"contentUrl\":\"https:\/\/casualplay.com\/wp-content\/uploads\/casualswingportada.webp\",\"width\":1000,\"height\":1144,\"caption\":\"Casual swing\"},{\"@type\":\"BreadcrumbList\",\"@id\":\"https:\/\/casualplay.com\/es\/producto\/casual-swing\/#breadcrumb\",\"itemListElement\":[{\"@type\":\"ListItem\",\"position\":1,\"name\":\"Portada\",\"item\":\"https:\/\/casualplay.com\/es\/\"},{\"@type\":\"ListItem\",\"position\":2,\"name\":\"Tienda\",\"item\":\"https:\/\/casualplay.com\/es\/tienda\/\"},{\"@type\":\"ListItem\",\"position\":3,\"name\":\"Casual swing\"}]},{\"@type\":\"WebSite\",\"@id\":\"https:\/\/casualplay.com\/es\/#website\",\"url\":\"https:\/\/casualplay.com\/es\/\",\"name\":\"Casualplay\",\"description\":\"Making Life Fun\",\"publisher\":{\"@id\":\"https:\/\/casualplay.com\/es\/#organization\"},\"potentialAction\":[{\"@type\":\"SearchAction\",\"target\":{\"@type\":\"EntryPoint\",\"urlTemplate\":\"https:\/\/casualplay.com\/es\/?s={search_term_string}\"},\"query-input\":{\"@type\":\"PropertyValueSpecification\",\"valueRequired\":true,\"valueName\":\"search_term_string\"}}],\"inLanguage\":\"es\"},{\"@type\":\"Organization\",\"@id\":\"https:\/\/casualplay.com\/es\/#organization\",\"name\":\"Casualplay\",\"url\":\"https:\/\/casualplay.com\/es\/\",\"logo\":{\"@type\":\"ImageObject\",\"inLanguage\":\"es\",\"@id\":\"https:\/\/casualplay.com\/es\/#\/schema\/logo\/image\/\",\"url\":\"https:\/\/casualplay.com\/wp-content\/uploads\/logo-casualplay.png\",\"contentUrl\":\"https:\/\/casualplay.com\/wp-content\/uploads\/logo-casualplay.png\",\"width\":410,\"height\":82,\"caption\":\"Casualplay\"},\"image\":{\"@id\":\"https:\/\/casualplay.com\/es\/#\/schema\/logo\/image\/\"}}]}<\/script>\n<!-- \/ Yoast SEO plugin. -->","yoast_head_json":{"title":"Hamaca beb\u00e9 Casual swing Casualplay","description":"Con su innovador balanceo, la hamaca Casual Swing incopora 2 velocidades y varias melod\u00edas para relajar y proporcionar descanso a tu beb\u00e9. \u00a1Desc\u00fabrela!","robots":{"index":"index","follow":"follow","max-snippet":"max-snippet:-1","max-image-preview":"max-image-preview:large","max-video-preview":"max-video-preview:-1"},"canonical":"https:\/\/casualplay.com\/es\/producto\/casual-swing\/","og_locale":"es_ES","og_type":"article","og_title":"Hamaca beb\u00e9 Casualswing, de Casualplay","og_description":"Con su innovador balanceo, la hamaca Casual Swing incopora 2 velocidades y varias melod\u00edas para relajar y proporcionar descanso a tu beb\u00e9. \u00a1Desc\u00fabrela!","og_url":"https:\/\/casualplay.com\/es\/producto\/casual-swing\/","og_site_name":"Casualplay","article_modified_time":"2025-07-10T06:41:31+00:00","og_image":[{"width":1000,"height":1144,"url":"https:\/\/casualplay.com\/wp-content\/uploads\/casualswingportada.webp","type":"image\/webp"}],"twitter_card":"summary_large_image","twitter_misc":{"Tiempo de lectura":"1 minuto"},"schema":{"@context":"https:\/\/schema.org","@graph":[{"@type":"WebPage","@id":"https:\/\/casualplay.com\/es\/producto\/casual-swing\/","url":"https:\/\/casualplay.com\/es\/producto\/casual-swing\/","name":"Hamaca beb\u00e9 Casual swing Casualplay","isPartOf":{"@id":"https:\/\/casualplay.com\/es\/#website"},"primaryImageOfPage":{"@id":"https:\/\/casualplay.com\/es\/producto\/casual-swing\/#primaryimage"},"image":{"@id":"https:\/\/casualplay.com\/es\/producto\/casual-swing\/#primaryimage"},"thumbnailUrl":"https:\/\/casualplay.com\/wp-content\/uploads\/casualswingportada.webp","datePublished":"2024-10-15T15:00:53+00:00","dateModified":"2025-07-10T06:41:31+00:00","description":"Con su innovador balanceo, la hamaca Casual Swing incopora 2 velocidades y varias melod\u00edas para relajar y proporcionar descanso a tu beb\u00e9. \u00a1Desc\u00fabrela!","breadcrumb":{"@id":"https:\/\/casualplay.com\/es\/producto\/casual-swing\/#breadcrumb"},"inLanguage":"es","potentialAction":[{"@type":"ReadAction","target":["https:\/\/casualplay.com\/es\/producto\/casual-swing\/"]}]},{"@type":"ImageObject","inLanguage":"es","@id":"https:\/\/casualplay.com\/es\/producto\/casual-swing\/#primaryimage","url":"https:\/\/casualplay.com\/wp-content\/uploads\/casualswingportada.webp","contentUrl":"https:\/\/casualplay.com\/wp-content\/uploads\/casualswingportada.webp","width":1000,"height":1144,"caption":"Casual swing"},{"@type":"BreadcrumbList","@id":"https:\/\/casualplay.com\/es\/producto\/casual-swing\/#breadcrumb","itemListElement":[{"@type":"ListItem","position":1,"name":"Portada","item":"https:\/\/casualplay.com\/es\/"},{"@type":"ListItem","position":2,"name":"Tienda","item":"https:\/\/casualplay.com\/es\/tienda\/"},{"@type":"ListItem","position":3,"name":"Casual swing"}]},{"@type":"WebSite","@id":"https:\/\/casualplay.com\/es\/#website","url":"https:\/\/casualplay.com\/es\/","name":"Casualplay","description":"Making Life Fun","publisher":{"@id":"https:\/\/casualplay.com\/es\/#organization"},"potentialAction":[{"@type":"SearchAction","target":{"@type":"EntryPoint","urlTemplate":"https:\/\/casualplay.com\/es\/?s={search_term_string}"},"query-input":{"@type":"PropertyValueSpecification","valueRequired":true,"valueName":"search_term_string"}}],"inLanguage":"es"},{"@type":"Organization","@id":"https:\/\/casualplay.com\/es\/#organization","name":"Casualplay","url":"https:\/\/casualplay.com\/es\/","logo":{"@type":"ImageObject","inLanguage":"es","@id":"https:\/\/casualplay.com\/es\/#\/schema\/logo\/image\/","url":"https:\/\/casualplay.com\/wp-content\/uploads\/logo-casualplay.png","contentUrl":"https:\/\/casualplay.com\/wp-content\/uploads\/logo-casualplay.png","width":410,"height":82,"caption":"Casualplay"},"image":{"@id":"https:\/\/casualplay.com\/es\/#\/schema\/logo\/image\/"}}]}},"_links":{"self":[{"href":"https:\/\/casualplay.com\/es\/wp-json\/wp\/v2\/product\/2431","targetHints":{"allow":["GET"]}}],"collection":[{"href":"https:\/\/casualplay.com\/es\/wp-json\/wp\/v2\/product"}],"about":[{"href":"https:\/\/casualplay.com\/es\/wp-json\/wp\/v2\/types\/product"}],"replies":[{"embeddable":true,"href":"https:\/\/casualplay.com\/es\/wp-json\/wp\/v2\/comments?post=2431"}],"wp:featuredmedia":[{"embeddable":true,"href":"https:\/\/casualplay.com\/es\/wp-json\/wp\/v2\/media\/2644"}],"wp:attachment":[{"href":"https:\/\/casualplay.com\/es\/wp-json\/wp\/v2\/media?parent=2431"}],"wp:term":[{"taxonomy":"product_brand","embeddable":true,"href":"https:\/\/casualplay.com\/es\/wp-json\/wp\/v2\/product_brand?post=2431"},{"taxonomy":"product_cat","embeddable":true,"href":"https:\/\/casualplay.com\/es\/wp-json\/wp\/v2\/product_cat?post=2431"},{"taxonomy":"product_tag","embeddable":true,"href":"https:\/\/casualplay.com\/es\/wp-json\/wp\/v2\/product_tag?post=2431"}],"curies":[{"name":"wp","href":"https:\/\/api.w.org\/{rel}","templated":true}]}}