{"id":2430,"date":"2024-10-15T15:00:53","date_gmt":"2024-10-15T15:00:53","guid":{"rendered":"https:\/\/casualplay.com\/product\/neotion\/"},"modified":"2025-02-12T16:31:22","modified_gmt":"2025-02-12T16:31:22","slug":"neotion","status":"publish","type":"product","link":"https:\/\/casualplay.com\/es\/producto\/neotion\/","title":{"rendered":"Neotion"},"content":{"rendered":"","protected":false},"excerpt":{"rendered":"<p>Portabeb\u00e9s Casualplay Neotion para uso de 40 a 87 cm (0-2 a\u00f1os). Categor\u00eda i-size. Reclinable, con arn\u00e9s de 3 puntos y cabezal ajustable. M\u00e1xima seguridad.<\/p>\n","protected":false},"featured_media":3637,"comment_status":"open","ping_status":"closed","template":"","meta":{"_acf_changed":false},"product_brand":[],"product_cat":[32],"product_tag":[],"class_list":{"0":"post-2430","1":"product","2":"type-product","3":"status-publish","4":"has-post-thumbnail","6":"product_cat-bebe","8":"first","9":"instock","10":"purchasable","11":"product-type-simple"},"acf":[],"yoast_head":"<!-- This site is optimized with the Yoast SEO plugin v27.3 - https:\/\/yoast.com\/product\/yoast-seo-wordpress\/ -->\n<title>Portabeb\u00e9s Casualplay Neotion para uso de 40 a 87 cm (0-2 a\u00f1os). Categor\u00eda i-size. Reclinable, con arn\u00e9s de 3 puntos y cabezal ajustable. M\u00e1xima seguridad.<\/title>\n<meta name=\"description\" content=\"Portabeb\u00e9s Neotion|Casualplay\" \/>\n<meta name=\"robots\" content=\"index, follow, max-snippet:-1, max-image-preview:large, max-video-preview:-1\" \/>\n<link rel=\"canonical\" href=\"https:\/\/casualplay.com\/es\/producto\/neotion\/\" \/>\n<meta property=\"og:locale\" content=\"es_ES\" \/>\n<meta property=\"og:type\" content=\"article\" \/>\n<meta property=\"og:title\" content=\"Portabeb\u00e9s Casualplay Neotion para uso de 40 a 87 cm (0-2 a\u00f1os). Categor\u00eda i-size. Reclinable, con arn\u00e9s de 3 puntos y cabezal ajustable. M\u00e1xima seguridad.\" \/>\n<meta property=\"og:description\" content=\"Portabeb\u00e9s Casualplay Neotion para uso de 40 a 87 cm (0-2 a\u00f1os). Categor\u00eda i-size. Reclinable, con arn\u00e9s de 3 puntos y cabezal ajustable. M\u00e1xima seguridad.\" \/>\n<meta property=\"og:url\" content=\"https:\/\/casualplay.com\/es\/producto\/neotion\/\" \/>\n<meta property=\"og:site_name\" content=\"Casualplay\" \/>\n<meta property=\"article:modified_time\" content=\"2025-02-12T16:31:22+00:00\" \/>\n<meta property=\"og:image\" content=\"https:\/\/casualplay.com\/wp-content\/uploads\/neotion-5.webp\" \/>\n\t<meta property=\"og:image:width\" content=\"1200\" \/>\n\t<meta property=\"og:image:height\" content=\"1372\" \/>\n\t<meta property=\"og:image:type\" content=\"image\/webp\" \/>\n<meta name=\"twitter:card\" content=\"summary_large_image\" \/>\n<meta name=\"twitter:label1\" content=\"Tiempo de lectura\" \/>\n\t<meta name=\"twitter:data1\" content=\"1 minuto\" \/>\n<script type=\"application\/ld+json\" class=\"yoast-schema-graph\">{\"@context\":\"https:\\\/\\\/schema.org\",\"@graph\":[{\"@type\":\"WebPage\",\"@id\":\"https:\\\/\\\/casualplay.com\\\/es\\\/producto\\\/neotion\\\/\",\"url\":\"https:\\\/\\\/casualplay.com\\\/es\\\/producto\\\/neotion\\\/\",\"name\":\"Portabeb\u00e9s Casualplay Neotion para uso de 40 a 87 cm (0-2 a\u00f1os). Categor\u00eda i-size. Reclinable, con arn\u00e9s de 3 puntos y cabezal ajustable. M\u00e1xima seguridad.\",\"isPartOf\":{\"@id\":\"https:\\\/\\\/casualplay.com\\\/es\\\/#website\"},\"primaryImageOfPage\":{\"@id\":\"https:\\\/\\\/casualplay.com\\\/es\\\/producto\\\/neotion\\\/#primaryimage\"},\"image\":{\"@id\":\"https:\\\/\\\/casualplay.com\\\/es\\\/producto\\\/neotion\\\/#primaryimage\"},\"thumbnailUrl\":\"https:\\\/\\\/casualplay.com\\\/wp-content\\\/uploads\\\/neotion-5.webp\",\"datePublished\":\"2024-10-15T15:00:53+00:00\",\"dateModified\":\"2025-02-12T16:31:22+00:00\",\"description\":\"Portabeb\u00e9s Neotion|Casualplay\",\"breadcrumb\":{\"@id\":\"https:\\\/\\\/casualplay.com\\\/es\\\/producto\\\/neotion\\\/#breadcrumb\"},\"inLanguage\":\"es\",\"potentialAction\":[{\"@type\":\"ReadAction\",\"target\":[\"https:\\\/\\\/casualplay.com\\\/es\\\/producto\\\/neotion\\\/\"]}]},{\"@type\":\"ImageObject\",\"inLanguage\":\"es\",\"@id\":\"https:\\\/\\\/casualplay.com\\\/es\\\/producto\\\/neotion\\\/#primaryimage\",\"url\":\"https:\\\/\\\/casualplay.com\\\/wp-content\\\/uploads\\\/neotion-5.webp\",\"contentUrl\":\"https:\\\/\\\/casualplay.com\\\/wp-content\\\/uploads\\\/neotion-5.webp\",\"width\":1200,\"height\":1372},{\"@type\":\"BreadcrumbList\",\"@id\":\"https:\\\/\\\/casualplay.com\\\/es\\\/producto\\\/neotion\\\/#breadcrumb\",\"itemListElement\":[{\"@type\":\"ListItem\",\"position\":1,\"name\":\"Portada\",\"item\":\"https:\\\/\\\/casualplay.com\\\/es\\\/\"},{\"@type\":\"ListItem\",\"position\":2,\"name\":\"Tienda\",\"item\":\"https:\\\/\\\/casualplay.com\\\/es\\\/tienda\\\/\"},{\"@type\":\"ListItem\",\"position\":3,\"name\":\"Neotion\"}]},{\"@type\":\"WebSite\",\"@id\":\"https:\\\/\\\/casualplay.com\\\/es\\\/#website\",\"url\":\"https:\\\/\\\/casualplay.com\\\/es\\\/\",\"name\":\"Casualplay\",\"description\":\"Making Life Fun\",\"publisher\":{\"@id\":\"https:\\\/\\\/casualplay.com\\\/es\\\/#organization\"},\"potentialAction\":[{\"@type\":\"SearchAction\",\"target\":{\"@type\":\"EntryPoint\",\"urlTemplate\":\"https:\\\/\\\/casualplay.com\\\/es\\\/?s={search_term_string}\"},\"query-input\":{\"@type\":\"PropertyValueSpecification\",\"valueRequired\":true,\"valueName\":\"search_term_string\"}}],\"inLanguage\":\"es\"},{\"@type\":\"Organization\",\"@id\":\"https:\\\/\\\/casualplay.com\\\/es\\\/#organization\",\"name\":\"Casualplay\",\"url\":\"https:\\\/\\\/casualplay.com\\\/es\\\/\",\"logo\":{\"@type\":\"ImageObject\",\"inLanguage\":\"es\",\"@id\":\"https:\\\/\\\/casualplay.com\\\/es\\\/#\\\/schema\\\/logo\\\/image\\\/\",\"url\":\"https:\\\/\\\/casualplay.com\\\/wp-content\\\/uploads\\\/logo-casualplay.png\",\"contentUrl\":\"https:\\\/\\\/casualplay.com\\\/wp-content\\\/uploads\\\/logo-casualplay.png\",\"width\":410,\"height\":82,\"caption\":\"Casualplay\"},\"image\":{\"@id\":\"https:\\\/\\\/casualplay.com\\\/es\\\/#\\\/schema\\\/logo\\\/image\\\/\"}}]}<\/script>\n<!-- \/ Yoast SEO plugin. -->","yoast_head_json":{"title":"Portabeb\u00e9s Casualplay Neotion para uso de 40 a 87 cm (0-2 a\u00f1os). Categor\u00eda i-size. Reclinable, con arn\u00e9s de 3 puntos y cabezal ajustable. M\u00e1xima seguridad.","description":"Portabeb\u00e9s Neotion|Casualplay","robots":{"index":"index","follow":"follow","max-snippet":"max-snippet:-1","max-image-preview":"max-image-preview:large","max-video-preview":"max-video-preview:-1"},"canonical":"https:\/\/casualplay.com\/es\/producto\/neotion\/","og_locale":"es_ES","og_type":"article","og_title":"Portabeb\u00e9s Casualplay Neotion para uso de 40 a 87 cm (0-2 a\u00f1os). Categor\u00eda i-size. Reclinable, con arn\u00e9s de 3 puntos y cabezal ajustable. M\u00e1xima seguridad.","og_description":"Portabeb\u00e9s Casualplay Neotion para uso de 40 a 87 cm (0-2 a\u00f1os). Categor\u00eda i-size. Reclinable, con arn\u00e9s de 3 puntos y cabezal ajustable. M\u00e1xima seguridad.","og_url":"https:\/\/casualplay.com\/es\/producto\/neotion\/","og_site_name":"Casualplay","article_modified_time":"2025-02-12T16:31:22+00:00","og_image":[{"width":1200,"height":1372,"url":"https:\/\/casualplay.com\/wp-content\/uploads\/neotion-5.webp","type":"image\/webp"}],"twitter_card":"summary_large_image","twitter_misc":{"Tiempo de lectura":"1 minuto"},"schema":{"@context":"https:\/\/schema.org","@graph":[{"@type":"WebPage","@id":"https:\/\/casualplay.com\/es\/producto\/neotion\/","url":"https:\/\/casualplay.com\/es\/producto\/neotion\/","name":"Portabeb\u00e9s Casualplay Neotion para uso de 40 a 87 cm (0-2 a\u00f1os). Categor\u00eda i-size. Reclinable, con arn\u00e9s de 3 puntos y cabezal ajustable. M\u00e1xima seguridad.","isPartOf":{"@id":"https:\/\/casualplay.com\/es\/#website"},"primaryImageOfPage":{"@id":"https:\/\/casualplay.com\/es\/producto\/neotion\/#primaryimage"},"image":{"@id":"https:\/\/casualplay.com\/es\/producto\/neotion\/#primaryimage"},"thumbnailUrl":"https:\/\/casualplay.com\/wp-content\/uploads\/neotion-5.webp","datePublished":"2024-10-15T15:00:53+00:00","dateModified":"2025-02-12T16:31:22+00:00","description":"Portabeb\u00e9s Neotion|Casualplay","breadcrumb":{"@id":"https:\/\/casualplay.com\/es\/producto\/neotion\/#breadcrumb"},"inLanguage":"es","potentialAction":[{"@type":"ReadAction","target":["https:\/\/casualplay.com\/es\/producto\/neotion\/"]}]},{"@type":"ImageObject","inLanguage":"es","@id":"https:\/\/casualplay.com\/es\/producto\/neotion\/#primaryimage","url":"https:\/\/casualplay.com\/wp-content\/uploads\/neotion-5.webp","contentUrl":"https:\/\/casualplay.com\/wp-content\/uploads\/neotion-5.webp","width":1200,"height":1372},{"@type":"BreadcrumbList","@id":"https:\/\/casualplay.com\/es\/producto\/neotion\/#breadcrumb","itemListElement":[{"@type":"ListItem","position":1,"name":"Portada","item":"https:\/\/casualplay.com\/es\/"},{"@type":"ListItem","position":2,"name":"Tienda","item":"https:\/\/casualplay.com\/es\/tienda\/"},{"@type":"ListItem","position":3,"name":"Neotion"}]},{"@type":"WebSite","@id":"https:\/\/casualplay.com\/es\/#website","url":"https:\/\/casualplay.com\/es\/","name":"Casualplay","description":"Making Life Fun","publisher":{"@id":"https:\/\/casualplay.com\/es\/#organization"},"potentialAction":[{"@type":"SearchAction","target":{"@type":"EntryPoint","urlTemplate":"https:\/\/casualplay.com\/es\/?s={search_term_string}"},"query-input":{"@type":"PropertyValueSpecification","valueRequired":true,"valueName":"search_term_string"}}],"inLanguage":"es"},{"@type":"Organization","@id":"https:\/\/casualplay.com\/es\/#organization","name":"Casualplay","url":"https:\/\/casualplay.com\/es\/","logo":{"@type":"ImageObject","inLanguage":"es","@id":"https:\/\/casualplay.com\/es\/#\/schema\/logo\/image\/","url":"https:\/\/casualplay.com\/wp-content\/uploads\/logo-casualplay.png","contentUrl":"https:\/\/casualplay.com\/wp-content\/uploads\/logo-casualplay.png","width":410,"height":82,"caption":"Casualplay"},"image":{"@id":"https:\/\/casualplay.com\/es\/#\/schema\/logo\/image\/"}}]}},"_links":{"self":[{"href":"https:\/\/casualplay.com\/es\/wp-json\/wp\/v2\/product\/2430","targetHints":{"allow":["GET"]}}],"collection":[{"href":"https:\/\/casualplay.com\/es\/wp-json\/wp\/v2\/product"}],"about":[{"href":"https:\/\/casualplay.com\/es\/wp-json\/wp\/v2\/types\/product"}],"replies":[{"embeddable":true,"href":"https:\/\/casualplay.com\/es\/wp-json\/wp\/v2\/comments?post=2430"}],"wp:featuredmedia":[{"embeddable":true,"href":"https:\/\/casualplay.com\/es\/wp-json\/wp\/v2\/media\/3637"}],"wp:attachment":[{"href":"https:\/\/casualplay.com\/es\/wp-json\/wp\/v2\/media?parent=2430"}],"wp:term":[{"taxonomy":"product_brand","embeddable":true,"href":"https:\/\/casualplay.com\/es\/wp-json\/wp\/v2\/product_brand?post=2430"},{"taxonomy":"product_cat","embeddable":true,"href":"https:\/\/casualplay.com\/es\/wp-json\/wp\/v2\/product_cat?post=2430"},{"taxonomy":"product_tag","embeddable":true,"href":"https:\/\/casualplay.com\/es\/wp-json\/wp\/v2\/product_tag?post=2430"}],"curies":[{"name":"wp","href":"https:\/\/api.w.org\/{rel}","templated":true}]}}