{"id":2427,"date":"2024-10-15T14:59:19","date_gmt":"2024-10-15T14:59:19","guid":{"rendered":"https:\/\/casualplay.com\/product\/eroe-i-size\/"},"modified":"2026-02-23T16:13:54","modified_gmt":"2026-02-23T16:13:54","slug":"eroe-i-size","status":"publish","type":"product","link":"https:\/\/casualplay.com\/es\/producto\/eroe-i-size\/","title":{"rendered":"Eroe i-size"},"content":{"rendered":"<p>\u00a1Tu h\u00e9roe en la carretera! La silla de coche Eroe i-Size est\u00e1 dise\u00f1ada pensando en el bienestar y la seguridad de tu beb\u00e9, permiti\u00e9ndote concentrarte al 100% en la conducci\u00f3n. Realizado con los materiales y tecnolog\u00edas m\u00e1s avanzados y una delicada atenci\u00f3n al detalle, esta innovadora silla de coche incorpora un ventilador propio que reduce hasta 5 grados la temperatura en 10 minutos, evitando la sudoraci\u00f3n del beb\u00e9.<\/p>\n<p>Dale a tu beb\u00e9 la protecci\u00f3n y comodidad que merece con la silla de coche Eroe i-Size de Casualplay.<\/p>\n<ul>\n<li aria-level=\"1\">Sistema de ventilaci\u00f3n incorporado para evitar la sudoraci\u00f3n del beb\u00e9.<\/li>\n<li aria-level=\"1\">A contramarcha hasta los 4 a\u00f1os<\/li>\n<li aria-level=\"1\">Dise\u00f1o ergon\u00f3mico adaptable al crecimiento del beb\u00e9.<\/li>\n<\/ul>\n","protected":false},"excerpt":{"rendered":"<p>Eroe i-size es la silla de coche de \u00faltima generaci\u00f3n m\u00e1s completa. A contramarcha, giratoria, con ventilaci\u00f3n incorporada y muy f\u00e1cil de instalar. \u00a1Desc\u00fabrela!<\/p>\n","protected":false},"featured_media":3719,"comment_status":"open","ping_status":"closed","template":"","meta":{"_acf_changed":false},"product_brand":[318],"product_cat":[31,63],"product_tag":[323,324,325],"class_list":{"0":"post-2427","1":"product","2":"type-product","3":"status-publish","4":"has-post-thumbnail","6":"product_brand-casualplay","7":"product_cat-infantil","8":"product_cat-outlet","9":"product_tag-isofix","10":"product_tag-grupo-0","11":"product_tag-isize","13":"first","14":"instock","15":"sale","16":"purchasable","17":"product-type-variable","18":"has-default-attributes"},"acf":[],"yoast_head":"<!-- This site is optimized with the Yoast SEO plugin v27.3 - https:\/\/yoast.com\/product\/yoast-seo-wordpress\/ -->\n<title>Silla de coche Eroe i-size 0-4 a\u00f1os - Casualplay<\/title>\n<meta name=\"description\" content=\"Seguridad, confort y tecnolog\u00eda en una silla de coche. A contramarcha hasta los 4 a\u00f1os. Sistema de ventilaci\u00f3n incorporado.\" \/>\n<meta name=\"robots\" content=\"index, follow, max-snippet:-1, max-image-preview:large, max-video-preview:-1\" \/>\n<link rel=\"canonical\" href=\"https:\/\/casualplay.com\/es\/producto\/eroe-i-size\/\" \/>\n<meta property=\"og:locale\" content=\"es_ES\" \/>\n<meta property=\"og:type\" content=\"article\" \/>\n<meta property=\"og:title\" content=\"Silla de coche Eroe i-size 0-4 a\u00f1os - Casualplay\" \/>\n<meta property=\"og:description\" content=\"Seguridad, confort y tecnolog\u00eda en una silla de coche. A contramarcha hasta los 4 a\u00f1os. Sistema de ventilaci\u00f3n incorporado.\" \/>\n<meta property=\"og:url\" content=\"https:\/\/casualplay.com\/es\/producto\/eroe-i-size\/\" \/>\n<meta property=\"og:site_name\" content=\"Casualplay\" \/>\n<meta property=\"article:modified_time\" content=\"2026-02-23T16:13:54+00:00\" \/>\n<meta property=\"og:image\" content=\"https:\/\/casualplay.com\/wp-content\/uploads\/eroeisizesilla706-1.webp\" \/>\n\t<meta property=\"og:image:width\" content=\"1000\" \/>\n\t<meta property=\"og:image:height\" content=\"1144\" \/>\n\t<meta property=\"og:image:type\" content=\"image\/webp\" \/>\n<meta name=\"twitter:card\" content=\"summary_large_image\" \/>\n<meta name=\"twitter:label1\" content=\"Tiempo de lectura\" \/>\n\t<meta name=\"twitter:data1\" content=\"1 minuto\" \/>\n<script type=\"application\/ld+json\" class=\"yoast-schema-graph\">{\"@context\":\"https:\\\/\\\/schema.org\",\"@graph\":[{\"@type\":\"WebPage\",\"@id\":\"https:\\\/\\\/casualplay.com\\\/es\\\/producto\\\/eroe-i-size\\\/\",\"url\":\"https:\\\/\\\/casualplay.com\\\/es\\\/producto\\\/eroe-i-size\\\/\",\"name\":\"Silla de coche Eroe i-size 0-4 a\u00f1os - Casualplay\",\"isPartOf\":{\"@id\":\"https:\\\/\\\/casualplay.com\\\/es\\\/#website\"},\"primaryImageOfPage\":{\"@id\":\"https:\\\/\\\/casualplay.com\\\/es\\\/producto\\\/eroe-i-size\\\/#primaryimage\"},\"image\":{\"@id\":\"https:\\\/\\\/casualplay.com\\\/es\\\/producto\\\/eroe-i-size\\\/#primaryimage\"},\"thumbnailUrl\":\"https:\\\/\\\/casualplay.com\\\/wp-content\\\/uploads\\\/eroeisizesilla706-1.webp\",\"datePublished\":\"2024-10-15T14:59:19+00:00\",\"dateModified\":\"2026-02-23T16:13:54+00:00\",\"description\":\"Seguridad, confort y tecnolog\u00eda en una silla de coche. A contramarcha hasta los 4 a\u00f1os. Sistema de ventilaci\u00f3n incorporado.\",\"breadcrumb\":{\"@id\":\"https:\\\/\\\/casualplay.com\\\/es\\\/producto\\\/eroe-i-size\\\/#breadcrumb\"},\"inLanguage\":\"es\",\"potentialAction\":[{\"@type\":\"ReadAction\",\"target\":[\"https:\\\/\\\/casualplay.com\\\/es\\\/producto\\\/eroe-i-size\\\/\"]}]},{\"@type\":\"ImageObject\",\"inLanguage\":\"es\",\"@id\":\"https:\\\/\\\/casualplay.com\\\/es\\\/producto\\\/eroe-i-size\\\/#primaryimage\",\"url\":\"https:\\\/\\\/casualplay.com\\\/wp-content\\\/uploads\\\/eroeisizesilla706-1.webp\",\"contentUrl\":\"https:\\\/\\\/casualplay.com\\\/wp-content\\\/uploads\\\/eroeisizesilla706-1.webp\",\"width\":1000,\"height\":1144},{\"@type\":\"BreadcrumbList\",\"@id\":\"https:\\\/\\\/casualplay.com\\\/es\\\/producto\\\/eroe-i-size\\\/#breadcrumb\",\"itemListElement\":[{\"@type\":\"ListItem\",\"position\":1,\"name\":\"Portada\",\"item\":\"https:\\\/\\\/casualplay.com\\\/es\\\/\"},{\"@type\":\"ListItem\",\"position\":2,\"name\":\"Tienda\",\"item\":\"https:\\\/\\\/casualplay.com\\\/es\\\/tienda\\\/\"},{\"@type\":\"ListItem\",\"position\":3,\"name\":\"Eroe i-size\"}]},{\"@type\":\"WebSite\",\"@id\":\"https:\\\/\\\/casualplay.com\\\/es\\\/#website\",\"url\":\"https:\\\/\\\/casualplay.com\\\/es\\\/\",\"name\":\"Casualplay\",\"description\":\"Making Life Fun\",\"publisher\":{\"@id\":\"https:\\\/\\\/casualplay.com\\\/es\\\/#organization\"},\"potentialAction\":[{\"@type\":\"SearchAction\",\"target\":{\"@type\":\"EntryPoint\",\"urlTemplate\":\"https:\\\/\\\/casualplay.com\\\/es\\\/?s={search_term_string}\"},\"query-input\":{\"@type\":\"PropertyValueSpecification\",\"valueRequired\":true,\"valueName\":\"search_term_string\"}}],\"inLanguage\":\"es\"},{\"@type\":\"Organization\",\"@id\":\"https:\\\/\\\/casualplay.com\\\/es\\\/#organization\",\"name\":\"Casualplay\",\"url\":\"https:\\\/\\\/casualplay.com\\\/es\\\/\",\"logo\":{\"@type\":\"ImageObject\",\"inLanguage\":\"es\",\"@id\":\"https:\\\/\\\/casualplay.com\\\/es\\\/#\\\/schema\\\/logo\\\/image\\\/\",\"url\":\"https:\\\/\\\/casualplay.com\\\/wp-content\\\/uploads\\\/logo-casualplay.png\",\"contentUrl\":\"https:\\\/\\\/casualplay.com\\\/wp-content\\\/uploads\\\/logo-casualplay.png\",\"width\":410,\"height\":82,\"caption\":\"Casualplay\"},\"image\":{\"@id\":\"https:\\\/\\\/casualplay.com\\\/es\\\/#\\\/schema\\\/logo\\\/image\\\/\"}}]}<\/script>\n<!-- \/ Yoast SEO plugin. -->","yoast_head_json":{"title":"Silla de coche Eroe i-size 0-4 a\u00f1os - Casualplay","description":"Seguridad, confort y tecnolog\u00eda en una silla de coche. A contramarcha hasta los 4 a\u00f1os. Sistema de ventilaci\u00f3n incorporado.","robots":{"index":"index","follow":"follow","max-snippet":"max-snippet:-1","max-image-preview":"max-image-preview:large","max-video-preview":"max-video-preview:-1"},"canonical":"https:\/\/casualplay.com\/es\/producto\/eroe-i-size\/","og_locale":"es_ES","og_type":"article","og_title":"Silla de coche Eroe i-size 0-4 a\u00f1os - Casualplay","og_description":"Seguridad, confort y tecnolog\u00eda en una silla de coche. A contramarcha hasta los 4 a\u00f1os. Sistema de ventilaci\u00f3n incorporado.","og_url":"https:\/\/casualplay.com\/es\/producto\/eroe-i-size\/","og_site_name":"Casualplay","article_modified_time":"2026-02-23T16:13:54+00:00","og_image":[{"width":1000,"height":1144,"url":"https:\/\/casualplay.com\/wp-content\/uploads\/eroeisizesilla706-1.webp","type":"image\/webp"}],"twitter_card":"summary_large_image","twitter_misc":{"Tiempo de lectura":"1 minuto"},"schema":{"@context":"https:\/\/schema.org","@graph":[{"@type":"WebPage","@id":"https:\/\/casualplay.com\/es\/producto\/eroe-i-size\/","url":"https:\/\/casualplay.com\/es\/producto\/eroe-i-size\/","name":"Silla de coche Eroe i-size 0-4 a\u00f1os - Casualplay","isPartOf":{"@id":"https:\/\/casualplay.com\/es\/#website"},"primaryImageOfPage":{"@id":"https:\/\/casualplay.com\/es\/producto\/eroe-i-size\/#primaryimage"},"image":{"@id":"https:\/\/casualplay.com\/es\/producto\/eroe-i-size\/#primaryimage"},"thumbnailUrl":"https:\/\/casualplay.com\/wp-content\/uploads\/eroeisizesilla706-1.webp","datePublished":"2024-10-15T14:59:19+00:00","dateModified":"2026-02-23T16:13:54+00:00","description":"Seguridad, confort y tecnolog\u00eda en una silla de coche. A contramarcha hasta los 4 a\u00f1os. Sistema de ventilaci\u00f3n incorporado.","breadcrumb":{"@id":"https:\/\/casualplay.com\/es\/producto\/eroe-i-size\/#breadcrumb"},"inLanguage":"es","potentialAction":[{"@type":"ReadAction","target":["https:\/\/casualplay.com\/es\/producto\/eroe-i-size\/"]}]},{"@type":"ImageObject","inLanguage":"es","@id":"https:\/\/casualplay.com\/es\/producto\/eroe-i-size\/#primaryimage","url":"https:\/\/casualplay.com\/wp-content\/uploads\/eroeisizesilla706-1.webp","contentUrl":"https:\/\/casualplay.com\/wp-content\/uploads\/eroeisizesilla706-1.webp","width":1000,"height":1144},{"@type":"BreadcrumbList","@id":"https:\/\/casualplay.com\/es\/producto\/eroe-i-size\/#breadcrumb","itemListElement":[{"@type":"ListItem","position":1,"name":"Portada","item":"https:\/\/casualplay.com\/es\/"},{"@type":"ListItem","position":2,"name":"Tienda","item":"https:\/\/casualplay.com\/es\/tienda\/"},{"@type":"ListItem","position":3,"name":"Eroe i-size"}]},{"@type":"WebSite","@id":"https:\/\/casualplay.com\/es\/#website","url":"https:\/\/casualplay.com\/es\/","name":"Casualplay","description":"Making Life Fun","publisher":{"@id":"https:\/\/casualplay.com\/es\/#organization"},"potentialAction":[{"@type":"SearchAction","target":{"@type":"EntryPoint","urlTemplate":"https:\/\/casualplay.com\/es\/?s={search_term_string}"},"query-input":{"@type":"PropertyValueSpecification","valueRequired":true,"valueName":"search_term_string"}}],"inLanguage":"es"},{"@type":"Organization","@id":"https:\/\/casualplay.com\/es\/#organization","name":"Casualplay","url":"https:\/\/casualplay.com\/es\/","logo":{"@type":"ImageObject","inLanguage":"es","@id":"https:\/\/casualplay.com\/es\/#\/schema\/logo\/image\/","url":"https:\/\/casualplay.com\/wp-content\/uploads\/logo-casualplay.png","contentUrl":"https:\/\/casualplay.com\/wp-content\/uploads\/logo-casualplay.png","width":410,"height":82,"caption":"Casualplay"},"image":{"@id":"https:\/\/casualplay.com\/es\/#\/schema\/logo\/image\/"}}]}},"_links":{"self":[{"href":"https:\/\/casualplay.com\/es\/wp-json\/wp\/v2\/product\/2427","targetHints":{"allow":["GET"]}}],"collection":[{"href":"https:\/\/casualplay.com\/es\/wp-json\/wp\/v2\/product"}],"about":[{"href":"https:\/\/casualplay.com\/es\/wp-json\/wp\/v2\/types\/product"}],"replies":[{"embeddable":true,"href":"https:\/\/casualplay.com\/es\/wp-json\/wp\/v2\/comments?post=2427"}],"wp:featuredmedia":[{"embeddable":true,"href":"https:\/\/casualplay.com\/es\/wp-json\/wp\/v2\/media\/3719"}],"wp:attachment":[{"href":"https:\/\/casualplay.com\/es\/wp-json\/wp\/v2\/media?parent=2427"}],"wp:term":[{"taxonomy":"product_brand","embeddable":true,"href":"https:\/\/casualplay.com\/es\/wp-json\/wp\/v2\/product_brand?post=2427"},{"taxonomy":"product_cat","embeddable":true,"href":"https:\/\/casualplay.com\/es\/wp-json\/wp\/v2\/product_cat?post=2427"},{"taxonomy":"product_tag","embeddable":true,"href":"https:\/\/casualplay.com\/es\/wp-json\/wp\/v2\/product_tag?post=2427"}],"curies":[{"name":"wp","href":"https:\/\/api.w.org\/{rel}","templated":true}]}}