{"id":2421,"date":"2024-10-15T14:59:19","date_gmt":"2024-10-15T14:59:19","guid":{"rendered":"https:\/\/casualplay.com\/product\/blackfix-i-size\/"},"modified":"2025-02-12T16:29:49","modified_gmt":"2025-02-12T16:29:49","slug":"blackfix-i-size","status":"publish","type":"product","link":"https:\/\/casualplay.com\/es\/producto\/blackfix-i-size\/","title":{"rendered":"Backfix i-size"},"content":{"rendered":"<h3>Totalmente i-Size: en todo el rango de altura de 100 a 150cm<\/h3>\n<p>El instinto de protecci\u00f3n que se desarrolla por un hijo cuando nace, permanece al crecer.<br \/>\nA diferencia de otras sillitas, que son i-Size hasta 135cm, Backfix i-size avanza en seguridad y protege a tu hijo con seguridad i-Size hasta los 150 cm.<\/p>\n<h3>Triple protecci\u00f3n<\/h3>\n<p>Descubre la silla de coche Backfix i-Size de Casualplay, dise\u00f1ada con triple protecci\u00f3n lateral para la m\u00e1xima seguridad de tu hijo. Equipada con un cabezal innovador que incorpora 2 c\u00e1maras de aire y una capa de memory foam, esta silla ofrece una defensa excepcional en caso de impacto lateral. Los conectores Isofix y el cintur\u00f3n garantizan un ajuste perfecto y una sujeci\u00f3n \u00f3ptima durante todo el viaje, proporcionando tranquilidad a los padres preocupados por la seguridad de sus hijos. Con Backfix i-Size, nunca comprometas la protecci\u00f3n en carretera.<\/p>\n<h3>10 razones para elegir Backfix i-size<\/h3>\n<ol>\n<li>Confort extraordinario al sentarse directamente sobre el mullido asiento del coche.<\/li>\n<li>Evita el hormigueo en las piernas, al poder apoyar los pies en el suelo.<\/li>\n<li>La posici\u00f3n m\u00e1s baja en el asiento ayuda a reducir los mareos durante el viaje.<\/li>\n<li>M\u00e1s seguridad. Al situarse en una posici\u00f3n inferior, aumenta la distancia de seguridad entre la cabeza y las partes r\u00edgidas del veh\u00edculo.<\/li>\n<li>De nuevo, m\u00e1s seguridad. Al disponer de mayor protecci\u00f3n de la puerta ante impacto lateral.<\/li>\n<li>M\u00e1s autonom\u00eda y facilidad de uso. Permite que el ni\u00f1o o ni\u00f1a se siente sin ayuda.<\/li>\n<li>Si tu coche es peque\u00f1o, ya no tienes que preocuparte de la altura en los asientos posteriores. Si cabe una persona de 150 cm, cabe Backfix i-size.<\/li>\n<li>Ideal para aquellos ni\u00f1os grandes que van inc\u00f3modos en un elevador convencional y necesitan seguir viajando con una posici\u00f3n adecuada y segura.<\/li>\n<li>Tambi\u00e9n reclina, dispone de 3 posiciones para adecuar la inclinaci\u00f3n del respaldo seg\u00fan las necesidades.<\/li>\n<li>Porque es i-size siempre, no solo hasta 135 cm.<\/li>\n<\/ol>\n","protected":false},"excerpt":{"rendered":"<p>Backfix I-Size es la silla de coche preferida de los ni\u00f1os mayores. Ideal para coches peque\u00f1os con poco espacio en asientos traseros.<\/p>\n","protected":false},"featured_media":2876,"comment_status":"open","ping_status":"closed","template":"","meta":{"_acf_changed":false},"product_brand":[],"product_cat":[53],"product_tag":[],"class_list":{"0":"post-2421","1":"product","2":"type-product","3":"status-publish","4":"has-post-thumbnail","6":"product_cat-ninos","8":"first","9":"instock","10":"sale","11":"purchasable","12":"product-type-variable","13":"has-default-attributes"},"acf":[],"yoast_head":"<!-- This site is optimized with the Yoast SEO plugin v27.3 - https:\/\/yoast.com\/product\/yoast-seo-wordpress\/ -->\n<title>Silla de coche Backfix isize|Casualplay<\/title>\n<meta name=\"description\" content=\"Backfix I-Size es la silla de coche preferida de los ni\u00f1os mayores. Ideal para coches peque\u00f1os con poco espacio en asientos traseros.\" \/>\n<meta name=\"robots\" content=\"index, follow, max-snippet:-1, max-image-preview:large, max-video-preview:-1\" \/>\n<link rel=\"canonical\" href=\"https:\/\/casualplay.com\/es\/producto\/blackfix-i-size\/\" \/>\n<meta property=\"og:locale\" content=\"es_ES\" \/>\n<meta property=\"og:type\" content=\"article\" \/>\n<meta property=\"og:title\" content=\"Silla de coche Backfix isize de Caualplay\" \/>\n<meta property=\"og:description\" content=\"Backfix I-Size es la silla de coche preferida de los ni\u00f1os mayores. Ideal para coches peque\u00f1os con poco espacio en asientos traseros.\" \/>\n<meta property=\"og:url\" content=\"https:\/\/casualplay.com\/es\/producto\/blackfix-i-size\/\" \/>\n<meta property=\"og:site_name\" content=\"Casualplay\" \/>\n<meta property=\"article:modified_time\" content=\"2025-02-12T16:29:49+00:00\" \/>\n<meta property=\"og:image\" content=\"https:\/\/casualplay.com\/wp-content\/uploads\/backfix71045.webp\" \/>\n\t<meta property=\"og:image:width\" content=\"1000\" \/>\n\t<meta property=\"og:image:height\" content=\"1144\" \/>\n\t<meta property=\"og:image:type\" content=\"image\/webp\" \/>\n<meta name=\"twitter:card\" content=\"summary_large_image\" \/>\n<meta name=\"twitter:label1\" content=\"Tiempo de lectura\" \/>\n\t<meta name=\"twitter:data1\" content=\"2 minutos\" \/>\n<script type=\"application\/ld+json\" class=\"yoast-schema-graph\">{\"@context\":\"https:\\\/\\\/schema.org\",\"@graph\":[{\"@type\":\"WebPage\",\"@id\":\"https:\\\/\\\/casualplay.com\\\/es\\\/producto\\\/blackfix-i-size\\\/\",\"url\":\"https:\\\/\\\/casualplay.com\\\/es\\\/producto\\\/blackfix-i-size\\\/\",\"name\":\"Silla de coche Backfix isize|Casualplay\",\"isPartOf\":{\"@id\":\"https:\\\/\\\/casualplay.com\\\/es\\\/#website\"},\"primaryImageOfPage\":{\"@id\":\"https:\\\/\\\/casualplay.com\\\/es\\\/producto\\\/blackfix-i-size\\\/#primaryimage\"},\"image\":{\"@id\":\"https:\\\/\\\/casualplay.com\\\/es\\\/producto\\\/blackfix-i-size\\\/#primaryimage\"},\"thumbnailUrl\":\"https:\\\/\\\/casualplay.com\\\/wp-content\\\/uploads\\\/backfix71045.webp\",\"datePublished\":\"2024-10-15T14:59:19+00:00\",\"dateModified\":\"2025-02-12T16:29:49+00:00\",\"description\":\"Backfix I-Size es la silla de coche preferida de los ni\u00f1os mayores. Ideal para coches peque\u00f1os con poco espacio en asientos traseros.\",\"breadcrumb\":{\"@id\":\"https:\\\/\\\/casualplay.com\\\/es\\\/producto\\\/blackfix-i-size\\\/#breadcrumb\"},\"inLanguage\":\"es\",\"potentialAction\":[{\"@type\":\"ReadAction\",\"target\":[\"https:\\\/\\\/casualplay.com\\\/es\\\/producto\\\/blackfix-i-size\\\/\"]}]},{\"@type\":\"ImageObject\",\"inLanguage\":\"es\",\"@id\":\"https:\\\/\\\/casualplay.com\\\/es\\\/producto\\\/blackfix-i-size\\\/#primaryimage\",\"url\":\"https:\\\/\\\/casualplay.com\\\/wp-content\\\/uploads\\\/backfix71045.webp\",\"contentUrl\":\"https:\\\/\\\/casualplay.com\\\/wp-content\\\/uploads\\\/backfix71045.webp\",\"width\":1000,\"height\":1144,\"caption\":\"Backfix i-size\"},{\"@type\":\"BreadcrumbList\",\"@id\":\"https:\\\/\\\/casualplay.com\\\/es\\\/producto\\\/blackfix-i-size\\\/#breadcrumb\",\"itemListElement\":[{\"@type\":\"ListItem\",\"position\":1,\"name\":\"Portada\",\"item\":\"https:\\\/\\\/casualplay.com\\\/es\\\/\"},{\"@type\":\"ListItem\",\"position\":2,\"name\":\"Tienda\",\"item\":\"https:\\\/\\\/casualplay.com\\\/es\\\/tienda\\\/\"},{\"@type\":\"ListItem\",\"position\":3,\"name\":\"Backfix i-size\"}]},{\"@type\":\"WebSite\",\"@id\":\"https:\\\/\\\/casualplay.com\\\/es\\\/#website\",\"url\":\"https:\\\/\\\/casualplay.com\\\/es\\\/\",\"name\":\"Casualplay\",\"description\":\"Making Life Fun\",\"publisher\":{\"@id\":\"https:\\\/\\\/casualplay.com\\\/es\\\/#organization\"},\"potentialAction\":[{\"@type\":\"SearchAction\",\"target\":{\"@type\":\"EntryPoint\",\"urlTemplate\":\"https:\\\/\\\/casualplay.com\\\/es\\\/?s={search_term_string}\"},\"query-input\":{\"@type\":\"PropertyValueSpecification\",\"valueRequired\":true,\"valueName\":\"search_term_string\"}}],\"inLanguage\":\"es\"},{\"@type\":\"Organization\",\"@id\":\"https:\\\/\\\/casualplay.com\\\/es\\\/#organization\",\"name\":\"Casualplay\",\"url\":\"https:\\\/\\\/casualplay.com\\\/es\\\/\",\"logo\":{\"@type\":\"ImageObject\",\"inLanguage\":\"es\",\"@id\":\"https:\\\/\\\/casualplay.com\\\/es\\\/#\\\/schema\\\/logo\\\/image\\\/\",\"url\":\"https:\\\/\\\/casualplay.com\\\/wp-content\\\/uploads\\\/logo-casualplay.png\",\"contentUrl\":\"https:\\\/\\\/casualplay.com\\\/wp-content\\\/uploads\\\/logo-casualplay.png\",\"width\":410,\"height\":82,\"caption\":\"Casualplay\"},\"image\":{\"@id\":\"https:\\\/\\\/casualplay.com\\\/es\\\/#\\\/schema\\\/logo\\\/image\\\/\"}}]}<\/script>\n<!-- \/ Yoast SEO plugin. -->","yoast_head_json":{"title":"Silla de coche Backfix isize|Casualplay","description":"Backfix I-Size es la silla de coche preferida de los ni\u00f1os mayores. Ideal para coches peque\u00f1os con poco espacio en asientos traseros.","robots":{"index":"index","follow":"follow","max-snippet":"max-snippet:-1","max-image-preview":"max-image-preview:large","max-video-preview":"max-video-preview:-1"},"canonical":"https:\/\/casualplay.com\/es\/producto\/blackfix-i-size\/","og_locale":"es_ES","og_type":"article","og_title":"Silla de coche Backfix isize de Caualplay","og_description":"Backfix I-Size es la silla de coche preferida de los ni\u00f1os mayores. Ideal para coches peque\u00f1os con poco espacio en asientos traseros.","og_url":"https:\/\/casualplay.com\/es\/producto\/blackfix-i-size\/","og_site_name":"Casualplay","article_modified_time":"2025-02-12T16:29:49+00:00","og_image":[{"width":1000,"height":1144,"url":"https:\/\/casualplay.com\/wp-content\/uploads\/backfix71045.webp","type":"image\/webp"}],"twitter_card":"summary_large_image","twitter_misc":{"Tiempo de lectura":"2 minutos"},"schema":{"@context":"https:\/\/schema.org","@graph":[{"@type":"WebPage","@id":"https:\/\/casualplay.com\/es\/producto\/blackfix-i-size\/","url":"https:\/\/casualplay.com\/es\/producto\/blackfix-i-size\/","name":"Silla de coche Backfix isize|Casualplay","isPartOf":{"@id":"https:\/\/casualplay.com\/es\/#website"},"primaryImageOfPage":{"@id":"https:\/\/casualplay.com\/es\/producto\/blackfix-i-size\/#primaryimage"},"image":{"@id":"https:\/\/casualplay.com\/es\/producto\/blackfix-i-size\/#primaryimage"},"thumbnailUrl":"https:\/\/casualplay.com\/wp-content\/uploads\/backfix71045.webp","datePublished":"2024-10-15T14:59:19+00:00","dateModified":"2025-02-12T16:29:49+00:00","description":"Backfix I-Size es la silla de coche preferida de los ni\u00f1os mayores. Ideal para coches peque\u00f1os con poco espacio en asientos traseros.","breadcrumb":{"@id":"https:\/\/casualplay.com\/es\/producto\/blackfix-i-size\/#breadcrumb"},"inLanguage":"es","potentialAction":[{"@type":"ReadAction","target":["https:\/\/casualplay.com\/es\/producto\/blackfix-i-size\/"]}]},{"@type":"ImageObject","inLanguage":"es","@id":"https:\/\/casualplay.com\/es\/producto\/blackfix-i-size\/#primaryimage","url":"https:\/\/casualplay.com\/wp-content\/uploads\/backfix71045.webp","contentUrl":"https:\/\/casualplay.com\/wp-content\/uploads\/backfix71045.webp","width":1000,"height":1144,"caption":"Backfix i-size"},{"@type":"BreadcrumbList","@id":"https:\/\/casualplay.com\/es\/producto\/blackfix-i-size\/#breadcrumb","itemListElement":[{"@type":"ListItem","position":1,"name":"Portada","item":"https:\/\/casualplay.com\/es\/"},{"@type":"ListItem","position":2,"name":"Tienda","item":"https:\/\/casualplay.com\/es\/tienda\/"},{"@type":"ListItem","position":3,"name":"Backfix i-size"}]},{"@type":"WebSite","@id":"https:\/\/casualplay.com\/es\/#website","url":"https:\/\/casualplay.com\/es\/","name":"Casualplay","description":"Making Life Fun","publisher":{"@id":"https:\/\/casualplay.com\/es\/#organization"},"potentialAction":[{"@type":"SearchAction","target":{"@type":"EntryPoint","urlTemplate":"https:\/\/casualplay.com\/es\/?s={search_term_string}"},"query-input":{"@type":"PropertyValueSpecification","valueRequired":true,"valueName":"search_term_string"}}],"inLanguage":"es"},{"@type":"Organization","@id":"https:\/\/casualplay.com\/es\/#organization","name":"Casualplay","url":"https:\/\/casualplay.com\/es\/","logo":{"@type":"ImageObject","inLanguage":"es","@id":"https:\/\/casualplay.com\/es\/#\/schema\/logo\/image\/","url":"https:\/\/casualplay.com\/wp-content\/uploads\/logo-casualplay.png","contentUrl":"https:\/\/casualplay.com\/wp-content\/uploads\/logo-casualplay.png","width":410,"height":82,"caption":"Casualplay"},"image":{"@id":"https:\/\/casualplay.com\/es\/#\/schema\/logo\/image\/"}}]}},"_links":{"self":[{"href":"https:\/\/casualplay.com\/es\/wp-json\/wp\/v2\/product\/2421","targetHints":{"allow":["GET"]}}],"collection":[{"href":"https:\/\/casualplay.com\/es\/wp-json\/wp\/v2\/product"}],"about":[{"href":"https:\/\/casualplay.com\/es\/wp-json\/wp\/v2\/types\/product"}],"replies":[{"embeddable":true,"href":"https:\/\/casualplay.com\/es\/wp-json\/wp\/v2\/comments?post=2421"}],"wp:featuredmedia":[{"embeddable":true,"href":"https:\/\/casualplay.com\/es\/wp-json\/wp\/v2\/media\/2876"}],"wp:attachment":[{"href":"https:\/\/casualplay.com\/es\/wp-json\/wp\/v2\/media?parent=2421"}],"wp:term":[{"taxonomy":"product_brand","embeddable":true,"href":"https:\/\/casualplay.com\/es\/wp-json\/wp\/v2\/product_brand?post=2421"},{"taxonomy":"product_cat","embeddable":true,"href":"https:\/\/casualplay.com\/es\/wp-json\/wp\/v2\/product_cat?post=2421"},{"taxonomy":"product_tag","embeddable":true,"href":"https:\/\/casualplay.com\/es\/wp-json\/wp\/v2\/product_tag?post=2421"}],"curies":[{"name":"wp","href":"https:\/\/api.w.org\/{rel}","templated":true}]}}