{"id":2411,"date":"2024-10-15T14:58:51","date_gmt":"2024-10-15T14:58:51","guid":{"rendered":"https:\/\/casualplay.com\/product\/kora-i-size\/"},"modified":"2025-12-28T15:42:06","modified_gmt":"2025-12-28T15:42:06","slug":"kora-i-size","status":"publish","type":"product","link":"https:\/\/casualplay.com\/es\/producto\/kora-i-size\/","title":{"rendered":"Kora i-size"},"content":{"rendered":"<h3>Seguridad i-size hasta los 12 a\u00f1os<\/h3>\n<p>Esta innovadora silla de coche ha sido dise\u00f1ada para ofrecer las m\u00e1ximas prestaciones en cada etapa de crecimiento, asegurando la m\u00e1xima protecci\u00f3n y comodidad en cada trayecto. Kora i-Size garantiza que tu peque\u00f1o viaje de manera segura, cumpliendo con los est\u00e1ndares de seguridad m\u00e1s rigurosos desde el principio hasta el fin. No te conformes con menos, brinda a tus hijos la mejor experiencia de viaje con la silla de coche Kora i-Size de Casualplay, la soluci\u00f3n m\u00e1s completa y avanzada del mercado.<\/p>\n<ul>\n<li aria-level=\"1\">Uso a contramarcha hasta los 4 a\u00f1os<\/li>\n<li aria-level=\"1\">Pr\u00e1ctico sistema giratorio 360\u00ba sin interferencias<\/li>\n<li aria-level=\"1\">Escudo de protecci\u00f3n lateral<\/li>\n<li aria-level=\"1\">Permite extender el uso del arn\u00e9s hasta los 20 kg<\/li>\n<\/ul>\n","protected":false},"excerpt":{"rendered":"<p>Descubre la Silla de Coche Kora i-Size de Casualplay, garant\u00eda de seguridad y comodidad desde el nacimiento hasta los 12 a\u00f1os con certificaci\u00f3n i-Size.<\/p>\n<p>&nbsp;<\/p>\n","protected":false},"featured_media":2714,"comment_status":"open","ping_status":"closed","template":"","meta":{"_acf_changed":false},"product_brand":[],"product_cat":[30,38],"product_tag":[323,334,335,336],"class_list":{"0":"post-2411","1":"product","2":"type-product","3":"status-publish","4":"has-post-thumbnail","6":"product_cat-universal","7":"product_cat-sillas-de-coche","8":"product_tag-isofix","9":"product_tag-contramarcha","10":"product_tag-giratoria","11":"product_tag-reclinable","13":"first","14":"instock","15":"sale","16":"purchasable","17":"product-type-variable"},"acf":[],"yoast_head":"<!-- This site is optimized with the Yoast SEO plugin v27.3 - https:\/\/yoast.com\/product\/yoast-seo-wordpress\/ -->\n<title>Silla de coche Kora i-size de 0 a 12 a\u00f1os - Casualplay<\/title>\n<meta name=\"description\" content=\"Silla de coche Kora i-Size: Giratoria, reclinable, i-Size. Seguridad y confort desde el nacimiento hasta los 12 a\u00f1os. Uso a contramarcha hasta 4 a\u00f1os.\" \/>\n<meta name=\"robots\" content=\"index, follow, max-snippet:-1, max-image-preview:large, max-video-preview:-1\" \/>\n<link rel=\"canonical\" href=\"https:\/\/casualplay.com\/es\/producto\/kora-i-size\/\" \/>\n<meta property=\"og:locale\" content=\"es_ES\" \/>\n<meta property=\"og:type\" content=\"article\" \/>\n<meta property=\"og:title\" content=\"Silla de coche Kora isize de Casualplay\" \/>\n<meta property=\"og:description\" content=\"Silla de coche giratoria para ni\u00f1os de 0 a 12 a\u00f1os, con homologaci\u00f3n i-size para uso a contramarcha hasta 4 a\u00f1os. Silla de coche reclinable.\" \/>\n<meta property=\"og:url\" content=\"https:\/\/casualplay.com\/es\/producto\/kora-i-size\/\" \/>\n<meta property=\"og:site_name\" content=\"Casualplay\" \/>\n<meta property=\"article:modified_time\" content=\"2025-12-28T15:42:06+00:00\" \/>\n<meta property=\"og:image\" content=\"https:\/\/casualplay.com\/wp-content\/uploads\/koraprincipal.webp\" \/>\n\t<meta property=\"og:image:width\" content=\"1000\" \/>\n\t<meta property=\"og:image:height\" content=\"1144\" \/>\n\t<meta property=\"og:image:type\" content=\"image\/webp\" \/>\n<meta name=\"twitter:card\" content=\"summary_large_image\" \/>\n<meta name=\"twitter:label1\" content=\"Tiempo de lectura\" \/>\n\t<meta name=\"twitter:data1\" content=\"1 minuto\" \/>\n<script type=\"application\/ld+json\" class=\"yoast-schema-graph\">{\"@context\":\"https:\\\/\\\/schema.org\",\"@graph\":[{\"@type\":\"WebPage\",\"@id\":\"https:\\\/\\\/casualplay.com\\\/es\\\/producto\\\/kora-i-size\\\/\",\"url\":\"https:\\\/\\\/casualplay.com\\\/es\\\/producto\\\/kora-i-size\\\/\",\"name\":\"Silla de coche Kora i-size de 0 a 12 a\u00f1os - Casualplay\",\"isPartOf\":{\"@id\":\"https:\\\/\\\/casualplay.com\\\/es\\\/#website\"},\"primaryImageOfPage\":{\"@id\":\"https:\\\/\\\/casualplay.com\\\/es\\\/producto\\\/kora-i-size\\\/#primaryimage\"},\"image\":{\"@id\":\"https:\\\/\\\/casualplay.com\\\/es\\\/producto\\\/kora-i-size\\\/#primaryimage\"},\"thumbnailUrl\":\"https:\\\/\\\/casualplay.com\\\/wp-content\\\/uploads\\\/koraprincipal.webp\",\"datePublished\":\"2024-10-15T14:58:51+00:00\",\"dateModified\":\"2025-12-28T15:42:06+00:00\",\"description\":\"Silla de coche Kora i-Size: Giratoria, reclinable, i-Size. Seguridad y confort desde el nacimiento hasta los 12 a\u00f1os. Uso a contramarcha hasta 4 a\u00f1os.\",\"breadcrumb\":{\"@id\":\"https:\\\/\\\/casualplay.com\\\/es\\\/producto\\\/kora-i-size\\\/#breadcrumb\"},\"inLanguage\":\"es\",\"potentialAction\":[{\"@type\":\"ReadAction\",\"target\":[\"https:\\\/\\\/casualplay.com\\\/es\\\/producto\\\/kora-i-size\\\/\"]}]},{\"@type\":\"ImageObject\",\"inLanguage\":\"es\",\"@id\":\"https:\\\/\\\/casualplay.com\\\/es\\\/producto\\\/kora-i-size\\\/#primaryimage\",\"url\":\"https:\\\/\\\/casualplay.com\\\/wp-content\\\/uploads\\\/koraprincipal.webp\",\"contentUrl\":\"https:\\\/\\\/casualplay.com\\\/wp-content\\\/uploads\\\/koraprincipal.webp\",\"width\":1000,\"height\":1144,\"caption\":\"Kora i-size\"},{\"@type\":\"BreadcrumbList\",\"@id\":\"https:\\\/\\\/casualplay.com\\\/es\\\/producto\\\/kora-i-size\\\/#breadcrumb\",\"itemListElement\":[{\"@type\":\"ListItem\",\"position\":1,\"name\":\"Portada\",\"item\":\"https:\\\/\\\/casualplay.com\\\/es\\\/\"},{\"@type\":\"ListItem\",\"position\":2,\"name\":\"Tienda\",\"item\":\"https:\\\/\\\/casualplay.com\\\/es\\\/tienda\\\/\"},{\"@type\":\"ListItem\",\"position\":3,\"name\":\"Kora i-size\"}]},{\"@type\":\"WebSite\",\"@id\":\"https:\\\/\\\/casualplay.com\\\/es\\\/#website\",\"url\":\"https:\\\/\\\/casualplay.com\\\/es\\\/\",\"name\":\"Casualplay\",\"description\":\"Making Life Fun\",\"publisher\":{\"@id\":\"https:\\\/\\\/casualplay.com\\\/es\\\/#organization\"},\"potentialAction\":[{\"@type\":\"SearchAction\",\"target\":{\"@type\":\"EntryPoint\",\"urlTemplate\":\"https:\\\/\\\/casualplay.com\\\/es\\\/?s={search_term_string}\"},\"query-input\":{\"@type\":\"PropertyValueSpecification\",\"valueRequired\":true,\"valueName\":\"search_term_string\"}}],\"inLanguage\":\"es\"},{\"@type\":\"Organization\",\"@id\":\"https:\\\/\\\/casualplay.com\\\/es\\\/#organization\",\"name\":\"Casualplay\",\"url\":\"https:\\\/\\\/casualplay.com\\\/es\\\/\",\"logo\":{\"@type\":\"ImageObject\",\"inLanguage\":\"es\",\"@id\":\"https:\\\/\\\/casualplay.com\\\/es\\\/#\\\/schema\\\/logo\\\/image\\\/\",\"url\":\"https:\\\/\\\/casualplay.com\\\/wp-content\\\/uploads\\\/logo-casualplay.png\",\"contentUrl\":\"https:\\\/\\\/casualplay.com\\\/wp-content\\\/uploads\\\/logo-casualplay.png\",\"width\":410,\"height\":82,\"caption\":\"Casualplay\"},\"image\":{\"@id\":\"https:\\\/\\\/casualplay.com\\\/es\\\/#\\\/schema\\\/logo\\\/image\\\/\"}}]}<\/script>\n<!-- \/ Yoast SEO plugin. -->","yoast_head_json":{"title":"Silla de coche Kora i-size de 0 a 12 a\u00f1os - Casualplay","description":"Silla de coche Kora i-Size: Giratoria, reclinable, i-Size. Seguridad y confort desde el nacimiento hasta los 12 a\u00f1os. Uso a contramarcha hasta 4 a\u00f1os.","robots":{"index":"index","follow":"follow","max-snippet":"max-snippet:-1","max-image-preview":"max-image-preview:large","max-video-preview":"max-video-preview:-1"},"canonical":"https:\/\/casualplay.com\/es\/producto\/kora-i-size\/","og_locale":"es_ES","og_type":"article","og_title":"Silla de coche Kora isize de Casualplay","og_description":"Silla de coche giratoria para ni\u00f1os de 0 a 12 a\u00f1os, con homologaci\u00f3n i-size para uso a contramarcha hasta 4 a\u00f1os. Silla de coche reclinable.","og_url":"https:\/\/casualplay.com\/es\/producto\/kora-i-size\/","og_site_name":"Casualplay","article_modified_time":"2025-12-28T15:42:06+00:00","og_image":[{"width":1000,"height":1144,"url":"https:\/\/casualplay.com\/wp-content\/uploads\/koraprincipal.webp","type":"image\/webp"}],"twitter_card":"summary_large_image","twitter_misc":{"Tiempo de lectura":"1 minuto"},"schema":{"@context":"https:\/\/schema.org","@graph":[{"@type":"WebPage","@id":"https:\/\/casualplay.com\/es\/producto\/kora-i-size\/","url":"https:\/\/casualplay.com\/es\/producto\/kora-i-size\/","name":"Silla de coche Kora i-size de 0 a 12 a\u00f1os - Casualplay","isPartOf":{"@id":"https:\/\/casualplay.com\/es\/#website"},"primaryImageOfPage":{"@id":"https:\/\/casualplay.com\/es\/producto\/kora-i-size\/#primaryimage"},"image":{"@id":"https:\/\/casualplay.com\/es\/producto\/kora-i-size\/#primaryimage"},"thumbnailUrl":"https:\/\/casualplay.com\/wp-content\/uploads\/koraprincipal.webp","datePublished":"2024-10-15T14:58:51+00:00","dateModified":"2025-12-28T15:42:06+00:00","description":"Silla de coche Kora i-Size: Giratoria, reclinable, i-Size. Seguridad y confort desde el nacimiento hasta los 12 a\u00f1os. Uso a contramarcha hasta 4 a\u00f1os.","breadcrumb":{"@id":"https:\/\/casualplay.com\/es\/producto\/kora-i-size\/#breadcrumb"},"inLanguage":"es","potentialAction":[{"@type":"ReadAction","target":["https:\/\/casualplay.com\/es\/producto\/kora-i-size\/"]}]},{"@type":"ImageObject","inLanguage":"es","@id":"https:\/\/casualplay.com\/es\/producto\/kora-i-size\/#primaryimage","url":"https:\/\/casualplay.com\/wp-content\/uploads\/koraprincipal.webp","contentUrl":"https:\/\/casualplay.com\/wp-content\/uploads\/koraprincipal.webp","width":1000,"height":1144,"caption":"Kora i-size"},{"@type":"BreadcrumbList","@id":"https:\/\/casualplay.com\/es\/producto\/kora-i-size\/#breadcrumb","itemListElement":[{"@type":"ListItem","position":1,"name":"Portada","item":"https:\/\/casualplay.com\/es\/"},{"@type":"ListItem","position":2,"name":"Tienda","item":"https:\/\/casualplay.com\/es\/tienda\/"},{"@type":"ListItem","position":3,"name":"Kora i-size"}]},{"@type":"WebSite","@id":"https:\/\/casualplay.com\/es\/#website","url":"https:\/\/casualplay.com\/es\/","name":"Casualplay","description":"Making Life Fun","publisher":{"@id":"https:\/\/casualplay.com\/es\/#organization"},"potentialAction":[{"@type":"SearchAction","target":{"@type":"EntryPoint","urlTemplate":"https:\/\/casualplay.com\/es\/?s={search_term_string}"},"query-input":{"@type":"PropertyValueSpecification","valueRequired":true,"valueName":"search_term_string"}}],"inLanguage":"es"},{"@type":"Organization","@id":"https:\/\/casualplay.com\/es\/#organization","name":"Casualplay","url":"https:\/\/casualplay.com\/es\/","logo":{"@type":"ImageObject","inLanguage":"es","@id":"https:\/\/casualplay.com\/es\/#\/schema\/logo\/image\/","url":"https:\/\/casualplay.com\/wp-content\/uploads\/logo-casualplay.png","contentUrl":"https:\/\/casualplay.com\/wp-content\/uploads\/logo-casualplay.png","width":410,"height":82,"caption":"Casualplay"},"image":{"@id":"https:\/\/casualplay.com\/es\/#\/schema\/logo\/image\/"}}]}},"_links":{"self":[{"href":"https:\/\/casualplay.com\/es\/wp-json\/wp\/v2\/product\/2411","targetHints":{"allow":["GET"]}}],"collection":[{"href":"https:\/\/casualplay.com\/es\/wp-json\/wp\/v2\/product"}],"about":[{"href":"https:\/\/casualplay.com\/es\/wp-json\/wp\/v2\/types\/product"}],"replies":[{"embeddable":true,"href":"https:\/\/casualplay.com\/es\/wp-json\/wp\/v2\/comments?post=2411"}],"wp:featuredmedia":[{"embeddable":true,"href":"https:\/\/casualplay.com\/es\/wp-json\/wp\/v2\/media\/2714"}],"wp:attachment":[{"href":"https:\/\/casualplay.com\/es\/wp-json\/wp\/v2\/media?parent=2411"}],"wp:term":[{"taxonomy":"product_brand","embeddable":true,"href":"https:\/\/casualplay.com\/es\/wp-json\/wp\/v2\/product_brand?post=2411"},{"taxonomy":"product_cat","embeddable":true,"href":"https:\/\/casualplay.com\/es\/wp-json\/wp\/v2\/product_cat?post=2411"},{"taxonomy":"product_tag","embeddable":true,"href":"https:\/\/casualplay.com\/es\/wp-json\/wp\/v2\/product_tag?post=2411"}],"curies":[{"name":"wp","href":"https:\/\/api.w.org\/{rel}","templated":true}]}}