{"id":2408,"date":"2024-10-15T14:58:51","date_gmt":"2024-10-15T14:58:51","guid":{"rendered":"https:\/\/casualplay.com\/product\/revol-one-i-size\/"},"modified":"2025-02-12T16:29:36","modified_gmt":"2025-02-12T16:29:36","slug":"revol-one-i-size","status":"publish","type":"product","link":"https:\/\/casualplay.com\/es\/producto\/revol-one-i-size\/","title":{"rendered":"Revol One i-size"},"content":{"rendered":"<h3>M\u00e1ximo confort en cada etapa<\/h3>\n<p>Tu beb\u00e9 crece muy r\u00e1pido, especialmente durante los primeros meses. Por eso, la nueva Revol One i-size incorpora un exclusivo reductor que se adapta de forma progresiva al crecimiento del beb\u00e9 durante el primer a\u00f1o para garantizar la m\u00e1xima seguridad y confort en cada viaje.<\/p>\n<h3>Protecci\u00f3n 360\u00ba<\/h3>\n<p>Ofrece una excelente protecci\u00f3n lateral con triple sistema anti-impacto: espumas Memory Foam, escudo de protecci\u00f3n lateral y doble c\u00e1mara de aire en silla y cabezal.<\/p>\n<p>Su pr\u00e1ctico sistema giratorio 360\u00ba facilita el cambio de orientaci\u00f3n de marcha y la colocaci\u00f3n del ni\u00f1o en el asiento.<\/p>\n<p>Permite el uso a contramarcha hasta los 4 a\u00f1os, y el asiento reclinable asegura el m\u00e1ximo confort en cada viaje.<\/p>\n<h3>Un paso m\u00e1s en sostenibilidad<\/h3>\n<p>En Casualplay nos esforzamos por ser cada d\u00eda m\u00e1s sostenibles. En base a nuestra certificaci\u00f3n medioambiental ISO 14001 hemos desarrollado un packaging totalmente biodegradable.<\/p>\n<p>Entre otras medidas, hemos eliminado las protecciones de pl\u00e1stico en el embalaje y se ha sustituido la bolsa de pl\u00e1stico por una con base vegetal de ma\u00edz.<\/p>\n","protected":false},"excerpt":{"rendered":"<p>Silla de coche i-size para uso de 40 a 105 cm. A contramarcha hasta los 4 a\u00f1os. Silla de coche Casualplay giratoria y reclinable.<\/p>\n","protected":false},"featured_media":2741,"comment_status":"open","ping_status":"closed","template":"","meta":{"_acf_changed":false},"product_brand":[],"product_cat":[31],"product_tag":[],"class_list":{"0":"post-2408","1":"product","2":"type-product","3":"status-publish","4":"has-post-thumbnail","6":"product_cat-infantil","8":"first","9":"instock","10":"purchasable","11":"product-type-variable","12":"has-default-attributes"},"acf":[],"yoast_head":"<!-- This site is optimized with the Yoast SEO plugin v27.3 - https:\/\/yoast.com\/product\/yoast-seo-wordpress\/ -->\n<title>Silla de coche Revol One isize|Casualplay<\/title>\n<meta name=\"description\" content=\"Silla de coche i-size para uso de 40 a 105 cm. A contramarcha hasta los 4 a\u00f1os. Silla de coche Casualplay giratoria y reclinable.\" \/>\n<meta name=\"robots\" content=\"index, follow, max-snippet:-1, max-image-preview:large, max-video-preview:-1\" \/>\n<link rel=\"canonical\" href=\"https:\/\/casualplay.com\/es\/producto\/revol-one-i-size\/\" \/>\n<meta property=\"og:locale\" content=\"es_ES\" \/>\n<meta property=\"og:type\" content=\"article\" \/>\n<meta property=\"og:title\" content=\"Silla de coche Revol One isize de Casualplay\" \/>\n<meta property=\"og:description\" content=\"Silla de coche i-size para uso de 40 a 105 cm. A contramarcha hasta los 4 a\u00f1os. Silla de coche Casualplay giratoria y reclinable.\" \/>\n<meta property=\"og:url\" content=\"https:\/\/casualplay.com\/es\/producto\/revol-one-i-size\/\" \/>\n<meta property=\"og:site_name\" content=\"Casualplay\" \/>\n<meta property=\"article:modified_time\" content=\"2025-02-12T16:29:36+00:00\" \/>\n<meta property=\"og:image\" content=\"https:\/\/casualplay.com\/wp-content\/uploads\/revoloneisizefrontal.webp\" \/>\n\t<meta property=\"og:image:width\" content=\"1000\" \/>\n\t<meta property=\"og:image:height\" content=\"1144\" \/>\n\t<meta property=\"og:image:type\" content=\"image\/webp\" \/>\n<meta name=\"twitter:card\" content=\"summary_large_image\" \/>\n<meta name=\"twitter:label1\" content=\"Tiempo de lectura\" \/>\n\t<meta name=\"twitter:data1\" content=\"1 minuto\" \/>\n<script type=\"application\/ld+json\" class=\"yoast-schema-graph\">{\"@context\":\"https:\\\/\\\/schema.org\",\"@graph\":[{\"@type\":\"WebPage\",\"@id\":\"https:\\\/\\\/casualplay.com\\\/es\\\/producto\\\/revol-one-i-size\\\/\",\"url\":\"https:\\\/\\\/casualplay.com\\\/es\\\/producto\\\/revol-one-i-size\\\/\",\"name\":\"Silla de coche Revol One isize|Casualplay\",\"isPartOf\":{\"@id\":\"https:\\\/\\\/casualplay.com\\\/es\\\/#website\"},\"primaryImageOfPage\":{\"@id\":\"https:\\\/\\\/casualplay.com\\\/es\\\/producto\\\/revol-one-i-size\\\/#primaryimage\"},\"image\":{\"@id\":\"https:\\\/\\\/casualplay.com\\\/es\\\/producto\\\/revol-one-i-size\\\/#primaryimage\"},\"thumbnailUrl\":\"https:\\\/\\\/casualplay.com\\\/wp-content\\\/uploads\\\/revoloneisizefrontal.webp\",\"datePublished\":\"2024-10-15T14:58:51+00:00\",\"dateModified\":\"2025-02-12T16:29:36+00:00\",\"description\":\"Silla de coche i-size para uso de 40 a 105 cm. A contramarcha hasta los 4 a\u00f1os. Silla de coche Casualplay giratoria y reclinable.\",\"breadcrumb\":{\"@id\":\"https:\\\/\\\/casualplay.com\\\/es\\\/producto\\\/revol-one-i-size\\\/#breadcrumb\"},\"inLanguage\":\"es\",\"potentialAction\":[{\"@type\":\"ReadAction\",\"target\":[\"https:\\\/\\\/casualplay.com\\\/es\\\/producto\\\/revol-one-i-size\\\/\"]}]},{\"@type\":\"ImageObject\",\"inLanguage\":\"es\",\"@id\":\"https:\\\/\\\/casualplay.com\\\/es\\\/producto\\\/revol-one-i-size\\\/#primaryimage\",\"url\":\"https:\\\/\\\/casualplay.com\\\/wp-content\\\/uploads\\\/revoloneisizefrontal.webp\",\"contentUrl\":\"https:\\\/\\\/casualplay.com\\\/wp-content\\\/uploads\\\/revoloneisizefrontal.webp\",\"width\":1000,\"height\":1144,\"caption\":\"vista frontal de la silla de coche\"},{\"@type\":\"BreadcrumbList\",\"@id\":\"https:\\\/\\\/casualplay.com\\\/es\\\/producto\\\/revol-one-i-size\\\/#breadcrumb\",\"itemListElement\":[{\"@type\":\"ListItem\",\"position\":1,\"name\":\"Portada\",\"item\":\"https:\\\/\\\/casualplay.com\\\/es\\\/\"},{\"@type\":\"ListItem\",\"position\":2,\"name\":\"Tienda\",\"item\":\"https:\\\/\\\/casualplay.com\\\/es\\\/tienda\\\/\"},{\"@type\":\"ListItem\",\"position\":3,\"name\":\"Revol One i-size\"}]},{\"@type\":\"WebSite\",\"@id\":\"https:\\\/\\\/casualplay.com\\\/es\\\/#website\",\"url\":\"https:\\\/\\\/casualplay.com\\\/es\\\/\",\"name\":\"Casualplay\",\"description\":\"Making Life Fun\",\"publisher\":{\"@id\":\"https:\\\/\\\/casualplay.com\\\/es\\\/#organization\"},\"potentialAction\":[{\"@type\":\"SearchAction\",\"target\":{\"@type\":\"EntryPoint\",\"urlTemplate\":\"https:\\\/\\\/casualplay.com\\\/es\\\/?s={search_term_string}\"},\"query-input\":{\"@type\":\"PropertyValueSpecification\",\"valueRequired\":true,\"valueName\":\"search_term_string\"}}],\"inLanguage\":\"es\"},{\"@type\":\"Organization\",\"@id\":\"https:\\\/\\\/casualplay.com\\\/es\\\/#organization\",\"name\":\"Casualplay\",\"url\":\"https:\\\/\\\/casualplay.com\\\/es\\\/\",\"logo\":{\"@type\":\"ImageObject\",\"inLanguage\":\"es\",\"@id\":\"https:\\\/\\\/casualplay.com\\\/es\\\/#\\\/schema\\\/logo\\\/image\\\/\",\"url\":\"https:\\\/\\\/casualplay.com\\\/wp-content\\\/uploads\\\/logo-casualplay.png\",\"contentUrl\":\"https:\\\/\\\/casualplay.com\\\/wp-content\\\/uploads\\\/logo-casualplay.png\",\"width\":410,\"height\":82,\"caption\":\"Casualplay\"},\"image\":{\"@id\":\"https:\\\/\\\/casualplay.com\\\/es\\\/#\\\/schema\\\/logo\\\/image\\\/\"}}]}<\/script>\n<!-- \/ Yoast SEO plugin. -->","yoast_head_json":{"title":"Silla de coche Revol One isize|Casualplay","description":"Silla de coche i-size para uso de 40 a 105 cm. A contramarcha hasta los 4 a\u00f1os. Silla de coche Casualplay giratoria y reclinable.","robots":{"index":"index","follow":"follow","max-snippet":"max-snippet:-1","max-image-preview":"max-image-preview:large","max-video-preview":"max-video-preview:-1"},"canonical":"https:\/\/casualplay.com\/es\/producto\/revol-one-i-size\/","og_locale":"es_ES","og_type":"article","og_title":"Silla de coche Revol One isize de Casualplay","og_description":"Silla de coche i-size para uso de 40 a 105 cm. A contramarcha hasta los 4 a\u00f1os. Silla de coche Casualplay giratoria y reclinable.","og_url":"https:\/\/casualplay.com\/es\/producto\/revol-one-i-size\/","og_site_name":"Casualplay","article_modified_time":"2025-02-12T16:29:36+00:00","og_image":[{"width":1000,"height":1144,"url":"https:\/\/casualplay.com\/wp-content\/uploads\/revoloneisizefrontal.webp","type":"image\/webp"}],"twitter_card":"summary_large_image","twitter_misc":{"Tiempo de lectura":"1 minuto"},"schema":{"@context":"https:\/\/schema.org","@graph":[{"@type":"WebPage","@id":"https:\/\/casualplay.com\/es\/producto\/revol-one-i-size\/","url":"https:\/\/casualplay.com\/es\/producto\/revol-one-i-size\/","name":"Silla de coche Revol One isize|Casualplay","isPartOf":{"@id":"https:\/\/casualplay.com\/es\/#website"},"primaryImageOfPage":{"@id":"https:\/\/casualplay.com\/es\/producto\/revol-one-i-size\/#primaryimage"},"image":{"@id":"https:\/\/casualplay.com\/es\/producto\/revol-one-i-size\/#primaryimage"},"thumbnailUrl":"https:\/\/casualplay.com\/wp-content\/uploads\/revoloneisizefrontal.webp","datePublished":"2024-10-15T14:58:51+00:00","dateModified":"2025-02-12T16:29:36+00:00","description":"Silla de coche i-size para uso de 40 a 105 cm. A contramarcha hasta los 4 a\u00f1os. Silla de coche Casualplay giratoria y reclinable.","breadcrumb":{"@id":"https:\/\/casualplay.com\/es\/producto\/revol-one-i-size\/#breadcrumb"},"inLanguage":"es","potentialAction":[{"@type":"ReadAction","target":["https:\/\/casualplay.com\/es\/producto\/revol-one-i-size\/"]}]},{"@type":"ImageObject","inLanguage":"es","@id":"https:\/\/casualplay.com\/es\/producto\/revol-one-i-size\/#primaryimage","url":"https:\/\/casualplay.com\/wp-content\/uploads\/revoloneisizefrontal.webp","contentUrl":"https:\/\/casualplay.com\/wp-content\/uploads\/revoloneisizefrontal.webp","width":1000,"height":1144,"caption":"vista frontal de la silla de coche"},{"@type":"BreadcrumbList","@id":"https:\/\/casualplay.com\/es\/producto\/revol-one-i-size\/#breadcrumb","itemListElement":[{"@type":"ListItem","position":1,"name":"Portada","item":"https:\/\/casualplay.com\/es\/"},{"@type":"ListItem","position":2,"name":"Tienda","item":"https:\/\/casualplay.com\/es\/tienda\/"},{"@type":"ListItem","position":3,"name":"Revol One i-size"}]},{"@type":"WebSite","@id":"https:\/\/casualplay.com\/es\/#website","url":"https:\/\/casualplay.com\/es\/","name":"Casualplay","description":"Making Life Fun","publisher":{"@id":"https:\/\/casualplay.com\/es\/#organization"},"potentialAction":[{"@type":"SearchAction","target":{"@type":"EntryPoint","urlTemplate":"https:\/\/casualplay.com\/es\/?s={search_term_string}"},"query-input":{"@type":"PropertyValueSpecification","valueRequired":true,"valueName":"search_term_string"}}],"inLanguage":"es"},{"@type":"Organization","@id":"https:\/\/casualplay.com\/es\/#organization","name":"Casualplay","url":"https:\/\/casualplay.com\/es\/","logo":{"@type":"ImageObject","inLanguage":"es","@id":"https:\/\/casualplay.com\/es\/#\/schema\/logo\/image\/","url":"https:\/\/casualplay.com\/wp-content\/uploads\/logo-casualplay.png","contentUrl":"https:\/\/casualplay.com\/wp-content\/uploads\/logo-casualplay.png","width":410,"height":82,"caption":"Casualplay"},"image":{"@id":"https:\/\/casualplay.com\/es\/#\/schema\/logo\/image\/"}}]}},"_links":{"self":[{"href":"https:\/\/casualplay.com\/es\/wp-json\/wp\/v2\/product\/2408","targetHints":{"allow":["GET"]}}],"collection":[{"href":"https:\/\/casualplay.com\/es\/wp-json\/wp\/v2\/product"}],"about":[{"href":"https:\/\/casualplay.com\/es\/wp-json\/wp\/v2\/types\/product"}],"replies":[{"embeddable":true,"href":"https:\/\/casualplay.com\/es\/wp-json\/wp\/v2\/comments?post=2408"}],"wp:featuredmedia":[{"embeddable":true,"href":"https:\/\/casualplay.com\/es\/wp-json\/wp\/v2\/media\/2741"}],"wp:attachment":[{"href":"https:\/\/casualplay.com\/es\/wp-json\/wp\/v2\/media?parent=2408"}],"wp:term":[{"taxonomy":"product_brand","embeddable":true,"href":"https:\/\/casualplay.com\/es\/wp-json\/wp\/v2\/product_brand?post=2408"},{"taxonomy":"product_cat","embeddable":true,"href":"https:\/\/casualplay.com\/es\/wp-json\/wp\/v2\/product_cat?post=2408"},{"taxonomy":"product_tag","embeddable":true,"href":"https:\/\/casualplay.com\/es\/wp-json\/wp\/v2\/product_tag?post=2408"}],"curies":[{"name":"wp","href":"https:\/\/api.w.org\/{rel}","templated":true}]}}