{"id":2403,"date":"2024-10-15T14:58:51","date_gmt":"2024-10-15T14:58:51","guid":{"rendered":"https:\/\/casualplay.com\/product\/quick-tour-con-capazo\/"},"modified":"2025-12-14T17:44:22","modified_gmt":"2025-12-14T17:44:22","slug":"quick-tour-con-capazo","status":"publish","type":"product","link":"https:\/\/casualplay.com\/es\/producto\/quick-tour-con-capazo\/","title":{"rendered":"Quick Tour (con capazo)"},"content":{"rendered":"<h3>\u00a1Siempre lista para rodar!<\/h3>\n<p>Ligera y maniobrable, Quick Tour es la silla de paseo m\u00e1s vers\u00e1til y funcional. Perfecta tanto para el d\u00eda a d\u00eda como para vacaciones y escapadas expr\u00e9s. Especialmente pensada para los pap\u00e1s millenials expertos en multitasking, Quick Tour se pliega autom\u00e1ticamente con solo un gesto, para que puedas ocuparte de todo lo dem\u00e1s.<\/p>\n<p>Combinado con capazo, podr\u00e1s disfrutar de todas las ventajas de un cochecito ligero, proporcionando un extra de confort al beb\u00e9 durante sus primeros meses.<\/p>\n<ul>\n<li aria-level=\"1\">Desde el nacimiento hasta los 4 a\u00f1os: Acompa\u00f1a a tu hijo en todas las etapas de su crecimiento, garantizando su confort en cada paseo.<\/li>\n<li aria-level=\"1\">Ligero y compacto: Su dise\u00f1o ultraligero te permite guardarlo en cualquier rinc\u00f3n y llevarlo colgado al hombro, ideal para familias en movimiento.<\/li>\n<li aria-level=\"1\">Plegado autom\u00e1tico: Se pliega de manera r\u00e1pida y sencilla con solo un gesto.<\/li>\n<li aria-level=\"1\">M\u00e1xima maniobrabilidad: Resistente y muy f\u00e1cil de manejar, Quick Tour es perfecto para las aventuras diarias, ya sea que est\u00e9s cogiendo el metro, subiendo a un autob\u00fas o volando a cualquier parte.<\/li>\n<\/ul>\n<p>Capota con filtro solar UPF 50+: Protege a tu beb\u00e9 de los rayos UVA y UVB en cada paseo.<\/p>\n","protected":false},"excerpt":{"rendered":"<p>Quick Tour con capazo, es el cochecito m\u00e1s c\u00f3modo y pr\u00e1ctico para usar desde el nacimiento hasta los 4 a\u00f1os.<\/p>\n","protected":false},"featured_media":3078,"comment_status":"open","ping_status":"closed","template":"","meta":{"_acf_changed":false},"product_brand":[],"product_cat":[55],"product_tag":[],"class_list":{"0":"post-2403","1":"product","2":"type-product","3":"status-publish","4":"has-post-thumbnail","6":"product_cat-carritos-2-en-1","8":"first","9":"instock","10":"sale","11":"purchasable","12":"product-type-variable","13":"has-default-attributes"},"acf":[],"yoast_head":"<!-- This site is optimized with the Yoast SEO plugin v27.3 - https:\/\/yoast.com\/product\/yoast-seo-wordpress\/ -->\n<title>Silla de paseo ligera con capazo Quick Tour|Casualplay<\/title>\n<meta name=\"description\" content=\"Ligera y maniobrable, Quick Tour es una silla de paseo ligera muy funcional. Perfecta para el d\u00eda a d\u00eda y para viajar. \u00a1Con plegado autom\u00e1tico!\" \/>\n<meta name=\"robots\" content=\"index, follow, max-snippet:-1, max-image-preview:large, max-video-preview:-1\" \/>\n<link rel=\"canonical\" href=\"https:\/\/casualplay.com\/es\/producto\/quick-tour-con-capazo\/\" \/>\n<meta property=\"og:locale\" content=\"es_ES\" \/>\n<meta property=\"og:type\" content=\"article\" \/>\n<meta property=\"og:title\" content=\"Silla de paseo con capazo Quick Tour, de Casualplay\" \/>\n<meta property=\"og:description\" content=\"Ligera y maniobrable, Quick Tour es una silla de paseo ligera muy funcional. Perfecta para el d\u00eda a d\u00eda y para viajar. \u00a1Con plegado autom\u00e1tico!\" \/>\n<meta property=\"og:url\" content=\"https:\/\/casualplay.com\/es\/producto\/quick-tour-con-capazo\/\" \/>\n<meta property=\"og:site_name\" content=\"Casualplay\" \/>\n<meta property=\"article:modified_time\" content=\"2025-12-14T17:44:22+00:00\" \/>\n<meta property=\"og:image\" content=\"https:\/\/casualplay.com\/wp-content\/uploads\/quicktourchasiscapazo4.webp\" \/>\n\t<meta property=\"og:image:width\" content=\"1000\" \/>\n\t<meta property=\"og:image:height\" content=\"1144\" \/>\n\t<meta property=\"og:image:type\" content=\"image\/webp\" \/>\n<meta name=\"twitter:card\" content=\"summary_large_image\" \/>\n<meta name=\"twitter:label1\" content=\"Tiempo de lectura\" \/>\n\t<meta name=\"twitter:data1\" content=\"2 minutos\" \/>\n<script type=\"application\/ld+json\" class=\"yoast-schema-graph\">{\"@context\":\"https:\\\/\\\/schema.org\",\"@graph\":[{\"@type\":\"WebPage\",\"@id\":\"https:\\\/\\\/casualplay.com\\\/es\\\/producto\\\/quick-tour-con-capazo\\\/\",\"url\":\"https:\\\/\\\/casualplay.com\\\/es\\\/producto\\\/quick-tour-con-capazo\\\/\",\"name\":\"Silla de paseo ligera con capazo Quick Tour|Casualplay\",\"isPartOf\":{\"@id\":\"https:\\\/\\\/casualplay.com\\\/es\\\/#website\"},\"primaryImageOfPage\":{\"@id\":\"https:\\\/\\\/casualplay.com\\\/es\\\/producto\\\/quick-tour-con-capazo\\\/#primaryimage\"},\"image\":{\"@id\":\"https:\\\/\\\/casualplay.com\\\/es\\\/producto\\\/quick-tour-con-capazo\\\/#primaryimage\"},\"thumbnailUrl\":\"https:\\\/\\\/casualplay.com\\\/wp-content\\\/uploads\\\/quicktourchasiscapazo4.webp\",\"datePublished\":\"2024-10-15T14:58:51+00:00\",\"dateModified\":\"2025-12-14T17:44:22+00:00\",\"description\":\"Ligera y maniobrable, Quick Tour es una silla de paseo ligera muy funcional. Perfecta para el d\u00eda a d\u00eda y para viajar. \u00a1Con plegado autom\u00e1tico!\",\"breadcrumb\":{\"@id\":\"https:\\\/\\\/casualplay.com\\\/es\\\/producto\\\/quick-tour-con-capazo\\\/#breadcrumb\"},\"inLanguage\":\"es\",\"potentialAction\":[{\"@type\":\"ReadAction\",\"target\":[\"https:\\\/\\\/casualplay.com\\\/es\\\/producto\\\/quick-tour-con-capazo\\\/\"]}]},{\"@type\":\"ImageObject\",\"inLanguage\":\"es\",\"@id\":\"https:\\\/\\\/casualplay.com\\\/es\\\/producto\\\/quick-tour-con-capazo\\\/#primaryimage\",\"url\":\"https:\\\/\\\/casualplay.com\\\/wp-content\\\/uploads\\\/quicktourchasiscapazo4.webp\",\"contentUrl\":\"https:\\\/\\\/casualplay.com\\\/wp-content\\\/uploads\\\/quicktourchasiscapazo4.webp\",\"width\":1000,\"height\":1144},{\"@type\":\"BreadcrumbList\",\"@id\":\"https:\\\/\\\/casualplay.com\\\/es\\\/producto\\\/quick-tour-con-capazo\\\/#breadcrumb\",\"itemListElement\":[{\"@type\":\"ListItem\",\"position\":1,\"name\":\"Portada\",\"item\":\"https:\\\/\\\/casualplay.com\\\/es\\\/\"},{\"@type\":\"ListItem\",\"position\":2,\"name\":\"Tienda\",\"item\":\"https:\\\/\\\/casualplay.com\\\/es\\\/tienda\\\/\"},{\"@type\":\"ListItem\",\"position\":3,\"name\":\"Quick Tour (con capazo)\"}]},{\"@type\":\"WebSite\",\"@id\":\"https:\\\/\\\/casualplay.com\\\/es\\\/#website\",\"url\":\"https:\\\/\\\/casualplay.com\\\/es\\\/\",\"name\":\"Casualplay\",\"description\":\"Making Life Fun\",\"publisher\":{\"@id\":\"https:\\\/\\\/casualplay.com\\\/es\\\/#organization\"},\"potentialAction\":[{\"@type\":\"SearchAction\",\"target\":{\"@type\":\"EntryPoint\",\"urlTemplate\":\"https:\\\/\\\/casualplay.com\\\/es\\\/?s={search_term_string}\"},\"query-input\":{\"@type\":\"PropertyValueSpecification\",\"valueRequired\":true,\"valueName\":\"search_term_string\"}}],\"inLanguage\":\"es\"},{\"@type\":\"Organization\",\"@id\":\"https:\\\/\\\/casualplay.com\\\/es\\\/#organization\",\"name\":\"Casualplay\",\"url\":\"https:\\\/\\\/casualplay.com\\\/es\\\/\",\"logo\":{\"@type\":\"ImageObject\",\"inLanguage\":\"es\",\"@id\":\"https:\\\/\\\/casualplay.com\\\/es\\\/#\\\/schema\\\/logo\\\/image\\\/\",\"url\":\"https:\\\/\\\/casualplay.com\\\/wp-content\\\/uploads\\\/logo-casualplay.png\",\"contentUrl\":\"https:\\\/\\\/casualplay.com\\\/wp-content\\\/uploads\\\/logo-casualplay.png\",\"width\":410,\"height\":82,\"caption\":\"Casualplay\"},\"image\":{\"@id\":\"https:\\\/\\\/casualplay.com\\\/es\\\/#\\\/schema\\\/logo\\\/image\\\/\"}}]}<\/script>\n<!-- \/ Yoast SEO plugin. -->","yoast_head_json":{"title":"Silla de paseo ligera con capazo Quick Tour|Casualplay","description":"Ligera y maniobrable, Quick Tour es una silla de paseo ligera muy funcional. Perfecta para el d\u00eda a d\u00eda y para viajar. \u00a1Con plegado autom\u00e1tico!","robots":{"index":"index","follow":"follow","max-snippet":"max-snippet:-1","max-image-preview":"max-image-preview:large","max-video-preview":"max-video-preview:-1"},"canonical":"https:\/\/casualplay.com\/es\/producto\/quick-tour-con-capazo\/","og_locale":"es_ES","og_type":"article","og_title":"Silla de paseo con capazo Quick Tour, de Casualplay","og_description":"Ligera y maniobrable, Quick Tour es una silla de paseo ligera muy funcional. Perfecta para el d\u00eda a d\u00eda y para viajar. \u00a1Con plegado autom\u00e1tico!","og_url":"https:\/\/casualplay.com\/es\/producto\/quick-tour-con-capazo\/","og_site_name":"Casualplay","article_modified_time":"2025-12-14T17:44:22+00:00","og_image":[{"width":1000,"height":1144,"url":"https:\/\/casualplay.com\/wp-content\/uploads\/quicktourchasiscapazo4.webp","type":"image\/webp"}],"twitter_card":"summary_large_image","twitter_misc":{"Tiempo de lectura":"2 minutos"},"schema":{"@context":"https:\/\/schema.org","@graph":[{"@type":"WebPage","@id":"https:\/\/casualplay.com\/es\/producto\/quick-tour-con-capazo\/","url":"https:\/\/casualplay.com\/es\/producto\/quick-tour-con-capazo\/","name":"Silla de paseo ligera con capazo Quick Tour|Casualplay","isPartOf":{"@id":"https:\/\/casualplay.com\/es\/#website"},"primaryImageOfPage":{"@id":"https:\/\/casualplay.com\/es\/producto\/quick-tour-con-capazo\/#primaryimage"},"image":{"@id":"https:\/\/casualplay.com\/es\/producto\/quick-tour-con-capazo\/#primaryimage"},"thumbnailUrl":"https:\/\/casualplay.com\/wp-content\/uploads\/quicktourchasiscapazo4.webp","datePublished":"2024-10-15T14:58:51+00:00","dateModified":"2025-12-14T17:44:22+00:00","description":"Ligera y maniobrable, Quick Tour es una silla de paseo ligera muy funcional. Perfecta para el d\u00eda a d\u00eda y para viajar. \u00a1Con plegado autom\u00e1tico!","breadcrumb":{"@id":"https:\/\/casualplay.com\/es\/producto\/quick-tour-con-capazo\/#breadcrumb"},"inLanguage":"es","potentialAction":[{"@type":"ReadAction","target":["https:\/\/casualplay.com\/es\/producto\/quick-tour-con-capazo\/"]}]},{"@type":"ImageObject","inLanguage":"es","@id":"https:\/\/casualplay.com\/es\/producto\/quick-tour-con-capazo\/#primaryimage","url":"https:\/\/casualplay.com\/wp-content\/uploads\/quicktourchasiscapazo4.webp","contentUrl":"https:\/\/casualplay.com\/wp-content\/uploads\/quicktourchasiscapazo4.webp","width":1000,"height":1144},{"@type":"BreadcrumbList","@id":"https:\/\/casualplay.com\/es\/producto\/quick-tour-con-capazo\/#breadcrumb","itemListElement":[{"@type":"ListItem","position":1,"name":"Portada","item":"https:\/\/casualplay.com\/es\/"},{"@type":"ListItem","position":2,"name":"Tienda","item":"https:\/\/casualplay.com\/es\/tienda\/"},{"@type":"ListItem","position":3,"name":"Quick Tour (con capazo)"}]},{"@type":"WebSite","@id":"https:\/\/casualplay.com\/es\/#website","url":"https:\/\/casualplay.com\/es\/","name":"Casualplay","description":"Making Life Fun","publisher":{"@id":"https:\/\/casualplay.com\/es\/#organization"},"potentialAction":[{"@type":"SearchAction","target":{"@type":"EntryPoint","urlTemplate":"https:\/\/casualplay.com\/es\/?s={search_term_string}"},"query-input":{"@type":"PropertyValueSpecification","valueRequired":true,"valueName":"search_term_string"}}],"inLanguage":"es"},{"@type":"Organization","@id":"https:\/\/casualplay.com\/es\/#organization","name":"Casualplay","url":"https:\/\/casualplay.com\/es\/","logo":{"@type":"ImageObject","inLanguage":"es","@id":"https:\/\/casualplay.com\/es\/#\/schema\/logo\/image\/","url":"https:\/\/casualplay.com\/wp-content\/uploads\/logo-casualplay.png","contentUrl":"https:\/\/casualplay.com\/wp-content\/uploads\/logo-casualplay.png","width":410,"height":82,"caption":"Casualplay"},"image":{"@id":"https:\/\/casualplay.com\/es\/#\/schema\/logo\/image\/"}}]}},"_links":{"self":[{"href":"https:\/\/casualplay.com\/es\/wp-json\/wp\/v2\/product\/2403","targetHints":{"allow":["GET"]}}],"collection":[{"href":"https:\/\/casualplay.com\/es\/wp-json\/wp\/v2\/product"}],"about":[{"href":"https:\/\/casualplay.com\/es\/wp-json\/wp\/v2\/types\/product"}],"replies":[{"embeddable":true,"href":"https:\/\/casualplay.com\/es\/wp-json\/wp\/v2\/comments?post=2403"}],"wp:featuredmedia":[{"embeddable":true,"href":"https:\/\/casualplay.com\/es\/wp-json\/wp\/v2\/media\/3078"}],"wp:attachment":[{"href":"https:\/\/casualplay.com\/es\/wp-json\/wp\/v2\/media?parent=2403"}],"wp:term":[{"taxonomy":"product_brand","embeddable":true,"href":"https:\/\/casualplay.com\/es\/wp-json\/wp\/v2\/product_brand?post=2403"},{"taxonomy":"product_cat","embeddable":true,"href":"https:\/\/casualplay.com\/es\/wp-json\/wp\/v2\/product_cat?post=2403"},{"taxonomy":"product_tag","embeddable":true,"href":"https:\/\/casualplay.com\/es\/wp-json\/wp\/v2\/product_tag?post=2403"}],"curies":[{"name":"wp","href":"https:\/\/api.w.org\/{rel}","templated":true}]}}