{"id":2398,"date":"2024-10-15T14:58:51","date_gmt":"2024-10-15T14:58:51","guid":{"rendered":"https:\/\/casualplay.com\/product\/quick-tour\/"},"modified":"2026-03-29T14:20:18","modified_gmt":"2026-03-29T14:20:18","slug":"quick-tour","status":"publish","type":"product","link":"https:\/\/casualplay.com\/es\/producto\/quick-tour\/","title":{"rendered":"Quick Tour"},"content":{"rendered":"<p>Especialmente pensada para los pap\u00e1s millenials expertos en multitasking, Quick Tour se pliega autom\u00e1ticamente con solo un gesto, para que puedas ocuparte de todo lo dem\u00e1s.<\/p>\n<h3>El mejor compa\u00f1ero de viaje<\/h3>\n<p>Sus reducidas dimensiones y el plegado autom\u00e1tico, hacen de Quick Tour la opci\u00f3n ideal para viajar sin complicaciones.<\/p>\n<ul>\n<li aria-level=\"1\">Tama\u00f1o supercompacto<\/li>\n<li aria-level=\"1\">Protector de lluvia incluido<\/li>\n<li aria-level=\"1\">Capota con protecci\u00f3n UPF50+<\/li>\n<\/ul>\n","protected":false},"excerpt":{"rendered":"<p>Ligera y maniobrable, Quick Tour es una silla de paseo ligera muy funcional. Perfecta para el d\u00eda a d\u00eda y para viajar. \u00a1Con plegado autom\u00e1tico!<\/p>\n","protected":false},"featured_media":3012,"comment_status":"open","ping_status":"closed","template":"","meta":{"_acf_changed":false},"product_brand":[],"product_cat":[56],"product_tag":[],"class_list":{"0":"post-2398","1":"product","2":"type-product","3":"status-publish","4":"has-post-thumbnail","6":"product_cat-sillas-de-paseo","8":"first","9":"instock","10":"sale","11":"purchasable","12":"product-type-variable","13":"has-default-attributes"},"acf":[],"yoast_head":"<!-- This site is optimized with the Yoast SEO plugin v27.3 - https:\/\/yoast.com\/product\/yoast-seo-wordpress\/ -->\n<title>Silla de paseo ligera Quick Tour|Casualplay<\/title>\n<meta name=\"description\" content=\"Ligera y maniobrable, Quick Tour es una silla de paseo ligera muy funcional. Perfecta para el d\u00eda a d\u00eda y para viajar. \u00a1Con plegado autom\u00e1tico!\" \/>\n<meta name=\"robots\" content=\"index, follow, max-snippet:-1, max-image-preview:large, max-video-preview:-1\" \/>\n<link rel=\"canonical\" href=\"https:\/\/casualplay.com\/es\/producto\/quick-tour\/\" \/>\n<meta property=\"og:locale\" content=\"es_ES\" \/>\n<meta property=\"og:type\" content=\"article\" \/>\n<meta property=\"og:title\" content=\"Silla de paseo ligera Quick Tour, de Casualplay\" \/>\n<meta property=\"og:description\" content=\"Ligera y maniobrable, Quick Tour es una silla de paseo ligera muy funcional. Perfecta para el d\u00eda a d\u00eda y para viajar. \u00a1Con plegado autom\u00e1tico!\" \/>\n<meta property=\"og:url\" content=\"https:\/\/casualplay.com\/es\/producto\/quick-tour\/\" \/>\n<meta property=\"og:site_name\" content=\"Casualplay\" \/>\n<meta property=\"article:modified_time\" content=\"2026-03-29T14:20:18+00:00\" \/>\n<meta property=\"og:image\" content=\"https:\/\/casualplay.com\/wp-content\/uploads\/quicktour718.webp\" \/>\n\t<meta property=\"og:image:width\" content=\"1000\" \/>\n\t<meta property=\"og:image:height\" content=\"1144\" \/>\n\t<meta property=\"og:image:type\" content=\"image\/webp\" \/>\n<meta name=\"twitter:card\" content=\"summary_large_image\" \/>\n<meta name=\"twitter:label1\" content=\"Tiempo de lectura\" \/>\n\t<meta name=\"twitter:data1\" content=\"1 minuto\" \/>\n<script type=\"application\/ld+json\" class=\"yoast-schema-graph\">{\"@context\":\"https:\\\/\\\/schema.org\",\"@graph\":[{\"@type\":\"WebPage\",\"@id\":\"https:\\\/\\\/casualplay.com\\\/es\\\/producto\\\/quick-tour\\\/\",\"url\":\"https:\\\/\\\/casualplay.com\\\/es\\\/producto\\\/quick-tour\\\/\",\"name\":\"Silla de paseo ligera Quick Tour|Casualplay\",\"isPartOf\":{\"@id\":\"https:\\\/\\\/casualplay.com\\\/es\\\/#website\"},\"primaryImageOfPage\":{\"@id\":\"https:\\\/\\\/casualplay.com\\\/es\\\/producto\\\/quick-tour\\\/#primaryimage\"},\"image\":{\"@id\":\"https:\\\/\\\/casualplay.com\\\/es\\\/producto\\\/quick-tour\\\/#primaryimage\"},\"thumbnailUrl\":\"https:\\\/\\\/casualplay.com\\\/wp-content\\\/uploads\\\/quicktour718.webp\",\"datePublished\":\"2024-10-15T14:58:51+00:00\",\"dateModified\":\"2026-03-29T14:20:18+00:00\",\"description\":\"Ligera y maniobrable, Quick Tour es una silla de paseo ligera muy funcional. Perfecta para el d\u00eda a d\u00eda y para viajar. \u00a1Con plegado autom\u00e1tico!\",\"breadcrumb\":{\"@id\":\"https:\\\/\\\/casualplay.com\\\/es\\\/producto\\\/quick-tour\\\/#breadcrumb\"},\"inLanguage\":\"es\",\"potentialAction\":[{\"@type\":\"ReadAction\",\"target\":[\"https:\\\/\\\/casualplay.com\\\/es\\\/producto\\\/quick-tour\\\/\"]}]},{\"@type\":\"ImageObject\",\"inLanguage\":\"es\",\"@id\":\"https:\\\/\\\/casualplay.com\\\/es\\\/producto\\\/quick-tour\\\/#primaryimage\",\"url\":\"https:\\\/\\\/casualplay.com\\\/wp-content\\\/uploads\\\/quicktour718.webp\",\"contentUrl\":\"https:\\\/\\\/casualplay.com\\\/wp-content\\\/uploads\\\/quicktour718.webp\",\"width\":1000,\"height\":1144,\"caption\":\"Quick Tour\"},{\"@type\":\"BreadcrumbList\",\"@id\":\"https:\\\/\\\/casualplay.com\\\/es\\\/producto\\\/quick-tour\\\/#breadcrumb\",\"itemListElement\":[{\"@type\":\"ListItem\",\"position\":1,\"name\":\"Portada\",\"item\":\"https:\\\/\\\/casualplay.com\\\/es\\\/\"},{\"@type\":\"ListItem\",\"position\":2,\"name\":\"Tienda\",\"item\":\"https:\\\/\\\/casualplay.com\\\/es\\\/tienda\\\/\"},{\"@type\":\"ListItem\",\"position\":3,\"name\":\"Quick Tour\"}]},{\"@type\":\"WebSite\",\"@id\":\"https:\\\/\\\/casualplay.com\\\/es\\\/#website\",\"url\":\"https:\\\/\\\/casualplay.com\\\/es\\\/\",\"name\":\"Casualplay\",\"description\":\"Making Life Fun\",\"publisher\":{\"@id\":\"https:\\\/\\\/casualplay.com\\\/es\\\/#organization\"},\"potentialAction\":[{\"@type\":\"SearchAction\",\"target\":{\"@type\":\"EntryPoint\",\"urlTemplate\":\"https:\\\/\\\/casualplay.com\\\/es\\\/?s={search_term_string}\"},\"query-input\":{\"@type\":\"PropertyValueSpecification\",\"valueRequired\":true,\"valueName\":\"search_term_string\"}}],\"inLanguage\":\"es\"},{\"@type\":\"Organization\",\"@id\":\"https:\\\/\\\/casualplay.com\\\/es\\\/#organization\",\"name\":\"Casualplay\",\"url\":\"https:\\\/\\\/casualplay.com\\\/es\\\/\",\"logo\":{\"@type\":\"ImageObject\",\"inLanguage\":\"es\",\"@id\":\"https:\\\/\\\/casualplay.com\\\/es\\\/#\\\/schema\\\/logo\\\/image\\\/\",\"url\":\"https:\\\/\\\/casualplay.com\\\/wp-content\\\/uploads\\\/logo-casualplay.png\",\"contentUrl\":\"https:\\\/\\\/casualplay.com\\\/wp-content\\\/uploads\\\/logo-casualplay.png\",\"width\":410,\"height\":82,\"caption\":\"Casualplay\"},\"image\":{\"@id\":\"https:\\\/\\\/casualplay.com\\\/es\\\/#\\\/schema\\\/logo\\\/image\\\/\"}}]}<\/script>\n<!-- \/ Yoast SEO plugin. -->","yoast_head_json":{"title":"Silla de paseo ligera Quick Tour|Casualplay","description":"Ligera y maniobrable, Quick Tour es una silla de paseo ligera muy funcional. Perfecta para el d\u00eda a d\u00eda y para viajar. \u00a1Con plegado autom\u00e1tico!","robots":{"index":"index","follow":"follow","max-snippet":"max-snippet:-1","max-image-preview":"max-image-preview:large","max-video-preview":"max-video-preview:-1"},"canonical":"https:\/\/casualplay.com\/es\/producto\/quick-tour\/","og_locale":"es_ES","og_type":"article","og_title":"Silla de paseo ligera Quick Tour, de Casualplay","og_description":"Ligera y maniobrable, Quick Tour es una silla de paseo ligera muy funcional. Perfecta para el d\u00eda a d\u00eda y para viajar. \u00a1Con plegado autom\u00e1tico!","og_url":"https:\/\/casualplay.com\/es\/producto\/quick-tour\/","og_site_name":"Casualplay","article_modified_time":"2026-03-29T14:20:18+00:00","og_image":[{"width":1000,"height":1144,"url":"https:\/\/casualplay.com\/wp-content\/uploads\/quicktour718.webp","type":"image\/webp"}],"twitter_card":"summary_large_image","twitter_misc":{"Tiempo de lectura":"1 minuto"},"schema":{"@context":"https:\/\/schema.org","@graph":[{"@type":"WebPage","@id":"https:\/\/casualplay.com\/es\/producto\/quick-tour\/","url":"https:\/\/casualplay.com\/es\/producto\/quick-tour\/","name":"Silla de paseo ligera Quick Tour|Casualplay","isPartOf":{"@id":"https:\/\/casualplay.com\/es\/#website"},"primaryImageOfPage":{"@id":"https:\/\/casualplay.com\/es\/producto\/quick-tour\/#primaryimage"},"image":{"@id":"https:\/\/casualplay.com\/es\/producto\/quick-tour\/#primaryimage"},"thumbnailUrl":"https:\/\/casualplay.com\/wp-content\/uploads\/quicktour718.webp","datePublished":"2024-10-15T14:58:51+00:00","dateModified":"2026-03-29T14:20:18+00:00","description":"Ligera y maniobrable, Quick Tour es una silla de paseo ligera muy funcional. Perfecta para el d\u00eda a d\u00eda y para viajar. \u00a1Con plegado autom\u00e1tico!","breadcrumb":{"@id":"https:\/\/casualplay.com\/es\/producto\/quick-tour\/#breadcrumb"},"inLanguage":"es","potentialAction":[{"@type":"ReadAction","target":["https:\/\/casualplay.com\/es\/producto\/quick-tour\/"]}]},{"@type":"ImageObject","inLanguage":"es","@id":"https:\/\/casualplay.com\/es\/producto\/quick-tour\/#primaryimage","url":"https:\/\/casualplay.com\/wp-content\/uploads\/quicktour718.webp","contentUrl":"https:\/\/casualplay.com\/wp-content\/uploads\/quicktour718.webp","width":1000,"height":1144,"caption":"Quick Tour"},{"@type":"BreadcrumbList","@id":"https:\/\/casualplay.com\/es\/producto\/quick-tour\/#breadcrumb","itemListElement":[{"@type":"ListItem","position":1,"name":"Portada","item":"https:\/\/casualplay.com\/es\/"},{"@type":"ListItem","position":2,"name":"Tienda","item":"https:\/\/casualplay.com\/es\/tienda\/"},{"@type":"ListItem","position":3,"name":"Quick Tour"}]},{"@type":"WebSite","@id":"https:\/\/casualplay.com\/es\/#website","url":"https:\/\/casualplay.com\/es\/","name":"Casualplay","description":"Making Life Fun","publisher":{"@id":"https:\/\/casualplay.com\/es\/#organization"},"potentialAction":[{"@type":"SearchAction","target":{"@type":"EntryPoint","urlTemplate":"https:\/\/casualplay.com\/es\/?s={search_term_string}"},"query-input":{"@type":"PropertyValueSpecification","valueRequired":true,"valueName":"search_term_string"}}],"inLanguage":"es"},{"@type":"Organization","@id":"https:\/\/casualplay.com\/es\/#organization","name":"Casualplay","url":"https:\/\/casualplay.com\/es\/","logo":{"@type":"ImageObject","inLanguage":"es","@id":"https:\/\/casualplay.com\/es\/#\/schema\/logo\/image\/","url":"https:\/\/casualplay.com\/wp-content\/uploads\/logo-casualplay.png","contentUrl":"https:\/\/casualplay.com\/wp-content\/uploads\/logo-casualplay.png","width":410,"height":82,"caption":"Casualplay"},"image":{"@id":"https:\/\/casualplay.com\/es\/#\/schema\/logo\/image\/"}}]}},"_links":{"self":[{"href":"https:\/\/casualplay.com\/es\/wp-json\/wp\/v2\/product\/2398","targetHints":{"allow":["GET"]}}],"collection":[{"href":"https:\/\/casualplay.com\/es\/wp-json\/wp\/v2\/product"}],"about":[{"href":"https:\/\/casualplay.com\/es\/wp-json\/wp\/v2\/types\/product"}],"replies":[{"embeddable":true,"href":"https:\/\/casualplay.com\/es\/wp-json\/wp\/v2\/comments?post=2398"}],"wp:featuredmedia":[{"embeddable":true,"href":"https:\/\/casualplay.com\/es\/wp-json\/wp\/v2\/media\/3012"}],"wp:attachment":[{"href":"https:\/\/casualplay.com\/es\/wp-json\/wp\/v2\/media?parent=2398"}],"wp:term":[{"taxonomy":"product_brand","embeddable":true,"href":"https:\/\/casualplay.com\/es\/wp-json\/wp\/v2\/product_brand?post=2398"},{"taxonomy":"product_cat","embeddable":true,"href":"https:\/\/casualplay.com\/es\/wp-json\/wp\/v2\/product_cat?post=2398"},{"taxonomy":"product_tag","embeddable":true,"href":"https:\/\/casualplay.com\/es\/wp-json\/wp\/v2\/product_tag?post=2398"}],"curies":[{"name":"wp","href":"https:\/\/api.w.org\/{rel}","templated":true}]}}