{"id":2386,"date":"2024-10-15T15:00:53","date_gmt":"2024-10-15T15:00:53","guid":{"rendered":"https:\/\/casualplay.com\/product\/tour\/"},"modified":"2025-08-06T20:04:55","modified_gmt":"2025-08-06T20:04:55","slug":"tour","status":"publish","type":"product","link":"https:\/\/casualplay.com\/es\/producto\/tour\/","title":{"rendered":"Tour"},"content":{"rendered":"<h3>La silla vers\u00e1til por excelencia<\/h3>\n<p>\u00dasala a diario en la ciudad y ll\u00e9vatela de fin de semana. Equilibrio entre funcionalidad y confort para el beb\u00e9. Id\u00f3nea para un lugar de almacenaje o maletero reducido.<\/p>\n<p>Si viajas a menudo, esta es tu silla. Tiene un plegado tan compacto que podr\u00e1s llevarla c\u00f3modamente con el resto de equipaje ocupando el m\u00ednimo espacio.<\/p>\n<ul>\n<li aria-level=\"1\">Plegado supercompacto<\/li>\n<li aria-level=\"1\">Respaldo reclinable 165\u00ba<\/li>\n<li aria-level=\"1\">Asa de transporte<\/li>\n<\/ul>\n<h3>Una compa\u00f1era infatigable<\/h3>\n<p>Dise\u00f1ada para acompa\u00f1aros sin importar las condiciones clim\u00e1ticas, esta silla es imprescindible para padres que buscan lo mejor en comodidad y funcionalidad. Su capota extensible no solo proporciona una cobertura excepcional contra el sol, sino que tambi\u00e9n cuenta con ventilaci\u00f3n estrat\u00e9gicamente ubicada para mantener a tu peque\u00f1o c\u00f3modo y fresco durante los d\u00edas calurosos. Adem\u00e1s, incluye un protector de lluvia que garantiza protecci\u00f3n completa en caso de mal tiempo. Prep\u00e1rate para explorar el mundo con la silla de paseo Tour: donde la practicidad y el confort se encuentran en cada detalle.<\/p>\n","protected":false},"excerpt":{"rendered":"<p>Gracias a su ligereza y tama\u00f1o, Tour es la silla de paseo ideal para llevar donde quieras. Su plegado es tan compacto que es perfecta para viajar.<\/p>\n","protected":false},"featured_media":3226,"comment_status":"open","ping_status":"closed","template":"","meta":{"_acf_changed":false},"product_brand":[318],"product_cat":[56],"product_tag":[332,333],"class_list":{"0":"post-2386","1":"product","2":"type-product","3":"status-publish","4":"has-post-thumbnail","6":"product_brand-casualplay","7":"product_cat-sillas-de-paseo","8":"product_tag-silla-ligera","9":"product_tag-viaje","11":"first","12":"instock","13":"sale","14":"purchasable","15":"product-type-simple"},"acf":[],"yoast_head":"<!-- This site is optimized with the Yoast SEO plugin v27.3 - https:\/\/yoast.com\/product\/yoast-seo-wordpress\/ -->\n<title>Silla de paseo ligera Tour | Casualplay<\/title>\n<meta name=\"description\" content=\"Gracias a su ligereza y tama\u00f1o, Tour es la silla de paseo ideal para llevar donde quieras. Su plegado es tan compacto que es perfecta para viajar.\" \/>\n<meta name=\"robots\" content=\"index, follow, max-snippet:-1, max-image-preview:large, max-video-preview:-1\" \/>\n<link rel=\"canonical\" href=\"https:\/\/casualplay.com\/es\/producto\/tour\/\" \/>\n<meta property=\"og:locale\" content=\"es_ES\" \/>\n<meta property=\"og:type\" content=\"article\" \/>\n<meta property=\"og:title\" content=\"Silla de paseo Tour, de Casualplay\" \/>\n<meta property=\"og:description\" content=\"Silla de paseo superligera y compacta, perfecta para viajar.\" \/>\n<meta property=\"og:url\" content=\"https:\/\/casualplay.com\/es\/producto\/tour\/\" \/>\n<meta property=\"og:site_name\" content=\"Casualplay\" \/>\n<meta property=\"article:modified_time\" content=\"2025-08-06T20:04:55+00:00\" \/>\n<meta property=\"og:image\" content=\"https:\/\/casualplay.com\/wp-content\/uploads\/tourprincipal.webp\" \/>\n\t<meta property=\"og:image:width\" content=\"1000\" \/>\n\t<meta property=\"og:image:height\" content=\"1144\" \/>\n\t<meta property=\"og:image:type\" content=\"image\/webp\" \/>\n<meta name=\"twitter:card\" content=\"summary_large_image\" \/>\n<meta name=\"twitter:label1\" content=\"Tiempo de lectura\" \/>\n\t<meta name=\"twitter:data1\" content=\"1 minuto\" \/>\n<script type=\"application\/ld+json\" class=\"yoast-schema-graph\">{\"@context\":\"https:\\\/\\\/schema.org\",\"@graph\":[{\"@type\":\"WebPage\",\"@id\":\"https:\\\/\\\/casualplay.com\\\/es\\\/producto\\\/tour\\\/\",\"url\":\"https:\\\/\\\/casualplay.com\\\/es\\\/producto\\\/tour\\\/\",\"name\":\"Silla de paseo ligera Tour | Casualplay\",\"isPartOf\":{\"@id\":\"https:\\\/\\\/casualplay.com\\\/es\\\/#website\"},\"primaryImageOfPage\":{\"@id\":\"https:\\\/\\\/casualplay.com\\\/es\\\/producto\\\/tour\\\/#primaryimage\"},\"image\":{\"@id\":\"https:\\\/\\\/casualplay.com\\\/es\\\/producto\\\/tour\\\/#primaryimage\"},\"thumbnailUrl\":\"https:\\\/\\\/casualplay.com\\\/wp-content\\\/uploads\\\/tourprincipal.webp\",\"datePublished\":\"2024-10-15T15:00:53+00:00\",\"dateModified\":\"2025-08-06T20:04:55+00:00\",\"description\":\"Gracias a su ligereza y tama\u00f1o, Tour es la silla de paseo ideal para llevar donde quieras. Su plegado es tan compacto que es perfecta para viajar.\",\"breadcrumb\":{\"@id\":\"https:\\\/\\\/casualplay.com\\\/es\\\/producto\\\/tour\\\/#breadcrumb\"},\"inLanguage\":\"es\",\"potentialAction\":[{\"@type\":\"ReadAction\",\"target\":[\"https:\\\/\\\/casualplay.com\\\/es\\\/producto\\\/tour\\\/\"]}]},{\"@type\":\"ImageObject\",\"inLanguage\":\"es\",\"@id\":\"https:\\\/\\\/casualplay.com\\\/es\\\/producto\\\/tour\\\/#primaryimage\",\"url\":\"https:\\\/\\\/casualplay.com\\\/wp-content\\\/uploads\\\/tourprincipal.webp\",\"contentUrl\":\"https:\\\/\\\/casualplay.com\\\/wp-content\\\/uploads\\\/tourprincipal.webp\",\"width\":1000,\"height\":1144,\"caption\":\"Tour\"},{\"@type\":\"BreadcrumbList\",\"@id\":\"https:\\\/\\\/casualplay.com\\\/es\\\/producto\\\/tour\\\/#breadcrumb\",\"itemListElement\":[{\"@type\":\"ListItem\",\"position\":1,\"name\":\"Portada\",\"item\":\"https:\\\/\\\/casualplay.com\\\/es\\\/\"},{\"@type\":\"ListItem\",\"position\":2,\"name\":\"Tienda\",\"item\":\"https:\\\/\\\/casualplay.com\\\/es\\\/tienda\\\/\"},{\"@type\":\"ListItem\",\"position\":3,\"name\":\"Tour\"}]},{\"@type\":\"WebSite\",\"@id\":\"https:\\\/\\\/casualplay.com\\\/es\\\/#website\",\"url\":\"https:\\\/\\\/casualplay.com\\\/es\\\/\",\"name\":\"Casualplay\",\"description\":\"Making Life Fun\",\"publisher\":{\"@id\":\"https:\\\/\\\/casualplay.com\\\/es\\\/#organization\"},\"potentialAction\":[{\"@type\":\"SearchAction\",\"target\":{\"@type\":\"EntryPoint\",\"urlTemplate\":\"https:\\\/\\\/casualplay.com\\\/es\\\/?s={search_term_string}\"},\"query-input\":{\"@type\":\"PropertyValueSpecification\",\"valueRequired\":true,\"valueName\":\"search_term_string\"}}],\"inLanguage\":\"es\"},{\"@type\":\"Organization\",\"@id\":\"https:\\\/\\\/casualplay.com\\\/es\\\/#organization\",\"name\":\"Casualplay\",\"url\":\"https:\\\/\\\/casualplay.com\\\/es\\\/\",\"logo\":{\"@type\":\"ImageObject\",\"inLanguage\":\"es\",\"@id\":\"https:\\\/\\\/casualplay.com\\\/es\\\/#\\\/schema\\\/logo\\\/image\\\/\",\"url\":\"https:\\\/\\\/casualplay.com\\\/wp-content\\\/uploads\\\/logo-casualplay.png\",\"contentUrl\":\"https:\\\/\\\/casualplay.com\\\/wp-content\\\/uploads\\\/logo-casualplay.png\",\"width\":410,\"height\":82,\"caption\":\"Casualplay\"},\"image\":{\"@id\":\"https:\\\/\\\/casualplay.com\\\/es\\\/#\\\/schema\\\/logo\\\/image\\\/\"}}]}<\/script>\n<!-- \/ Yoast SEO plugin. -->","yoast_head_json":{"title":"Silla de paseo ligera Tour | Casualplay","description":"Gracias a su ligereza y tama\u00f1o, Tour es la silla de paseo ideal para llevar donde quieras. Su plegado es tan compacto que es perfecta para viajar.","robots":{"index":"index","follow":"follow","max-snippet":"max-snippet:-1","max-image-preview":"max-image-preview:large","max-video-preview":"max-video-preview:-1"},"canonical":"https:\/\/casualplay.com\/es\/producto\/tour\/","og_locale":"es_ES","og_type":"article","og_title":"Silla de paseo Tour, de Casualplay","og_description":"Silla de paseo superligera y compacta, perfecta para viajar.","og_url":"https:\/\/casualplay.com\/es\/producto\/tour\/","og_site_name":"Casualplay","article_modified_time":"2025-08-06T20:04:55+00:00","og_image":[{"width":1000,"height":1144,"url":"https:\/\/casualplay.com\/wp-content\/uploads\/tourprincipal.webp","type":"image\/webp"}],"twitter_card":"summary_large_image","twitter_misc":{"Tiempo de lectura":"1 minuto"},"schema":{"@context":"https:\/\/schema.org","@graph":[{"@type":"WebPage","@id":"https:\/\/casualplay.com\/es\/producto\/tour\/","url":"https:\/\/casualplay.com\/es\/producto\/tour\/","name":"Silla de paseo ligera Tour | Casualplay","isPartOf":{"@id":"https:\/\/casualplay.com\/es\/#website"},"primaryImageOfPage":{"@id":"https:\/\/casualplay.com\/es\/producto\/tour\/#primaryimage"},"image":{"@id":"https:\/\/casualplay.com\/es\/producto\/tour\/#primaryimage"},"thumbnailUrl":"https:\/\/casualplay.com\/wp-content\/uploads\/tourprincipal.webp","datePublished":"2024-10-15T15:00:53+00:00","dateModified":"2025-08-06T20:04:55+00:00","description":"Gracias a su ligereza y tama\u00f1o, Tour es la silla de paseo ideal para llevar donde quieras. Su plegado es tan compacto que es perfecta para viajar.","breadcrumb":{"@id":"https:\/\/casualplay.com\/es\/producto\/tour\/#breadcrumb"},"inLanguage":"es","potentialAction":[{"@type":"ReadAction","target":["https:\/\/casualplay.com\/es\/producto\/tour\/"]}]},{"@type":"ImageObject","inLanguage":"es","@id":"https:\/\/casualplay.com\/es\/producto\/tour\/#primaryimage","url":"https:\/\/casualplay.com\/wp-content\/uploads\/tourprincipal.webp","contentUrl":"https:\/\/casualplay.com\/wp-content\/uploads\/tourprincipal.webp","width":1000,"height":1144,"caption":"Tour"},{"@type":"BreadcrumbList","@id":"https:\/\/casualplay.com\/es\/producto\/tour\/#breadcrumb","itemListElement":[{"@type":"ListItem","position":1,"name":"Portada","item":"https:\/\/casualplay.com\/es\/"},{"@type":"ListItem","position":2,"name":"Tienda","item":"https:\/\/casualplay.com\/es\/tienda\/"},{"@type":"ListItem","position":3,"name":"Tour"}]},{"@type":"WebSite","@id":"https:\/\/casualplay.com\/es\/#website","url":"https:\/\/casualplay.com\/es\/","name":"Casualplay","description":"Making Life Fun","publisher":{"@id":"https:\/\/casualplay.com\/es\/#organization"},"potentialAction":[{"@type":"SearchAction","target":{"@type":"EntryPoint","urlTemplate":"https:\/\/casualplay.com\/es\/?s={search_term_string}"},"query-input":{"@type":"PropertyValueSpecification","valueRequired":true,"valueName":"search_term_string"}}],"inLanguage":"es"},{"@type":"Organization","@id":"https:\/\/casualplay.com\/es\/#organization","name":"Casualplay","url":"https:\/\/casualplay.com\/es\/","logo":{"@type":"ImageObject","inLanguage":"es","@id":"https:\/\/casualplay.com\/es\/#\/schema\/logo\/image\/","url":"https:\/\/casualplay.com\/wp-content\/uploads\/logo-casualplay.png","contentUrl":"https:\/\/casualplay.com\/wp-content\/uploads\/logo-casualplay.png","width":410,"height":82,"caption":"Casualplay"},"image":{"@id":"https:\/\/casualplay.com\/es\/#\/schema\/logo\/image\/"}}]}},"_links":{"self":[{"href":"https:\/\/casualplay.com\/es\/wp-json\/wp\/v2\/product\/2386","targetHints":{"allow":["GET"]}}],"collection":[{"href":"https:\/\/casualplay.com\/es\/wp-json\/wp\/v2\/product"}],"about":[{"href":"https:\/\/casualplay.com\/es\/wp-json\/wp\/v2\/types\/product"}],"replies":[{"embeddable":true,"href":"https:\/\/casualplay.com\/es\/wp-json\/wp\/v2\/comments?post=2386"}],"wp:featuredmedia":[{"embeddable":true,"href":"https:\/\/casualplay.com\/es\/wp-json\/wp\/v2\/media\/3226"}],"wp:attachment":[{"href":"https:\/\/casualplay.com\/es\/wp-json\/wp\/v2\/media?parent=2386"}],"wp:term":[{"taxonomy":"product_brand","embeddable":true,"href":"https:\/\/casualplay.com\/es\/wp-json\/wp\/v2\/product_brand?post=2386"},{"taxonomy":"product_cat","embeddable":true,"href":"https:\/\/casualplay.com\/es\/wp-json\/wp\/v2\/product_cat?post=2386"},{"taxonomy":"product_tag","embeddable":true,"href":"https:\/\/casualplay.com\/es\/wp-json\/wp\/v2\/product_tag?post=2386"}],"curies":[{"name":"wp","href":"https:\/\/api.w.org\/{rel}","templated":true}]}}