{"id":2191,"date":"2024-10-15T14:58:32","date_gmt":"2024-10-15T14:58:32","guid":{"rendered":"https:\/\/casualplay.com\/product\/nifty-2\/"},"modified":"2026-03-17T06:57:37","modified_gmt":"2026-03-17T06:57:37","slug":"nifty-plus","status":"publish","type":"product","link":"https:\/\/casualplay.com\/es\/producto\/nifty-plus\/","title":{"rendered":"Nifty + ( con capazo)"},"content":{"rendered":"<h3>L\u00edder en prestaciones<\/h3>\n<p>Transforma tus paseos en experiencias inolvidables con Nifty+, el cochecito urbano con todas las prestaciones para ser el mejor compa\u00f1ero de aventuras de tu beb\u00e9 hasta los 4 a\u00f1os.<\/p>\n<p>El cochecito Nifty+ te encantar\u00e1 por su tama\u00f1o realmente compacto y su f\u00e1cil manejo. \u00a1Es ideal para los espacios reducidos de la ciudad! Y, adem\u00e1s:<\/p>\n<ul>\n<li aria-level=\"1\">Colch\u00f3n Ecus Kids con certificado sanitario<\/li>\n<li aria-level=\"1\">Textil antiarrugas OEKO-TEX lavable a m\u00e1quina<\/li>\n<li aria-level=\"1\">Capotas con protecci\u00f3n UPF 50+<\/li>\n<li aria-level=\"1\">Incluye protectores de lluvia para silla y para capazo<\/li>\n<\/ul>\n<h3>El paseo m\u00e1s seguro<\/h3>\n<p>Durante los primeros meses de vida, el correcto descanso del beb\u00e9 es vital para su desarrollo, tambi\u00e9n fuera de casa. Por eso, Casualplay da un paso m\u00e1s, incorporando el colch\u00f3n m\u00e1s seguro del mercado en el carrito Nifty+.<\/p>\n<h3>Protecci\u00f3n certificada<\/h3>\n<p>El colch\u00f3n Care Mini, de Ecus Kids, es el \u00fanico con certificado sanitario para la prevenci\u00f3n de la plagiocefalia y la asfixia. Su dise\u00f1o permite reducir hasta un 70% la presi\u00f3n ejercida sobre la cabeza del beb\u00e9.<\/p>\n","protected":false},"excerpt":{"rendered":"<p>El carrito para beb\u00e9 de Casualplay m\u00e1s completo al mejor precio. Incorpora colch\u00f3n Ecus Kids para prevenir plagiocefalia.<\/p>\n","protected":false},"featured_media":2321,"comment_status":"open","ping_status":"closed","template":"","meta":{"_acf_changed":false},"product_brand":[318],"product_cat":[55],"product_tag":[320,322,327,339],"class_list":{"0":"post-2191","1":"product","2":"type-product","3":"status-publish","4":"has-post-thumbnail","6":"product_brand-casualplay","7":"product_cat-carritos-2-en-1","8":"product_tag-carrito","9":"product_tag-silla-paseo","10":"product_tag-ecus","11":"product_tag-cochecito","13":"first","14":"instock","15":"sale","16":"purchasable","17":"product-type-variable","18":"has-default-attributes"},"acf":[],"yoast_head":"<!-- This site is optimized with the Yoast SEO plugin v27.3 - https:\/\/yoast.com\/product\/yoast-seo-wordpress\/ -->\n<title>Carrito Nifty + | Casualplay<\/title>\n<meta name=\"description\" content=\"El carrito para beb\u00e9 de Casualplay m\u00e1s completo al mejor precio. Incorpora colch\u00f3n Ecus Kids para prevenir plagiocefalia.\" \/>\n<meta name=\"robots\" content=\"index, follow, max-snippet:-1, max-image-preview:large, max-video-preview:-1\" \/>\n<link rel=\"canonical\" href=\"https:\/\/casualplay.com\/es\/producto\/nifty-plus\/\" \/>\n<meta property=\"og:locale\" content=\"es_ES\" \/>\n<meta property=\"og:type\" content=\"article\" \/>\n<meta property=\"og:title\" content=\"Carrito Nifty+ de Casualplay\" \/>\n<meta property=\"og:description\" content=\"Cochecito de beb\u00e9 Casualplay Nifty+ con colch\u00f3n Ecus Kids antiplagiocefalia\" \/>\n<meta property=\"og:url\" content=\"https:\/\/casualplay.com\/es\/producto\/nifty-plus\/\" \/>\n<meta property=\"og:site_name\" content=\"Casualplay\" \/>\n<meta property=\"article:modified_time\" content=\"2026-03-17T06:57:37+00:00\" \/>\n<meta property=\"og:image\" content=\"https:\/\/casualplay.com\/wp-content\/uploads\/niftyplus.png\" \/>\n\t<meta property=\"og:image:width\" content=\"1200\" \/>\n\t<meta property=\"og:image:height\" content=\"1372\" \/>\n\t<meta property=\"og:image:type\" content=\"image\/png\" \/>\n<meta name=\"twitter:card\" content=\"summary_large_image\" \/>\n<meta name=\"twitter:label1\" content=\"Tiempo de lectura\" \/>\n\t<meta name=\"twitter:data1\" content=\"1 minuto\" \/>\n<script type=\"application\/ld+json\" class=\"yoast-schema-graph\">{\"@context\":\"https:\\\/\\\/schema.org\",\"@graph\":[{\"@type\":\"WebPage\",\"@id\":\"https:\\\/\\\/casualplay.com\\\/es\\\/producto\\\/nifty-plus\\\/\",\"url\":\"https:\\\/\\\/casualplay.com\\\/es\\\/producto\\\/nifty-plus\\\/\",\"name\":\"Carrito Nifty + | Casualplay\",\"isPartOf\":{\"@id\":\"https:\\\/\\\/casualplay.com\\\/es\\\/#website\"},\"primaryImageOfPage\":{\"@id\":\"https:\\\/\\\/casualplay.com\\\/es\\\/producto\\\/nifty-plus\\\/#primaryimage\"},\"image\":{\"@id\":\"https:\\\/\\\/casualplay.com\\\/es\\\/producto\\\/nifty-plus\\\/#primaryimage\"},\"thumbnailUrl\":\"https:\\\/\\\/casualplay.com\\\/wp-content\\\/uploads\\\/niftyplus.png\",\"datePublished\":\"2024-10-15T14:58:32+00:00\",\"dateModified\":\"2026-03-17T06:57:37+00:00\",\"description\":\"El carrito para beb\u00e9 de Casualplay m\u00e1s completo al mejor precio. Incorpora colch\u00f3n Ecus Kids para prevenir plagiocefalia.\",\"breadcrumb\":{\"@id\":\"https:\\\/\\\/casualplay.com\\\/es\\\/producto\\\/nifty-plus\\\/#breadcrumb\"},\"inLanguage\":\"es\",\"potentialAction\":[{\"@type\":\"ReadAction\",\"target\":[\"https:\\\/\\\/casualplay.com\\\/es\\\/producto\\\/nifty-plus\\\/\"]}]},{\"@type\":\"ImageObject\",\"inLanguage\":\"es\",\"@id\":\"https:\\\/\\\/casualplay.com\\\/es\\\/producto\\\/nifty-plus\\\/#primaryimage\",\"url\":\"https:\\\/\\\/casualplay.com\\\/wp-content\\\/uploads\\\/niftyplus.png\",\"contentUrl\":\"https:\\\/\\\/casualplay.com\\\/wp-content\\\/uploads\\\/niftyplus.png\",\"width\":1200,\"height\":1372,\"caption\":\"Nifty +\"},{\"@type\":\"BreadcrumbList\",\"@id\":\"https:\\\/\\\/casualplay.com\\\/es\\\/producto\\\/nifty-plus\\\/#breadcrumb\",\"itemListElement\":[{\"@type\":\"ListItem\",\"position\":1,\"name\":\"Portada\",\"item\":\"https:\\\/\\\/casualplay.com\\\/es\\\/\"},{\"@type\":\"ListItem\",\"position\":2,\"name\":\"Tienda\",\"item\":\"https:\\\/\\\/casualplay.com\\\/es\\\/tienda\\\/\"},{\"@type\":\"ListItem\",\"position\":3,\"name\":\"Nifty + ( con capazo)\"}]},{\"@type\":\"WebSite\",\"@id\":\"https:\\\/\\\/casualplay.com\\\/es\\\/#website\",\"url\":\"https:\\\/\\\/casualplay.com\\\/es\\\/\",\"name\":\"Casualplay\",\"description\":\"Making Life Fun\",\"publisher\":{\"@id\":\"https:\\\/\\\/casualplay.com\\\/es\\\/#organization\"},\"potentialAction\":[{\"@type\":\"SearchAction\",\"target\":{\"@type\":\"EntryPoint\",\"urlTemplate\":\"https:\\\/\\\/casualplay.com\\\/es\\\/?s={search_term_string}\"},\"query-input\":{\"@type\":\"PropertyValueSpecification\",\"valueRequired\":true,\"valueName\":\"search_term_string\"}}],\"inLanguage\":\"es\"},{\"@type\":\"Organization\",\"@id\":\"https:\\\/\\\/casualplay.com\\\/es\\\/#organization\",\"name\":\"Casualplay\",\"url\":\"https:\\\/\\\/casualplay.com\\\/es\\\/\",\"logo\":{\"@type\":\"ImageObject\",\"inLanguage\":\"es\",\"@id\":\"https:\\\/\\\/casualplay.com\\\/es\\\/#\\\/schema\\\/logo\\\/image\\\/\",\"url\":\"https:\\\/\\\/casualplay.com\\\/wp-content\\\/uploads\\\/logo-casualplay.png\",\"contentUrl\":\"https:\\\/\\\/casualplay.com\\\/wp-content\\\/uploads\\\/logo-casualplay.png\",\"width\":410,\"height\":82,\"caption\":\"Casualplay\"},\"image\":{\"@id\":\"https:\\\/\\\/casualplay.com\\\/es\\\/#\\\/schema\\\/logo\\\/image\\\/\"}}]}<\/script>\n<!-- \/ Yoast SEO plugin. -->","yoast_head_json":{"title":"Carrito Nifty + | Casualplay","description":"El carrito para beb\u00e9 de Casualplay m\u00e1s completo al mejor precio. Incorpora colch\u00f3n Ecus Kids para prevenir plagiocefalia.","robots":{"index":"index","follow":"follow","max-snippet":"max-snippet:-1","max-image-preview":"max-image-preview:large","max-video-preview":"max-video-preview:-1"},"canonical":"https:\/\/casualplay.com\/es\/producto\/nifty-plus\/","og_locale":"es_ES","og_type":"article","og_title":"Carrito Nifty+ de Casualplay","og_description":"Cochecito de beb\u00e9 Casualplay Nifty+ con colch\u00f3n Ecus Kids antiplagiocefalia","og_url":"https:\/\/casualplay.com\/es\/producto\/nifty-plus\/","og_site_name":"Casualplay","article_modified_time":"2026-03-17T06:57:37+00:00","og_image":[{"width":1200,"height":1372,"url":"https:\/\/casualplay.com\/wp-content\/uploads\/niftyplus.png","type":"image\/png"}],"twitter_card":"summary_large_image","twitter_misc":{"Tiempo de lectura":"1 minuto"},"schema":{"@context":"https:\/\/schema.org","@graph":[{"@type":"WebPage","@id":"https:\/\/casualplay.com\/es\/producto\/nifty-plus\/","url":"https:\/\/casualplay.com\/es\/producto\/nifty-plus\/","name":"Carrito Nifty + | Casualplay","isPartOf":{"@id":"https:\/\/casualplay.com\/es\/#website"},"primaryImageOfPage":{"@id":"https:\/\/casualplay.com\/es\/producto\/nifty-plus\/#primaryimage"},"image":{"@id":"https:\/\/casualplay.com\/es\/producto\/nifty-plus\/#primaryimage"},"thumbnailUrl":"https:\/\/casualplay.com\/wp-content\/uploads\/niftyplus.png","datePublished":"2024-10-15T14:58:32+00:00","dateModified":"2026-03-17T06:57:37+00:00","description":"El carrito para beb\u00e9 de Casualplay m\u00e1s completo al mejor precio. Incorpora colch\u00f3n Ecus Kids para prevenir plagiocefalia.","breadcrumb":{"@id":"https:\/\/casualplay.com\/es\/producto\/nifty-plus\/#breadcrumb"},"inLanguage":"es","potentialAction":[{"@type":"ReadAction","target":["https:\/\/casualplay.com\/es\/producto\/nifty-plus\/"]}]},{"@type":"ImageObject","inLanguage":"es","@id":"https:\/\/casualplay.com\/es\/producto\/nifty-plus\/#primaryimage","url":"https:\/\/casualplay.com\/wp-content\/uploads\/niftyplus.png","contentUrl":"https:\/\/casualplay.com\/wp-content\/uploads\/niftyplus.png","width":1200,"height":1372,"caption":"Nifty +"},{"@type":"BreadcrumbList","@id":"https:\/\/casualplay.com\/es\/producto\/nifty-plus\/#breadcrumb","itemListElement":[{"@type":"ListItem","position":1,"name":"Portada","item":"https:\/\/casualplay.com\/es\/"},{"@type":"ListItem","position":2,"name":"Tienda","item":"https:\/\/casualplay.com\/es\/tienda\/"},{"@type":"ListItem","position":3,"name":"Nifty + ( con capazo)"}]},{"@type":"WebSite","@id":"https:\/\/casualplay.com\/es\/#website","url":"https:\/\/casualplay.com\/es\/","name":"Casualplay","description":"Making Life Fun","publisher":{"@id":"https:\/\/casualplay.com\/es\/#organization"},"potentialAction":[{"@type":"SearchAction","target":{"@type":"EntryPoint","urlTemplate":"https:\/\/casualplay.com\/es\/?s={search_term_string}"},"query-input":{"@type":"PropertyValueSpecification","valueRequired":true,"valueName":"search_term_string"}}],"inLanguage":"es"},{"@type":"Organization","@id":"https:\/\/casualplay.com\/es\/#organization","name":"Casualplay","url":"https:\/\/casualplay.com\/es\/","logo":{"@type":"ImageObject","inLanguage":"es","@id":"https:\/\/casualplay.com\/es\/#\/schema\/logo\/image\/","url":"https:\/\/casualplay.com\/wp-content\/uploads\/logo-casualplay.png","contentUrl":"https:\/\/casualplay.com\/wp-content\/uploads\/logo-casualplay.png","width":410,"height":82,"caption":"Casualplay"},"image":{"@id":"https:\/\/casualplay.com\/es\/#\/schema\/logo\/image\/"}}]}},"_links":{"self":[{"href":"https:\/\/casualplay.com\/es\/wp-json\/wp\/v2\/product\/2191","targetHints":{"allow":["GET"]}}],"collection":[{"href":"https:\/\/casualplay.com\/es\/wp-json\/wp\/v2\/product"}],"about":[{"href":"https:\/\/casualplay.com\/es\/wp-json\/wp\/v2\/types\/product"}],"replies":[{"embeddable":true,"href":"https:\/\/casualplay.com\/es\/wp-json\/wp\/v2\/comments?post=2191"}],"wp:featuredmedia":[{"embeddable":true,"href":"https:\/\/casualplay.com\/es\/wp-json\/wp\/v2\/media\/2321"}],"wp:attachment":[{"href":"https:\/\/casualplay.com\/es\/wp-json\/wp\/v2\/media?parent=2191"}],"wp:term":[{"taxonomy":"product_brand","embeddable":true,"href":"https:\/\/casualplay.com\/es\/wp-json\/wp\/v2\/product_brand?post=2191"},{"taxonomy":"product_cat","embeddable":true,"href":"https:\/\/casualplay.com\/es\/wp-json\/wp\/v2\/product_cat?post=2191"},{"taxonomy":"product_tag","embeddable":true,"href":"https:\/\/casualplay.com\/es\/wp-json\/wp\/v2\/product_tag?post=2191"}],"curies":[{"name":"wp","href":"https:\/\/api.w.org\/{rel}","templated":true}]}}