{"id":581,"date":"2024-08-20T09:50:42","date_gmt":"2024-08-20T09:50:42","guid":{"rendered":"https:\/\/casualplay.com\/?page_id=581"},"modified":"2024-10-17T11:52:19","modified_gmt":"2024-10-17T11:52:19","slug":"envios-y-devoluciones","status":"publish","type":"page","link":"https:\/\/casualplay.com\/es\/envios-y-devoluciones\/","title":{"rendered":"Env\u00edos y devoluciones"},"content":{"rendered":"\n<h2 class=\"wp-block-heading\">Env\u00edos<\/h2>\n\n\n\n<h3 class=\"wp-block-heading\"><strong>Empresas de mensajer\u00eda<\/strong><\/h3>\n\n\n\n<p>Trabajamos con SZENDEX para garantizar que tu pedido llegue de manera r\u00e1pida y segura.<\/p>\n\n\n\n<h3 class=\"wp-block-heading\"><strong>Disponibilidad de env\u00edos<\/strong><\/h3>\n\n\n\n<p>Puedes realizar compras en<a href=\"http:\/\/www.casualplay.com\"> www.casualplay.com<\/a> desde cualquier pa\u00eds, siempre y cuando la direcci\u00f3n de entrega sea en Espa\u00f1a.<\/p>\n\n\n\n<h3 class=\"wp-block-heading\"><strong>Direcci\u00f3n de entrega<\/strong><\/h3>\n\n\n\n<p>Es fundamental que revises y completes correctamente todos los datos de la direcci\u00f3n de entrega en el formulario de pedido. No nos hacemos responsables por direcciones incorrectas o incompletas. No enviamos pedidos a apartados de correos, bases militares, ni a direcciones donde no sea posible identificar al destinatario.<\/p>\n\n\n\n<h3 class=\"wp-block-heading\"><strong>Confirmaci\u00f3n y seguimiento<\/strong><\/h3>\n\n\n\n<p>Una vez enviado tu pedido, recibir\u00e1s un correo electr\u00f3nico de confirmaci\u00f3n con el n\u00famero de seguimiento. Podr\u00e1s utilizar este n\u00famero para seguir el estado de tu env\u00edo en cualquier momento.<\/p>\n\n\n\n<h3 class=\"wp-block-heading\"><strong>Plazo de entrega<\/strong><\/h3>\n\n\n\n<p>El plazo de entrega es de entre 1 y 5 d\u00edas laborables, una vez confirmado el pago. Si no recibes tu pedido en un plazo de 10 d\u00edas h\u00e1biles, por favor, cont\u00e1ctanos para que podamos investigar el caso.<\/p>\n\n\n\n<h3 class=\"wp-block-heading\"><strong>Problemas en la entrega<\/strong><\/h3>\n\n\n\n<p>Si la entrega no se puede realizar, la empresa de mensajer\u00eda se pondr\u00e1 en contacto contigo para acordar una nueva fecha de entrega.<\/p>\n\n\n\n<h3 class=\"wp-block-heading\"><strong>Recepci\u00f3n del pedido<\/strong><\/h3>\n\n\n\n<p>Al recibir tu pedido, verifica que todo est\u00e9 conforme con lo solicitado. Si encuentras alguna discrepancia o problema, contacta con nosotros a trav\u00e9s de nuestro formulario de contacto, indicando tus datos personales y el n\u00famero de pedido. Nos pondremos en contacto contigo para resolver cualquier incidencia.<\/p>\n\n\n\n<h2 class=\"wp-block-heading\">Devoluciones<\/h2>\n\n\n\n<h3 class=\"wp-block-heading\"><strong>Proceso de devoluci\u00f3n<\/strong>:<\/h3>\n\n\n\n<ul class=\"wp-block-list\">\n<li>Si necesitas hacer una devoluci\u00f3n, contacta con nosotros a trav\u00e9s del formulario de contacto para gestionar la recogida a domicilio.<\/li>\n\n\n\n<li>Los productos Casualplay deben ser devueltos en las mismas condiciones en las que los recibiste, con su embalaje original completo, etiquetas y accesorios relacionados.<\/li>\n\n\n\n<li>Para mayor seguridad, recomendamos utilizar un sistema de env\u00edo que certifique la entrega. No nos responsabilizamos por p\u00e9rdidas, retrasos o env\u00edos a direcciones incorrectas.<\/li>\n<\/ul>\n\n\n\n<h3 class=\"wp-block-heading\"><strong>Condiciones de devoluci\u00f3n<\/strong>:<\/h3>\n\n\n\n<ul class=\"wp-block-list\">\n<li>Si tu devoluci\u00f3n no cumple con los t\u00e9rminos estipulados, no tendr\u00e1s derecho a un reembolso y los productos te ser\u00e1n devueltos a portes debidos.<\/li>\n\n\n\n<li>Los productos devueltos deben ser enviados en una sola entrega. Nos reservamos el derecho de no aceptar devoluciones de un mismo pedido enviadas en diferentes momentos.<\/li>\n<\/ul>\n\n\n\n<h3 class=\"wp-block-heading\"><strong>Direcci\u00f3n de devoluci\u00f3n<\/strong>:<\/h3>\n\n\n\n<ul class=\"wp-block-list\">\n<li>Env\u00eda los productos a la siguiente direcci\u00f3n:<br>PLAY S.A.<br>Dept. Posventa<br>Pol. Ind. de Caldes<br>Ronda Boada Vell, 6<br>08184 Palau-solit\u00e0 de Plegamans<br>Barcelona (Espa\u00f1a)<\/li>\n<\/ul>\n\n\n\n<h3 class=\"wp-block-heading\"><strong>Plazo de devoluci\u00f3n<\/strong>:<\/h3>\n\n\n\n<ul class=\"wp-block-list\">\n<li>El plazo para realizar una devoluci\u00f3n es de 15 d\u00edas desde la fecha de recepci\u00f3n del producto.<\/li>\n<\/ul>\n\n\n\n<h3 class=\"wp-block-heading\"><strong>Coste de la devoluci\u00f3n<\/strong>:<\/h3>\n\n\n\n<ul class=\"wp-block-list\">\n<li>La recogida a domicilio tiene un coste de 9 \u20ac. El cliente es responsable de los costes de devoluci\u00f3n, a excepci\u00f3n de productos err\u00f3neos o defectuosos. No aceptamos devoluciones enviadas a portes debidos y no reembolsamos los gastos de env\u00edo iniciales.<\/li>\n<\/ul>\n\n\n\n<h3 class=\"wp-block-heading\"><strong>Reembolso<\/strong>:<\/h3>\n\n\n\n<ul class=\"wp-block-list\">\n<li>Procesaremos el reembolso lo antes posible, utilizando el mismo m\u00e9todo de pago que usaste para realizar la compra. Si el importe es incorrecto, contacta con nosotros en informacion@play.es.<\/li>\n<\/ul>\n\n\n\n<h3 class=\"wp-block-heading\"><strong>Productos err\u00f3neos o defectuosos<\/strong>:<\/h3>\n\n\n\n<ul class=\"wp-block-list\">\n<li>Si recibes un producto err\u00f3neo o defectuoso, contacta con nosotros a trav\u00e9s del formulario de contacto dentro de los 30 d\u00edas siguientes, indicando el error o defecto junto con tus datos personales.<\/li>\n\n\n\n<li>Si hay problemas con el embalaje, notif\u00edcalo a la empresa de mensajer\u00eda al momento de la recepci\u00f3n.<\/li>\n\n\n\n<li>Examinaremos el producto y te informaremos si procede la devoluci\u00f3n o sustituci\u00f3n. Este proceso se realizar\u00e1 lo antes posible y, en cualquier caso, dentro de los 30 d\u00edas siguientes a la notificaci\u00f3n.<\/li>\n\n\n\n<li>Los productos defectuosos ser\u00e1n reembolsados \u00edntegramente, incluidos los gastos de env\u00edo y devoluci\u00f3n.<\/li>\n<\/ul>\n\n\n\n<p>Quedan a salvo los derechos reconocidos por la legislaci\u00f3n vigente.<\/p>\n","protected":false},"excerpt":{"rendered":"<p>Env\u00edos Empresas de mensajer\u00eda Trabajamos con SZENDEX para garantizar que tu pedido llegue de manera r\u00e1pida y segura. Disponibilidad de env\u00edos Puedes realizar compras en www.casualplay.com desde cualquier pa\u00eds, siempre &hellip;<\/p>\n","protected":false},"author":1,"featured_media":0,"parent":0,"menu_order":0,"comment_status":"closed","ping_status":"closed","template":"","meta":{"_acf_changed":false,"footnotes":""},"class_list":["post-581","page","type-page","status-publish","hentry"],"acf":[],"yoast_head":"<!-- This site is optimized with the Yoast SEO plugin v27.3 - https:\/\/yoast.com\/product\/yoast-seo-wordpress\/ -->\n<title>Env\u00edos y devoluciones - Casualplay<\/title>\n<meta name=\"description\" content=\"Env\u00edos y devoluciones en Casualplay: informaci\u00f3n sobre plazos, seguimiento, condiciones de devoluci\u00f3n y procesos para gestionar incidencias de manera r\u00e1pida y segura.\" \/>\n<meta name=\"robots\" content=\"index, follow, max-snippet:-1, max-image-preview:large, max-video-preview:-1\" \/>\n<link rel=\"canonical\" href=\"https:\/\/casualplay.com\/es\/envios-y-devoluciones\/\" \/>\n<meta property=\"og:locale\" content=\"es_ES\" \/>\n<meta property=\"og:type\" content=\"article\" \/>\n<meta property=\"og:title\" content=\"Env\u00edos y devoluciones - Casualplay\" \/>\n<meta property=\"og:description\" content=\"Env\u00edos y devoluciones en Casualplay: informaci\u00f3n sobre plazos, seguimiento, condiciones de devoluci\u00f3n y procesos para gestionar incidencias de manera r\u00e1pida y segura.\" \/>\n<meta property=\"og:url\" content=\"https:\/\/casualplay.com\/es\/envios-y-devoluciones\/\" \/>\n<meta property=\"og:site_name\" content=\"Casualplay\" \/>\n<meta property=\"article:modified_time\" content=\"2024-10-17T11:52:19+00:00\" \/>\n<meta name=\"twitter:card\" content=\"summary_large_image\" \/>\n<meta name=\"twitter:label1\" content=\"Tiempo de lectura\" \/>\n\t<meta name=\"twitter:data1\" content=\"3 minutos\" \/>\n<script type=\"application\/ld+json\" class=\"yoast-schema-graph\">{\"@context\":\"https:\\\/\\\/schema.org\",\"@graph\":[{\"@type\":\"WebPage\",\"@id\":\"https:\\\/\\\/casualplay.com\\\/es\\\/envios-y-devoluciones\\\/\",\"url\":\"https:\\\/\\\/casualplay.com\\\/es\\\/envios-y-devoluciones\\\/\",\"name\":\"Env\u00edos y devoluciones - Casualplay\",\"isPartOf\":{\"@id\":\"https:\\\/\\\/casualplay.com\\\/es\\\/#website\"},\"datePublished\":\"2024-08-20T09:50:42+00:00\",\"dateModified\":\"2024-10-17T11:52:19+00:00\",\"description\":\"Env\u00edos y devoluciones en Casualplay: informaci\u00f3n sobre plazos, seguimiento, condiciones de devoluci\u00f3n y procesos para gestionar incidencias de manera r\u00e1pida y segura.\",\"breadcrumb\":{\"@id\":\"https:\\\/\\\/casualplay.com\\\/es\\\/envios-y-devoluciones\\\/#breadcrumb\"},\"inLanguage\":\"es\",\"potentialAction\":[{\"@type\":\"ReadAction\",\"target\":[\"https:\\\/\\\/casualplay.com\\\/es\\\/envios-y-devoluciones\\\/\"]}]},{\"@type\":\"BreadcrumbList\",\"@id\":\"https:\\\/\\\/casualplay.com\\\/es\\\/envios-y-devoluciones\\\/#breadcrumb\",\"itemListElement\":[{\"@type\":\"ListItem\",\"position\":1,\"name\":\"Portada\",\"item\":\"https:\\\/\\\/casualplay.com\\\/es\\\/\"},{\"@type\":\"ListItem\",\"position\":2,\"name\":\"Env\u00edos y devoluciones\"}]},{\"@type\":\"WebSite\",\"@id\":\"https:\\\/\\\/casualplay.com\\\/es\\\/#website\",\"url\":\"https:\\\/\\\/casualplay.com\\\/es\\\/\",\"name\":\"Casualplay\",\"description\":\"Making Life Fun\",\"publisher\":{\"@id\":\"https:\\\/\\\/casualplay.com\\\/es\\\/#organization\"},\"potentialAction\":[{\"@type\":\"SearchAction\",\"target\":{\"@type\":\"EntryPoint\",\"urlTemplate\":\"https:\\\/\\\/casualplay.com\\\/es\\\/?s={search_term_string}\"},\"query-input\":{\"@type\":\"PropertyValueSpecification\",\"valueRequired\":true,\"valueName\":\"search_term_string\"}}],\"inLanguage\":\"es\"},{\"@type\":\"Organization\",\"@id\":\"https:\\\/\\\/casualplay.com\\\/es\\\/#organization\",\"name\":\"Casualplay\",\"url\":\"https:\\\/\\\/casualplay.com\\\/es\\\/\",\"logo\":{\"@type\":\"ImageObject\",\"inLanguage\":\"es\",\"@id\":\"https:\\\/\\\/casualplay.com\\\/es\\\/#\\\/schema\\\/logo\\\/image\\\/\",\"url\":\"https:\\\/\\\/casualplay.com\\\/wp-content\\\/uploads\\\/logo-casualplay.png\",\"contentUrl\":\"https:\\\/\\\/casualplay.com\\\/wp-content\\\/uploads\\\/logo-casualplay.png\",\"width\":410,\"height\":82,\"caption\":\"Casualplay\"},\"image\":{\"@id\":\"https:\\\/\\\/casualplay.com\\\/es\\\/#\\\/schema\\\/logo\\\/image\\\/\"}}]}<\/script>\n<!-- \/ Yoast SEO plugin. -->","yoast_head_json":{"title":"Env\u00edos y devoluciones - Casualplay","description":"Env\u00edos y devoluciones en Casualplay: informaci\u00f3n sobre plazos, seguimiento, condiciones de devoluci\u00f3n y procesos para gestionar incidencias de manera r\u00e1pida y segura.","robots":{"index":"index","follow":"follow","max-snippet":"max-snippet:-1","max-image-preview":"max-image-preview:large","max-video-preview":"max-video-preview:-1"},"canonical":"https:\/\/casualplay.com\/es\/envios-y-devoluciones\/","og_locale":"es_ES","og_type":"article","og_title":"Env\u00edos y devoluciones - Casualplay","og_description":"Env\u00edos y devoluciones en Casualplay: informaci\u00f3n sobre plazos, seguimiento, condiciones de devoluci\u00f3n y procesos para gestionar incidencias de manera r\u00e1pida y segura.","og_url":"https:\/\/casualplay.com\/es\/envios-y-devoluciones\/","og_site_name":"Casualplay","article_modified_time":"2024-10-17T11:52:19+00:00","twitter_card":"summary_large_image","twitter_misc":{"Tiempo de lectura":"3 minutos"},"schema":{"@context":"https:\/\/schema.org","@graph":[{"@type":"WebPage","@id":"https:\/\/casualplay.com\/es\/envios-y-devoluciones\/","url":"https:\/\/casualplay.com\/es\/envios-y-devoluciones\/","name":"Env\u00edos y devoluciones - Casualplay","isPartOf":{"@id":"https:\/\/casualplay.com\/es\/#website"},"datePublished":"2024-08-20T09:50:42+00:00","dateModified":"2024-10-17T11:52:19+00:00","description":"Env\u00edos y devoluciones en Casualplay: informaci\u00f3n sobre plazos, seguimiento, condiciones de devoluci\u00f3n y procesos para gestionar incidencias de manera r\u00e1pida y segura.","breadcrumb":{"@id":"https:\/\/casualplay.com\/es\/envios-y-devoluciones\/#breadcrumb"},"inLanguage":"es","potentialAction":[{"@type":"ReadAction","target":["https:\/\/casualplay.com\/es\/envios-y-devoluciones\/"]}]},{"@type":"BreadcrumbList","@id":"https:\/\/casualplay.com\/es\/envios-y-devoluciones\/#breadcrumb","itemListElement":[{"@type":"ListItem","position":1,"name":"Portada","item":"https:\/\/casualplay.com\/es\/"},{"@type":"ListItem","position":2,"name":"Env\u00edos y devoluciones"}]},{"@type":"WebSite","@id":"https:\/\/casualplay.com\/es\/#website","url":"https:\/\/casualplay.com\/es\/","name":"Casualplay","description":"Making Life Fun","publisher":{"@id":"https:\/\/casualplay.com\/es\/#organization"},"potentialAction":[{"@type":"SearchAction","target":{"@type":"EntryPoint","urlTemplate":"https:\/\/casualplay.com\/es\/?s={search_term_string}"},"query-input":{"@type":"PropertyValueSpecification","valueRequired":true,"valueName":"search_term_string"}}],"inLanguage":"es"},{"@type":"Organization","@id":"https:\/\/casualplay.com\/es\/#organization","name":"Casualplay","url":"https:\/\/casualplay.com\/es\/","logo":{"@type":"ImageObject","inLanguage":"es","@id":"https:\/\/casualplay.com\/es\/#\/schema\/logo\/image\/","url":"https:\/\/casualplay.com\/wp-content\/uploads\/logo-casualplay.png","contentUrl":"https:\/\/casualplay.com\/wp-content\/uploads\/logo-casualplay.png","width":410,"height":82,"caption":"Casualplay"},"image":{"@id":"https:\/\/casualplay.com\/es\/#\/schema\/logo\/image\/"}}]}},"_links":{"self":[{"href":"https:\/\/casualplay.com\/es\/wp-json\/wp\/v2\/pages\/581","targetHints":{"allow":["GET"]}}],"collection":[{"href":"https:\/\/casualplay.com\/es\/wp-json\/wp\/v2\/pages"}],"about":[{"href":"https:\/\/casualplay.com\/es\/wp-json\/wp\/v2\/types\/page"}],"author":[{"embeddable":true,"href":"https:\/\/casualplay.com\/es\/wp-json\/wp\/v2\/users\/1"}],"replies":[{"embeddable":true,"href":"https:\/\/casualplay.com\/es\/wp-json\/wp\/v2\/comments?post=581"}],"version-history":[{"count":1,"href":"https:\/\/casualplay.com\/es\/wp-json\/wp\/v2\/pages\/581\/revisions"}],"predecessor-version":[{"id":3627,"href":"https:\/\/casualplay.com\/es\/wp-json\/wp\/v2\/pages\/581\/revisions\/3627"}],"wp:attachment":[{"href":"https:\/\/casualplay.com\/es\/wp-json\/wp\/v2\/media?parent=581"}],"curies":[{"name":"wp","href":"https:\/\/api.w.org\/{rel}","templated":true}]}}