{"id":3933,"date":"2024-10-22T10:20:41","date_gmt":"2024-10-22T10:20:41","guid":{"rendered":"https:\/\/casualplay.com\/?page_id=3933"},"modified":"2024-10-24T08:51:57","modified_gmt":"2024-10-24T08:51:57","slug":"coleccion-munich","status":"publish","type":"page","link":"https:\/\/casualplay.com\/es\/coleccion-munich\/","title":{"rendered":"Colecci\u00f3n munich"},"content":{"rendered":"","protected":false},"excerpt":{"rendered":"","protected":false},"author":1,"featured_media":0,"parent":0,"menu_order":0,"comment_status":"closed","ping_status":"closed","template":"page-templates\/page-flexible.php","meta":{"_acf_changed":false,"footnotes":""},"class_list":["post-3933","page","type-page","status-publish","hentry"],"acf":[],"yoast_head":"<!-- This site is optimized with the Yoast SEO plugin v27.3 - https:\/\/yoast.com\/product\/yoast-seo-wordpress\/ -->\n<title>Colecci\u00f3n munich - Casualplay<\/title>\n<meta name=\"description\" content=\"Descubre la colecci\u00f3n de carritos Munich en Casualplay. Combinan dise\u00f1o moderno, comodidad y funcionalidad con el estilo \u00fanico de Munich.\" \/>\n<meta name=\"robots\" content=\"index, follow, max-snippet:-1, max-image-preview:large, max-video-preview:-1\" \/>\n<link rel=\"canonical\" href=\"https:\/\/casualplay.com\/es\/coleccion-munich\/\" \/>\n<meta property=\"og:locale\" content=\"es_ES\" \/>\n<meta property=\"og:type\" content=\"article\" \/>\n<meta property=\"og:title\" content=\"Colecci\u00f3n munich - Casualplay\" \/>\n<meta property=\"og:description\" content=\"Descubre la colecci\u00f3n de carritos Munich en Casualplay. Combinan dise\u00f1o moderno, comodidad y funcionalidad con el estilo \u00fanico de Munich.\" \/>\n<meta property=\"og:url\" content=\"https:\/\/casualplay.com\/es\/coleccion-munich\/\" \/>\n<meta property=\"og:site_name\" content=\"Casualplay\" \/>\n<meta property=\"article:modified_time\" content=\"2024-10-24T08:51:57+00:00\" \/>\n<meta name=\"twitter:card\" content=\"summary_large_image\" \/>\n<script type=\"application\/ld+json\" class=\"yoast-schema-graph\">{\"@context\":\"https:\\\/\\\/schema.org\",\"@graph\":[{\"@type\":\"WebPage\",\"@id\":\"https:\\\/\\\/casualplay.com\\\/es\\\/coleccion-munich\\\/\",\"url\":\"https:\\\/\\\/casualplay.com\\\/es\\\/coleccion-munich\\\/\",\"name\":\"Colecci\u00f3n munich - Casualplay\",\"isPartOf\":{\"@id\":\"https:\\\/\\\/casualplay.com\\\/es\\\/#website\"},\"datePublished\":\"2024-10-22T10:20:41+00:00\",\"dateModified\":\"2024-10-24T08:51:57+00:00\",\"description\":\"Descubre la colecci\u00f3n de carritos Munich en Casualplay. Combinan dise\u00f1o moderno, comodidad y funcionalidad con el estilo \u00fanico de Munich.\",\"breadcrumb\":{\"@id\":\"https:\\\/\\\/casualplay.com\\\/es\\\/coleccion-munich\\\/#breadcrumb\"},\"inLanguage\":\"es\",\"potentialAction\":[{\"@type\":\"ReadAction\",\"target\":[\"https:\\\/\\\/casualplay.com\\\/es\\\/coleccion-munich\\\/\"]}]},{\"@type\":\"BreadcrumbList\",\"@id\":\"https:\\\/\\\/casualplay.com\\\/es\\\/coleccion-munich\\\/#breadcrumb\",\"itemListElement\":[{\"@type\":\"ListItem\",\"position\":1,\"name\":\"Portada\",\"item\":\"https:\\\/\\\/casualplay.com\\\/es\\\/\"},{\"@type\":\"ListItem\",\"position\":2,\"name\":\"Colecci\u00f3n munich\"}]},{\"@type\":\"WebSite\",\"@id\":\"https:\\\/\\\/casualplay.com\\\/es\\\/#website\",\"url\":\"https:\\\/\\\/casualplay.com\\\/es\\\/\",\"name\":\"Casualplay\",\"description\":\"Making Life Fun\",\"publisher\":{\"@id\":\"https:\\\/\\\/casualplay.com\\\/es\\\/#organization\"},\"potentialAction\":[{\"@type\":\"SearchAction\",\"target\":{\"@type\":\"EntryPoint\",\"urlTemplate\":\"https:\\\/\\\/casualplay.com\\\/es\\\/?s={search_term_string}\"},\"query-input\":{\"@type\":\"PropertyValueSpecification\",\"valueRequired\":true,\"valueName\":\"search_term_string\"}}],\"inLanguage\":\"es\"},{\"@type\":\"Organization\",\"@id\":\"https:\\\/\\\/casualplay.com\\\/es\\\/#organization\",\"name\":\"Casualplay\",\"url\":\"https:\\\/\\\/casualplay.com\\\/es\\\/\",\"logo\":{\"@type\":\"ImageObject\",\"inLanguage\":\"es\",\"@id\":\"https:\\\/\\\/casualplay.com\\\/es\\\/#\\\/schema\\\/logo\\\/image\\\/\",\"url\":\"https:\\\/\\\/casualplay.com\\\/wp-content\\\/uploads\\\/logo-casualplay.png\",\"contentUrl\":\"https:\\\/\\\/casualplay.com\\\/wp-content\\\/uploads\\\/logo-casualplay.png\",\"width\":410,\"height\":82,\"caption\":\"Casualplay\"},\"image\":{\"@id\":\"https:\\\/\\\/casualplay.com\\\/es\\\/#\\\/schema\\\/logo\\\/image\\\/\"}}]}<\/script>\n<!-- \/ Yoast SEO plugin. -->","yoast_head_json":{"title":"Colecci\u00f3n munich - Casualplay","description":"Descubre la colecci\u00f3n de carritos Munich en Casualplay. Combinan dise\u00f1o moderno, comodidad y funcionalidad con el estilo \u00fanico de Munich.","robots":{"index":"index","follow":"follow","max-snippet":"max-snippet:-1","max-image-preview":"max-image-preview:large","max-video-preview":"max-video-preview:-1"},"canonical":"https:\/\/casualplay.com\/es\/coleccion-munich\/","og_locale":"es_ES","og_type":"article","og_title":"Colecci\u00f3n munich - Casualplay","og_description":"Descubre la colecci\u00f3n de carritos Munich en Casualplay. Combinan dise\u00f1o moderno, comodidad y funcionalidad con el estilo \u00fanico de Munich.","og_url":"https:\/\/casualplay.com\/es\/coleccion-munich\/","og_site_name":"Casualplay","article_modified_time":"2024-10-24T08:51:57+00:00","twitter_card":"summary_large_image","schema":{"@context":"https:\/\/schema.org","@graph":[{"@type":"WebPage","@id":"https:\/\/casualplay.com\/es\/coleccion-munich\/","url":"https:\/\/casualplay.com\/es\/coleccion-munich\/","name":"Colecci\u00f3n munich - Casualplay","isPartOf":{"@id":"https:\/\/casualplay.com\/es\/#website"},"datePublished":"2024-10-22T10:20:41+00:00","dateModified":"2024-10-24T08:51:57+00:00","description":"Descubre la colecci\u00f3n de carritos Munich en Casualplay. Combinan dise\u00f1o moderno, comodidad y funcionalidad con el estilo \u00fanico de Munich.","breadcrumb":{"@id":"https:\/\/casualplay.com\/es\/coleccion-munich\/#breadcrumb"},"inLanguage":"es","potentialAction":[{"@type":"ReadAction","target":["https:\/\/casualplay.com\/es\/coleccion-munich\/"]}]},{"@type":"BreadcrumbList","@id":"https:\/\/casualplay.com\/es\/coleccion-munich\/#breadcrumb","itemListElement":[{"@type":"ListItem","position":1,"name":"Portada","item":"https:\/\/casualplay.com\/es\/"},{"@type":"ListItem","position":2,"name":"Colecci\u00f3n munich"}]},{"@type":"WebSite","@id":"https:\/\/casualplay.com\/es\/#website","url":"https:\/\/casualplay.com\/es\/","name":"Casualplay","description":"Making Life Fun","publisher":{"@id":"https:\/\/casualplay.com\/es\/#organization"},"potentialAction":[{"@type":"SearchAction","target":{"@type":"EntryPoint","urlTemplate":"https:\/\/casualplay.com\/es\/?s={search_term_string}"},"query-input":{"@type":"PropertyValueSpecification","valueRequired":true,"valueName":"search_term_string"}}],"inLanguage":"es"},{"@type":"Organization","@id":"https:\/\/casualplay.com\/es\/#organization","name":"Casualplay","url":"https:\/\/casualplay.com\/es\/","logo":{"@type":"ImageObject","inLanguage":"es","@id":"https:\/\/casualplay.com\/es\/#\/schema\/logo\/image\/","url":"https:\/\/casualplay.com\/wp-content\/uploads\/logo-casualplay.png","contentUrl":"https:\/\/casualplay.com\/wp-content\/uploads\/logo-casualplay.png","width":410,"height":82,"caption":"Casualplay"},"image":{"@id":"https:\/\/casualplay.com\/es\/#\/schema\/logo\/image\/"}}]}},"_links":{"self":[{"href":"https:\/\/casualplay.com\/es\/wp-json\/wp\/v2\/pages\/3933","targetHints":{"allow":["GET"]}}],"collection":[{"href":"https:\/\/casualplay.com\/es\/wp-json\/wp\/v2\/pages"}],"about":[{"href":"https:\/\/casualplay.com\/es\/wp-json\/wp\/v2\/types\/page"}],"author":[{"embeddable":true,"href":"https:\/\/casualplay.com\/es\/wp-json\/wp\/v2\/users\/1"}],"replies":[{"embeddable":true,"href":"https:\/\/casualplay.com\/es\/wp-json\/wp\/v2\/comments?post=3933"}],"version-history":[{"count":21,"href":"https:\/\/casualplay.com\/es\/wp-json\/wp\/v2\/pages\/3933\/revisions"}],"predecessor-version":[{"id":4054,"href":"https:\/\/casualplay.com\/es\/wp-json\/wp\/v2\/pages\/3933\/revisions\/4054"}],"wp:attachment":[{"href":"https:\/\/casualplay.com\/es\/wp-json\/wp\/v2\/media?parent=3933"}],"curies":[{"name":"wp","href":"https:\/\/api.w.org\/{rel}","templated":true}]}}